{"id":1818,"date":"2025-03-19T15:03:18","date_gmt":"2025-03-19T13:03:18","guid":{"rendered":"https:\/\/mighti.me\/?page_id=1818"},"modified":"2026-04-05T12:43:02","modified_gmt":"2026-04-05T09:43:02","slug":"tarne","status":"publish","type":"page","link":"https:\/\/mighti.me\/et\/tarne\/","title":{"rendered":"Tarne"},"content":{"rendered":"\n<p>Kui tellimus on esitatud t\u00f6\u00f6p\u00e4eval enne kella 12.00 (EET), v\u00e4ljastatakse see laost hiljemalt j\u00e4rgmisel t\u00f6\u00f6p\u00e4eval.<\/p>\n\n\n\n<p>Kui tellimus on esitatud p\u00e4rast kella 12.00 (EET), v\u00e4ljastatakse see laost hiljemalt \u00fclej\u00e4rgmisel t\u00f6\u00f6p\u00e4eval.&nbsp;<\/p>\n\n\n\n<p>Lao t\u00f6\u00f6aeg on t\u00f6\u00f6p\u00e4eviti 8.00-16.00 (EET). N\u00e4dalavahetustel tellimuste laost v\u00e4ljastamist ei toimu.&nbsp;<\/p>\n\n\n\n<p>Tellimuse saab k\u00e4tte pakiautomaadist v\u00f5i kulleriga. Kauba saatmise kulud kannab ostja ning vastav hinnainfo on kuvatud saatmisviisi juures. Kulleriga saatmine ei kuulu tasuta saatmise soodustuse alla. <\/p>\n\n\n\n<p>Eestisisesed saadetised j\u00f5uavad \u00fcldjuhul ostja m\u00e4\u00e4ratud sihtpunkti 2-4 t\u00f6\u00f6p\u00e4eva jooksul alates tellimuse tegemisest.&nbsp;<\/p>\n\n\n\n<p>Saadame kaupu \u00fcle kogu maailma.<\/p>\n\n\n\n<p>V\u00e4ljaspool Eestit toimetame tellimusi kohale 5\u201330 kalendrip\u00e4eva jooksul, olenevalt tarneviisi valikust, sihtriigist ja kohaliku postiteenuse kiirusest. Erandlikel juhtumitel on \u00f5igus kaup kohale toimetada kuni 45 kalendrip\u00e4eva jooksul.<\/p>\n\n\n\n<p>Tolli- ja ja impordimaksud \u2013 Kui tellid kauba v\u00e4ljapoole Euroopa Liitu, v\u00f5ib sihtriik kehtestada tollimakse, impordimakse v\u00f5i muid lisatasusid. Need kulud ei ole arvestatud tellimuse l\u00f5pphinda ning nende tasumine on ostja kohustus. Soovitame enne tellimist tutvuda oma riigi tollieeskirjadega, et v\u00e4ltida v\u00f5imalikke \u00fcllatusi.<\/p>\n","protected":false},"excerpt":{"rendered":"<p>Kui tellimus on esitatud t\u00f6\u00f6p\u00e4eval enne kella 12.00 (EET), v\u00e4ljastatakse see laost hiljemalt j\u00e4rgmisel t\u00f6\u00f6p\u00e4eval. Kui tellimus on esitatud p\u00e4rast kella 12.00 (EET), v\u00e4ljastatakse see laost hiljemalt \u00fclej\u00e4rgmisel t\u00f6\u00f6p\u00e4eval.&nbsp; Lao&#8230;<\/p>\n","protected":false},"author":1,"featured_media":0,"parent":0,"menu_order":0,"comment_status":"closed","ping_status":"closed","template":"templates\/normal-page.php","meta":{"_acf_changed":false,"footnotes":""},"class_list":["post-1818","page","type-page","status-publish","hentry"],"acf":[],"yoast_head":"<!-- This site is optimized with the Yoast SEO plugin v27.5 - https:\/\/yoast.com\/product\/yoast-seo-wordpress\/ -->\n<title>Tarne - Mighti<\/title>\n<meta name=\"robots\" content=\"index, follow, max-snippet:-1, max-image-preview:large, max-video-preview:-1\" \/>\n<link rel=\"canonical\" href=\"https:\/\/mighti.me\/et\/tarne\/\" \/>\n<meta property=\"og:locale\" content=\"et_EE\" \/>\n<meta property=\"og:type\" content=\"article\" \/>\n<meta property=\"og:title\" content=\"Tarne - Mighti\" \/>\n<meta property=\"og:description\" content=\"Kui tellimus on esitatud t\u00f6\u00f6p\u00e4eval enne kella 12.00 (EET), v\u00e4ljastatakse see laost hiljemalt j\u00e4rgmisel t\u00f6\u00f6p\u00e4eval. Kui tellimus on esitatud p\u00e4rast kella 12.00 (EET), v\u00e4ljastatakse see laost hiljemalt \u00fclej\u00e4rgmisel t\u00f6\u00f6p\u00e4eval.&nbsp; Lao...\" \/>\n<meta property=\"og:url\" content=\"https:\/\/mighti.me\/et\/tarne\/\" \/>\n<meta property=\"og:site_name\" content=\"Mighti\" \/>\n<meta property=\"article:modified_time\" content=\"2026-04-05T09:43:02+00:00\" \/>\n<meta name=\"twitter:card\" content=\"summary_large_image\" \/>\n<meta name=\"twitter:label1\" content=\"Est. reading time\" \/>\n\t<meta name=\"twitter:data1\" content=\"1 minut\" \/>\n<script type=\"application\/ld+json\" class=\"yoast-schema-graph\">{\"@context\":\"https:\\\/\\\/schema.org\",\"@graph\":[{\"@type\":\"WebPage\",\"@id\":\"https:\\\/\\\/mighti.me\\\/et\\\/tarne\\\/\",\"url\":\"https:\\\/\\\/mighti.me\\\/et\\\/tarne\\\/\",\"name\":\"Tarne - Mighti\",\"isPartOf\":{\"@id\":\"https:\\\/\\\/mighti.me\\\/et\\\/#website\"},\"datePublished\":\"2025-03-19T13:03:18+00:00\",\"dateModified\":\"2026-04-05T09:43:02+00:00\",\"breadcrumb\":{\"@id\":\"https:\\\/\\\/mighti.me\\\/et\\\/tarne\\\/#breadcrumb\"},\"inLanguage\":\"et\",\"potentialAction\":[{\"@type\":\"ReadAction\",\"target\":[\"https:\\\/\\\/mighti.me\\\/et\\\/tarne\\\/\"]}]},{\"@type\":\"BreadcrumbList\",\"@id\":\"https:\\\/\\\/mighti.me\\\/et\\\/tarne\\\/#breadcrumb\",\"itemListElement\":[{\"@type\":\"ListItem\",\"position\":1,\"name\":\"Home\",\"item\":\"https:\\\/\\\/mighti.me\\\/et\\\/\"},{\"@type\":\"ListItem\",\"position\":2,\"name\":\"Tarne\"}]},{\"@type\":\"WebSite\",\"@id\":\"https:\\\/\\\/mighti.me\\\/et\\\/#website\",\"url\":\"https:\\\/\\\/mighti.me\\\/et\\\/\",\"name\":\"Mighti\",\"description\":\"\",\"publisher\":{\"@id\":\"https:\\\/\\\/mighti.me\\\/et\\\/#organization\"},\"potentialAction\":[{\"@type\":\"SearchAction\",\"target\":{\"@type\":\"EntryPoint\",\"urlTemplate\":\"https:\\\/\\\/mighti.me\\\/et\\\/?s={search_term_string}\"},\"query-input\":{\"@type\":\"PropertyValueSpecification\",\"valueRequired\":true,\"valueName\":\"search_term_string\"}}],\"inLanguage\":\"et\"},{\"@type\":\"Organization\",\"@id\":\"https:\\\/\\\/mighti.me\\\/et\\\/#organization\",\"name\":\"Mighti\",\"url\":\"https:\\\/\\\/mighti.me\\\/et\\\/\",\"logo\":{\"@type\":\"ImageObject\",\"inLanguage\":\"et\",\"@id\":\"https:\\\/\\\/mighti.me\\\/et\\\/#\\\/schema\\\/logo\\\/image\\\/\",\"url\":\"https:\\\/\\\/mighti.me\\\/wp-content\\\/uploads\\\/2025\\\/01\\\/Group-1.svg\",\"contentUrl\":\"https:\\\/\\\/mighti.me\\\/wp-content\\\/uploads\\\/2025\\\/01\\\/Group-1.svg\",\"caption\":\"Mighti\"},\"image\":{\"@id\":\"https:\\\/\\\/mighti.me\\\/et\\\/#\\\/schema\\\/logo\\\/image\\\/\"}}]}<\/script>\n<!-- \/ Yoast SEO plugin. -->","yoast_head_json":{"title":"Tarne - Mighti","robots":{"index":"index","follow":"follow","max-snippet":"max-snippet:-1","max-image-preview":"max-image-preview:large","max-video-preview":"max-video-preview:-1"},"canonical":"https:\/\/mighti.me\/et\/tarne\/","og_locale":"et_EE","og_type":"article","og_title":"Tarne - Mighti","og_description":"Kui tellimus on esitatud t\u00f6\u00f6p\u00e4eval enne kella 12.00 (EET), v\u00e4ljastatakse see laost hiljemalt j\u00e4rgmisel t\u00f6\u00f6p\u00e4eval. Kui tellimus on esitatud p\u00e4rast kella 12.00 (EET), v\u00e4ljastatakse see laost hiljemalt \u00fclej\u00e4rgmisel t\u00f6\u00f6p\u00e4eval.&nbsp; Lao...","og_url":"https:\/\/mighti.me\/et\/tarne\/","og_site_name":"Mighti","article_modified_time":"2026-04-05T09:43:02+00:00","twitter_card":"summary_large_image","twitter_misc":{"Est. reading time":"1 minut"},"schema":{"@context":"https:\/\/schema.org","@graph":[{"@type":"WebPage","@id":"https:\/\/mighti.me\/et\/tarne\/","url":"https:\/\/mighti.me\/et\/tarne\/","name":"Tarne - Mighti","isPartOf":{"@id":"https:\/\/mighti.me\/et\/#website"},"datePublished":"2025-03-19T13:03:18+00:00","dateModified":"2026-04-05T09:43:02+00:00","breadcrumb":{"@id":"https:\/\/mighti.me\/et\/tarne\/#breadcrumb"},"inLanguage":"et","potentialAction":[{"@type":"ReadAction","target":["https:\/\/mighti.me\/et\/tarne\/"]}]},{"@type":"BreadcrumbList","@id":"https:\/\/mighti.me\/et\/tarne\/#breadcrumb","itemListElement":[{"@type":"ListItem","position":1,"name":"Home","item":"https:\/\/mighti.me\/et\/"},{"@type":"ListItem","position":2,"name":"Tarne"}]},{"@type":"WebSite","@id":"https:\/\/mighti.me\/et\/#website","url":"https:\/\/mighti.me\/et\/","name":"Mighti","description":"","publisher":{"@id":"https:\/\/mighti.me\/et\/#organization"},"potentialAction":[{"@type":"SearchAction","target":{"@type":"EntryPoint","urlTemplate":"https:\/\/mighti.me\/et\/?s={search_term_string}"},"query-input":{"@type":"PropertyValueSpecification","valueRequired":true,"valueName":"search_term_string"}}],"inLanguage":"et"},{"@type":"Organization","@id":"https:\/\/mighti.me\/et\/#organization","name":"Mighti","url":"https:\/\/mighti.me\/et\/","logo":{"@type":"ImageObject","inLanguage":"et","@id":"https:\/\/mighti.me\/et\/#\/schema\/logo\/image\/","url":"https:\/\/mighti.me\/wp-content\/uploads\/2025\/01\/Group-1.svg","contentUrl":"https:\/\/mighti.me\/wp-content\/uploads\/2025\/01\/Group-1.svg","caption":"Mighti"},"image":{"@id":"https:\/\/mighti.me\/et\/#\/schema\/logo\/image\/"}}]}},"jetpack_sharing_enabled":true,"_links":{"self":[{"href":"https:\/\/mighti.me\/et\/wp-json\/wp\/v2\/pages\/1818","targetHints":{"allow":["GET"]}}],"collection":[{"href":"https:\/\/mighti.me\/et\/wp-json\/wp\/v2\/pages"}],"about":[{"href":"https:\/\/mighti.me\/et\/wp-json\/wp\/v2\/types\/page"}],"author":[{"embeddable":true,"href":"https:\/\/mighti.me\/et\/wp-json\/wp\/v2\/users\/1"}],"replies":[{"embeddable":true,"href":"https:\/\/mighti.me\/et\/wp-json\/wp\/v2\/comments?post=1818"}],"version-history":[{"count":0,"href":"https:\/\/mighti.me\/et\/wp-json\/wp\/v2\/pages\/1818\/revisions"}],"wp:attachment":[{"href":"https:\/\/mighti.me\/et\/wp-json\/wp\/v2\/media?parent=1818"}],"curies":[{"name":"wp","href":"https:\/\/api.w.org\/{rel}","templated":true}]}}