{"id":2054,"date":"2025-03-19T15:02:50","date_gmt":"2025-03-19T13:02:50","guid":{"rendered":"https:\/\/mighti.me\/?page_id=2054"},"modified":"2026-04-06T13:41:32","modified_gmt":"2026-04-06T10:41:32","slug":"raha-tagasi-garantii","status":"publish","type":"page","link":"https:\/\/mighti.me\/et\/raha-tagasi-garantii\/","title":{"rendered":"Garantii"},"content":{"rendered":"\n<p>Meie eesm\u00e4rk on pakkuda sulle ainult parima kvaliteediga funktsionaalseid seene-ekstrakte. Kui aga mingil p\u00f5hjusel ei vasta toode sinu ootustele, \u00e4ra muretse \u2013 oleme siin, et aidata!<\/p>\n\n\n\n<h2 class=\"wp-block-heading\">Tagastamispoliitika:<\/h2>\n\n\n\n<ol class=\"wp-block-list\">\n<li>Kui oled esmaklient ning ei ole oma proovitud tootega rahul, kirjuta meile 90 p\u00e4eva jooksul aadressil <a href=\"mailto:info@mighti.me\">info@mighti.me<\/a>.<\/li>\n\n\n\n<li>Raha tagasi garantii kehtib Mighti esmaklientidele kuni 100 eurose ostusumma ulatuses. <\/li>\n\n\n\n<li>T\u00f6\u00f6tleme sinu tagasimakse taotluse 7 kalendrip\u00e4eva jooksul.<\/li>\n\n\n\n<li>Saatmiskulu ei kuulu tagastamisele. <\/li>\n<\/ol>\n","protected":false},"excerpt":{"rendered":"<p>Meie eesm\u00e4rk on pakkuda sulle ainult parima kvaliteediga funktsionaalseid seene-ekstrakte. Kui aga mingil p\u00f5hjusel ei vasta toode sinu ootustele, \u00e4ra muretse \u2013 oleme siin, et aidata! Tagastamispoliitika:<\/p>\n","protected":false},"author":1,"featured_media":0,"parent":0,"menu_order":0,"comment_status":"closed","ping_status":"closed","template":"templates\/normal-page.php","meta":{"_acf_changed":false,"footnotes":""},"class_list":["post-2054","page","type-page","status-publish","hentry"],"acf":[],"yoast_head":"<!-- This site is optimized with the Yoast SEO plugin v27.5 - https:\/\/yoast.com\/product\/yoast-seo-wordpress\/ -->\n<title>Garantii - Mighti<\/title>\n<meta name=\"robots\" content=\"index, follow, max-snippet:-1, max-image-preview:large, max-video-preview:-1\" \/>\n<link rel=\"canonical\" href=\"https:\/\/mighti.me\/et\/raha-tagasi-garantii\/\" \/>\n<meta property=\"og:locale\" content=\"et_EE\" \/>\n<meta property=\"og:type\" content=\"article\" \/>\n<meta property=\"og:title\" content=\"Garantii - Mighti\" \/>\n<meta property=\"og:description\" content=\"Meie eesm\u00e4rk on pakkuda sulle ainult parima kvaliteediga funktsionaalseid seene-ekstrakte. Kui aga mingil p\u00f5hjusel ei vasta toode sinu ootustele, \u00e4ra muretse \u2013 oleme siin, et aidata! Tagastamispoliitika:\" \/>\n<meta property=\"og:url\" content=\"https:\/\/mighti.me\/et\/raha-tagasi-garantii\/\" \/>\n<meta property=\"og:site_name\" content=\"Mighti\" \/>\n<meta property=\"article:modified_time\" content=\"2026-04-06T10:41:32+00:00\" \/>\n<meta name=\"twitter:card\" content=\"summary_large_image\" \/>\n<meta name=\"twitter:label1\" content=\"Est. reading time\" \/>\n\t<meta name=\"twitter:data1\" content=\"1 minut\" \/>\n<script type=\"application\/ld+json\" class=\"yoast-schema-graph\">{\"@context\":\"https:\\\/\\\/schema.org\",\"@graph\":[{\"@type\":\"WebPage\",\"@id\":\"https:\\\/\\\/mighti.me\\\/et\\\/raha-tagasi-garantii\\\/\",\"url\":\"https:\\\/\\\/mighti.me\\\/et\\\/raha-tagasi-garantii\\\/\",\"name\":\"Garantii - Mighti\",\"isPartOf\":{\"@id\":\"https:\\\/\\\/mighti.me\\\/et\\\/#website\"},\"datePublished\":\"2025-03-19T13:02:50+00:00\",\"dateModified\":\"2026-04-06T10:41:32+00:00\",\"breadcrumb\":{\"@id\":\"https:\\\/\\\/mighti.me\\\/et\\\/raha-tagasi-garantii\\\/#breadcrumb\"},\"inLanguage\":\"et\",\"potentialAction\":[{\"@type\":\"ReadAction\",\"target\":[\"https:\\\/\\\/mighti.me\\\/et\\\/raha-tagasi-garantii\\\/\"]}]},{\"@type\":\"BreadcrumbList\",\"@id\":\"https:\\\/\\\/mighti.me\\\/et\\\/raha-tagasi-garantii\\\/#breadcrumb\",\"itemListElement\":[{\"@type\":\"ListItem\",\"position\":1,\"name\":\"Home\",\"item\":\"https:\\\/\\\/mighti.me\\\/et\\\/\"},{\"@type\":\"ListItem\",\"position\":2,\"name\":\"Garantii\"}]},{\"@type\":\"WebSite\",\"@id\":\"https:\\\/\\\/mighti.me\\\/et\\\/#website\",\"url\":\"https:\\\/\\\/mighti.me\\\/et\\\/\",\"name\":\"Mighti\",\"description\":\"\",\"publisher\":{\"@id\":\"https:\\\/\\\/mighti.me\\\/et\\\/#organization\"},\"potentialAction\":[{\"@type\":\"SearchAction\",\"target\":{\"@type\":\"EntryPoint\",\"urlTemplate\":\"https:\\\/\\\/mighti.me\\\/et\\\/?s={search_term_string}\"},\"query-input\":{\"@type\":\"PropertyValueSpecification\",\"valueRequired\":true,\"valueName\":\"search_term_string\"}}],\"inLanguage\":\"et\"},{\"@type\":\"Organization\",\"@id\":\"https:\\\/\\\/mighti.me\\\/et\\\/#organization\",\"name\":\"Mighti\",\"url\":\"https:\\\/\\\/mighti.me\\\/et\\\/\",\"logo\":{\"@type\":\"ImageObject\",\"inLanguage\":\"et\",\"@id\":\"https:\\\/\\\/mighti.me\\\/et\\\/#\\\/schema\\\/logo\\\/image\\\/\",\"url\":\"https:\\\/\\\/mighti.me\\\/wp-content\\\/uploads\\\/2025\\\/01\\\/Group-1.svg\",\"contentUrl\":\"https:\\\/\\\/mighti.me\\\/wp-content\\\/uploads\\\/2025\\\/01\\\/Group-1.svg\",\"caption\":\"Mighti\"},\"image\":{\"@id\":\"https:\\\/\\\/mighti.me\\\/et\\\/#\\\/schema\\\/logo\\\/image\\\/\"}}]}<\/script>\n<!-- \/ Yoast SEO plugin. -->","yoast_head_json":{"title":"Garantii - Mighti","robots":{"index":"index","follow":"follow","max-snippet":"max-snippet:-1","max-image-preview":"max-image-preview:large","max-video-preview":"max-video-preview:-1"},"canonical":"https:\/\/mighti.me\/et\/raha-tagasi-garantii\/","og_locale":"et_EE","og_type":"article","og_title":"Garantii - Mighti","og_description":"Meie eesm\u00e4rk on pakkuda sulle ainult parima kvaliteediga funktsionaalseid seene-ekstrakte. Kui aga mingil p\u00f5hjusel ei vasta toode sinu ootustele, \u00e4ra muretse \u2013 oleme siin, et aidata! Tagastamispoliitika:","og_url":"https:\/\/mighti.me\/et\/raha-tagasi-garantii\/","og_site_name":"Mighti","article_modified_time":"2026-04-06T10:41:32+00:00","twitter_card":"summary_large_image","twitter_misc":{"Est. reading time":"1 minut"},"schema":{"@context":"https:\/\/schema.org","@graph":[{"@type":"WebPage","@id":"https:\/\/mighti.me\/et\/raha-tagasi-garantii\/","url":"https:\/\/mighti.me\/et\/raha-tagasi-garantii\/","name":"Garantii - Mighti","isPartOf":{"@id":"https:\/\/mighti.me\/et\/#website"},"datePublished":"2025-03-19T13:02:50+00:00","dateModified":"2026-04-06T10:41:32+00:00","breadcrumb":{"@id":"https:\/\/mighti.me\/et\/raha-tagasi-garantii\/#breadcrumb"},"inLanguage":"et","potentialAction":[{"@type":"ReadAction","target":["https:\/\/mighti.me\/et\/raha-tagasi-garantii\/"]}]},{"@type":"BreadcrumbList","@id":"https:\/\/mighti.me\/et\/raha-tagasi-garantii\/#breadcrumb","itemListElement":[{"@type":"ListItem","position":1,"name":"Home","item":"https:\/\/mighti.me\/et\/"},{"@type":"ListItem","position":2,"name":"Garantii"}]},{"@type":"WebSite","@id":"https:\/\/mighti.me\/et\/#website","url":"https:\/\/mighti.me\/et\/","name":"Mighti","description":"","publisher":{"@id":"https:\/\/mighti.me\/et\/#organization"},"potentialAction":[{"@type":"SearchAction","target":{"@type":"EntryPoint","urlTemplate":"https:\/\/mighti.me\/et\/?s={search_term_string}"},"query-input":{"@type":"PropertyValueSpecification","valueRequired":true,"valueName":"search_term_string"}}],"inLanguage":"et"},{"@type":"Organization","@id":"https:\/\/mighti.me\/et\/#organization","name":"Mighti","url":"https:\/\/mighti.me\/et\/","logo":{"@type":"ImageObject","inLanguage":"et","@id":"https:\/\/mighti.me\/et\/#\/schema\/logo\/image\/","url":"https:\/\/mighti.me\/wp-content\/uploads\/2025\/01\/Group-1.svg","contentUrl":"https:\/\/mighti.me\/wp-content\/uploads\/2025\/01\/Group-1.svg","caption":"Mighti"},"image":{"@id":"https:\/\/mighti.me\/et\/#\/schema\/logo\/image\/"}}]}},"jetpack_sharing_enabled":true,"_links":{"self":[{"href":"https:\/\/mighti.me\/et\/wp-json\/wp\/v2\/pages\/2054","targetHints":{"allow":["GET"]}}],"collection":[{"href":"https:\/\/mighti.me\/et\/wp-json\/wp\/v2\/pages"}],"about":[{"href":"https:\/\/mighti.me\/et\/wp-json\/wp\/v2\/types\/page"}],"author":[{"embeddable":true,"href":"https:\/\/mighti.me\/et\/wp-json\/wp\/v2\/users\/1"}],"replies":[{"embeddable":true,"href":"https:\/\/mighti.me\/et\/wp-json\/wp\/v2\/comments?post=2054"}],"version-history":[{"count":0,"href":"https:\/\/mighti.me\/et\/wp-json\/wp\/v2\/pages\/2054\/revisions"}],"wp:attachment":[{"href":"https:\/\/mighti.me\/et\/wp-json\/wp\/v2\/media?parent=2054"}],"curies":[{"name":"wp","href":"https:\/\/api.w.org\/{rel}","templated":true}]}}