{"id":2294,"date":"2024-12-16T11:50:36","date_gmt":"2024-12-16T09:50:36","guid":{"rendered":"https:\/\/mighti.me\/avaleht\/"},"modified":"2025-05-14T10:42:10","modified_gmt":"2025-05-14T07:42:10","slug":"avaleht","status":"publish","type":"page","link":"https:\/\/mighti.me\/et\/","title":{"rendered":"Avaleht"},"content":{"rendered":"","protected":false},"excerpt":{"rendered":"","protected":false},"author":1,"featured_media":0,"parent":0,"menu_order":0,"comment_status":"closed","ping_status":"closed","template":"templates\/homepage.php","meta":{"_acf_changed":false,"footnotes":""},"class_list":["post-2294","page","type-page","status-publish","hentry"],"acf":[],"yoast_head":"<!-- This site is optimized with the Yoast SEO plugin v27.5 - https:\/\/yoast.com\/product\/yoast-seo-wordpress\/ -->\n<title>Mighti \u2013 maailma k\u00f5ige v\u00f5imsamad seeneekstraktid<\/title>\n<meta name=\"description\" content=\"L\u00f5vilakk, korditseps, reishi, chaga. T\u00e4pselt see, mida pealkiri \u00fctleb \u2013 maailma k\u00f5ige tugevamad seeneekstraktid!\" \/>\n<meta name=\"robots\" content=\"index, follow, max-snippet:-1, max-image-preview:large, max-video-preview:-1\" \/>\n<link rel=\"canonical\" href=\"https:\/\/mighti.me\/et\/\" \/>\n<meta property=\"og:locale\" content=\"et_EE\" \/>\n<meta property=\"og:type\" content=\"article\" \/>\n<meta property=\"og:title\" content=\"Mighti \u2013 maailma k\u00f5ige v\u00f5imsamad seeneekstraktid\" \/>\n<meta property=\"og:description\" content=\"Lions Mane, Cordyceps, Reishi, Chaga. T\u00e4pselt see, mida pealkiri \u00fctleb \u2013 maailma v\u00f5imsaimad seeneekstraktid! Juhtivate laborite poolt testitud kolmas osapool. Loodud aktiivsete, elur\u00f5\u00f5msate inimeste poolt nagu sina! Meile meeldib igap\u00e4evane lisaenergia annus! Kas teie? K\u00f5ikidel toodetel on 90-p\u00e4evane raha tagasi garantii.\ud83d\udd25\ud83c\udf44\" \/>\n<meta property=\"og:url\" content=\"https:\/\/mighti.me\/et\/\" \/>\n<meta property=\"og:site_name\" content=\"Mighti\" \/>\n<meta property=\"article:modified_time\" content=\"2025-05-14T07:42:10+00:00\" \/>\n<meta property=\"og:image\" content=\"https:\/\/mighti.me\/wp-content\/uploads\/2025\/01\/cropped-Vector-300x300.png\" \/>\n<meta name=\"twitter:card\" content=\"summary_large_image\" \/>\n<script type=\"application\/ld+json\" class=\"yoast-schema-graph\">{\"@context\":\"https:\\\/\\\/schema.org\",\"@graph\":[{\"@type\":\"WebPage\",\"@id\":\"https:\\\/\\\/mighti.me\\\/et\\\/\",\"url\":\"https:\\\/\\\/mighti.me\\\/et\\\/\",\"name\":\"Mighti \u2013 maailma k\u00f5ige v\u00f5imsamad seeneekstraktid\",\"isPartOf\":{\"@id\":\"https:\\\/\\\/mighti.me\\\/et\\\/#website\"},\"datePublished\":\"2024-12-16T09:50:36+00:00\",\"dateModified\":\"2025-05-14T07:42:10+00:00\",\"description\":\"L\u00f5vilakk, korditseps, reishi, chaga. T\u00e4pselt see, mida pealkiri \u00fctleb \u2013 maailma k\u00f5ige tugevamad seeneekstraktid!\",\"breadcrumb\":{\"@id\":\"https:\\\/\\\/mighti.me\\\/et\\\/#breadcrumb\"},\"inLanguage\":\"et\",\"potentialAction\":[{\"@type\":\"ReadAction\",\"target\":[\"https:\\\/\\\/mighti.me\\\/et\\\/\"]}]},{\"@type\":\"BreadcrumbList\",\"@id\":\"https:\\\/\\\/mighti.me\\\/et\\\/#breadcrumb\",\"itemListElement\":[{\"@type\":\"ListItem\",\"position\":1,\"name\":\"Home\",\"item\":\"https:\\\/\\\/mighti.me\\\/et\\\/\"},{\"@type\":\"ListItem\",\"position\":2,\"name\":\"Avaleht\"}]},{\"@type\":\"WebSite\",\"@id\":\"https:\\\/\\\/mighti.me\\\/et\\\/#website\",\"url\":\"https:\\\/\\\/mighti.me\\\/et\\\/\",\"name\":\"Mighti\",\"description\":\"\",\"publisher\":{\"@id\":\"https:\\\/\\\/mighti.me\\\/et\\\/#organization\"},\"potentialAction\":[{\"@type\":\"SearchAction\",\"target\":{\"@type\":\"EntryPoint\",\"urlTemplate\":\"https:\\\/\\\/mighti.me\\\/et\\\/?s={search_term_string}\"},\"query-input\":{\"@type\":\"PropertyValueSpecification\",\"valueRequired\":true,\"valueName\":\"search_term_string\"}}],\"inLanguage\":\"et\"},{\"@type\":\"Organization\",\"@id\":\"https:\\\/\\\/mighti.me\\\/et\\\/#organization\",\"name\":\"Mighti\",\"url\":\"https:\\\/\\\/mighti.me\\\/et\\\/\",\"logo\":{\"@type\":\"ImageObject\",\"inLanguage\":\"et\",\"@id\":\"https:\\\/\\\/mighti.me\\\/et\\\/#\\\/schema\\\/logo\\\/image\\\/\",\"url\":\"https:\\\/\\\/mighti.me\\\/wp-content\\\/uploads\\\/2025\\\/01\\\/Group-1.svg\",\"contentUrl\":\"https:\\\/\\\/mighti.me\\\/wp-content\\\/uploads\\\/2025\\\/01\\\/Group-1.svg\",\"caption\":\"Mighti\"},\"image\":{\"@id\":\"https:\\\/\\\/mighti.me\\\/et\\\/#\\\/schema\\\/logo\\\/image\\\/\"}}]}<\/script>\n<!-- \/ Yoast SEO plugin. -->","yoast_head_json":{"title":"Mighti \u2013 maailma k\u00f5ige v\u00f5imsamad seeneekstraktid","description":"L\u00f5vilakk, korditseps, reishi, chaga. T\u00e4pselt see, mida pealkiri \u00fctleb \u2013 maailma k\u00f5ige tugevamad seeneekstraktid!","robots":{"index":"index","follow":"follow","max-snippet":"max-snippet:-1","max-image-preview":"max-image-preview:large","max-video-preview":"max-video-preview:-1"},"canonical":"https:\/\/mighti.me\/et\/","og_locale":"et_EE","og_type":"article","og_title":"Mighti \u2013 maailma k\u00f5ige v\u00f5imsamad seeneekstraktid","og_description":"Lions Mane, Cordyceps, Reishi, Chaga. T\u00e4pselt see, mida pealkiri \u00fctleb \u2013 maailma v\u00f5imsaimad seeneekstraktid! Juhtivate laborite poolt testitud kolmas osapool. Loodud aktiivsete, elur\u00f5\u00f5msate inimeste poolt nagu sina! Meile meeldib igap\u00e4evane lisaenergia annus! Kas teie? K\u00f5ikidel toodetel on 90-p\u00e4evane raha tagasi garantii.\ud83d\udd25\ud83c\udf44","og_url":"https:\/\/mighti.me\/et\/","og_site_name":"Mighti","article_modified_time":"2025-05-14T07:42:10+00:00","og_image":[{"url":"https:\/\/mighti.me\/wp-content\/uploads\/2025\/01\/cropped-Vector-300x300.png","type":"","width":"","height":""}],"twitter_card":"summary_large_image","schema":{"@context":"https:\/\/schema.org","@graph":[{"@type":"WebPage","@id":"https:\/\/mighti.me\/et\/","url":"https:\/\/mighti.me\/et\/","name":"Mighti \u2013 maailma k\u00f5ige v\u00f5imsamad seeneekstraktid","isPartOf":{"@id":"https:\/\/mighti.me\/et\/#website"},"datePublished":"2024-12-16T09:50:36+00:00","dateModified":"2025-05-14T07:42:10+00:00","description":"L\u00f5vilakk, korditseps, reishi, chaga. T\u00e4pselt see, mida pealkiri \u00fctleb \u2013 maailma k\u00f5ige tugevamad seeneekstraktid!","breadcrumb":{"@id":"https:\/\/mighti.me\/et\/#breadcrumb"},"inLanguage":"et","potentialAction":[{"@type":"ReadAction","target":["https:\/\/mighti.me\/et\/"]}]},{"@type":"BreadcrumbList","@id":"https:\/\/mighti.me\/et\/#breadcrumb","itemListElement":[{"@type":"ListItem","position":1,"name":"Home","item":"https:\/\/mighti.me\/et\/"},{"@type":"ListItem","position":2,"name":"Avaleht"}]},{"@type":"WebSite","@id":"https:\/\/mighti.me\/et\/#website","url":"https:\/\/mighti.me\/et\/","name":"Mighti","description":"","publisher":{"@id":"https:\/\/mighti.me\/et\/#organization"},"potentialAction":[{"@type":"SearchAction","target":{"@type":"EntryPoint","urlTemplate":"https:\/\/mighti.me\/et\/?s={search_term_string}"},"query-input":{"@type":"PropertyValueSpecification","valueRequired":true,"valueName":"search_term_string"}}],"inLanguage":"et"},{"@type":"Organization","@id":"https:\/\/mighti.me\/et\/#organization","name":"Mighti","url":"https:\/\/mighti.me\/et\/","logo":{"@type":"ImageObject","inLanguage":"et","@id":"https:\/\/mighti.me\/et\/#\/schema\/logo\/image\/","url":"https:\/\/mighti.me\/wp-content\/uploads\/2025\/01\/Group-1.svg","contentUrl":"https:\/\/mighti.me\/wp-content\/uploads\/2025\/01\/Group-1.svg","caption":"Mighti"},"image":{"@id":"https:\/\/mighti.me\/et\/#\/schema\/logo\/image\/"}}]}},"jetpack_sharing_enabled":true,"_links":{"self":[{"href":"https:\/\/mighti.me\/et\/wp-json\/wp\/v2\/pages\/2294","targetHints":{"allow":["GET"]}}],"collection":[{"href":"https:\/\/mighti.me\/et\/wp-json\/wp\/v2\/pages"}],"about":[{"href":"https:\/\/mighti.me\/et\/wp-json\/wp\/v2\/types\/page"}],"author":[{"embeddable":true,"href":"https:\/\/mighti.me\/et\/wp-json\/wp\/v2\/users\/1"}],"replies":[{"embeddable":true,"href":"https:\/\/mighti.me\/et\/wp-json\/wp\/v2\/comments?post=2294"}],"version-history":[{"count":0,"href":"https:\/\/mighti.me\/et\/wp-json\/wp\/v2\/pages\/2294\/revisions"}],"wp:attachment":[{"href":"https:\/\/mighti.me\/et\/wp-json\/wp\/v2\/media?parent=2294"}],"curies":[{"name":"wp","href":"https:\/\/api.w.org\/{rel}","templated":true}]}}