{"id":10938,"date":"2025-08-25T17:54:02","date_gmt":"2025-08-25T14:54:02","guid":{"rendered":"https:\/\/mighti.me\/?post_type=product&#038;p=10938"},"modified":"2026-04-10T08:07:35","modified_gmt":"2026-04-10T05:07:35","slug":"uus-mighty-focus-mahlane-apelsin","status":"publish","type":"product","link":"https:\/\/mighti.me\/et\/toode\/uus-mighty-focus-mahlane-apelsin\/","title":{"rendered":"UUS: Mighty Focus &#8211; Mahlane Apelsin"},"content":{"rendered":"","protected":false},"excerpt":{"rendered":"<p><b>Energia, Fookus, Keskendumine<\/b><\/p>\n<p><span style=\"font-weight: 400;\">Mighty Focus on k\u00f5ik-\u00fches lahendus inimesele, kes soovib olla mentaalselt tippvormis. Selles joogis on kombineeritud meie maailmaklassi seeneekstraktid ja <\/span><b>k\u00f5ik ajule olulised<\/b><span style=\"font-weight: 400;\"> vitamiinid, mineraalid ja aminohapped, et oleksid n\u00fc\u00fcd ja kohe parim versioon endast.<\/span><\/p>\n","protected":false},"featured_media":10939,"comment_status":"open","ping_status":"closed","template":"","meta":{"_acf_changed":false},"product_brand":[],"product_cat":[97,89],"product_tag":[],"class_list":{"0":"post-10938","1":"product","2":"type-product","3":"status-publish","4":"has-post-thumbnail","6":"product_cat-segud","7":"product_cat-uncategorized-et","8":"functionality-energia","9":"functionality-fookus","10":"prod_types-kombod","11":"prod_types-nootroopsed-segud","13":"first","14":"instock","15":"taxable","16":"shipping-taxable","17":"purchasable","18":"product-type-simple"},"acf":[],"yoast_head":"<!-- This site is optimized with the Yoast SEO plugin v27.3 - https:\/\/yoast.com\/product\/yoast-seo-wordpress\/ -->\n<title>UUS: Mighty Focus - Mahlane Apelsin<\/title>\n<meta name=\"description\" content=\"\u00dchest pakist saab 30 jooki Kohene lisaenergia, tugev fookus, parem keskendumine Level Up on k\u00f5ik-\u00fches lahendus inimesele, kes soovib olla mentaalselt tippvormis. Selles joogis on kombineeritud meie maailmaklassi seeneekstraktid ja k\u00f5ik ajule olulised vitamiinid.\" \/>\n<meta name=\"robots\" content=\"index, follow, max-snippet:-1, max-image-preview:large, max-video-preview:-1\" \/>\n<link rel=\"canonical\" href=\"https:\/\/mighti.me\/et\/toode\/uus-mighty-focus-mahlane-apelsin\/\" \/>\n<meta property=\"og:locale\" content=\"et_EE\" \/>\n<meta property=\"og:type\" content=\"article\" \/>\n<meta property=\"og:title\" content=\"UUS: Mighty Focus - Mahlane Apelsin\" \/>\n<meta property=\"og:description\" content=\"\u00dchest pakist saab 30 jooki Kohene lisaenergia, tugev fookus, parem keskendumine Level Up on k\u00f5ik-\u00fches lahendus inimesele, kes soovib olla mentaalselt tippvormis. Selles joogis on kombineeritud meie maailmaklassi seeneekstraktid ja k\u00f5ik ajule olulised vitamiinid.\" \/>\n<meta property=\"og:url\" content=\"https:\/\/mighti.me\/et\/toode\/uus-mighty-focus-mahlane-apelsin\/\" \/>\n<meta property=\"og:site_name\" content=\"Mighti\" \/>\n<meta property=\"article:modified_time\" content=\"2026-04-10T05:07:35+00:00\" \/>\n<meta property=\"og:image\" content=\"https:\/\/mighti.me\/wp-content\/uploads\/2025\/08\/MIGHTI_02_Mockup_v2511-FOCUS-ORANGE_EST-scaled.png\" \/>\n\t<meta property=\"og:image:width\" content=\"2560\" \/>\n\t<meta property=\"og:image:height\" content=\"2560\" \/>\n\t<meta property=\"og:image:type\" content=\"image\/png\" \/>\n<meta name=\"twitter:card\" content=\"summary_large_image\" \/>\n<meta name=\"twitter:label1\" content=\"Est. reading time\" \/>\n\t<meta name=\"twitter:data1\" content=\"1 minut\" \/>\n<script type=\"application\/ld+json\" class=\"yoast-schema-graph\">{\"@context\":\"https:\\\/\\\/schema.org\",\"@graph\":[{\"@type\":\"WebPage\",\"@id\":\"https:\\\/\\\/mighti.me\\\/et\\\/toode\\\/uus-mighty-focus-mahlane-apelsin\\\/\",\"url\":\"https:\\\/\\\/mighti.me\\\/et\\\/toode\\\/uus-mighty-focus-mahlane-apelsin\\\/\",\"name\":\"UUS: Mighty Focus - Mahlane Apelsin\",\"isPartOf\":{\"@id\":\"https:\\\/\\\/mighti.me\\\/et\\\/#website\"},\"primaryImageOfPage\":{\"@id\":\"https:\\\/\\\/mighti.me\\\/et\\\/toode\\\/uus-mighty-focus-mahlane-apelsin\\\/#primaryimage\"},\"image\":{\"@id\":\"https:\\\/\\\/mighti.me\\\/et\\\/toode\\\/uus-mighty-focus-mahlane-apelsin\\\/#primaryimage\"},\"thumbnailUrl\":\"https:\\\/\\\/mighti.me\\\/wp-content\\\/uploads\\\/2025\\\/08\\\/MIGHTI_02_Mockup_v2511-FOCUS-ORANGE_EST-scaled.png\",\"datePublished\":\"2025-08-25T14:54:02+00:00\",\"dateModified\":\"2026-04-10T05:07:35+00:00\",\"description\":\"\u00dchest pakist saab 30 jooki Kohene lisaenergia, tugev fookus, parem keskendumine Level Up on k\u00f5ik-\u00fches lahendus inimesele, kes soovib olla mentaalselt tippvormis. Selles joogis on kombineeritud meie maailmaklassi seeneekstraktid ja k\u00f5ik ajule olulised vitamiinid.\",\"breadcrumb\":{\"@id\":\"https:\\\/\\\/mighti.me\\\/et\\\/toode\\\/uus-mighty-focus-mahlane-apelsin\\\/#breadcrumb\"},\"inLanguage\":\"et\",\"potentialAction\":[{\"@type\":\"ReadAction\",\"target\":[\"https:\\\/\\\/mighti.me\\\/et\\\/toode\\\/uus-mighty-focus-mahlane-apelsin\\\/\"]}]},{\"@type\":\"ImageObject\",\"inLanguage\":\"et\",\"@id\":\"https:\\\/\\\/mighti.me\\\/et\\\/toode\\\/uus-mighty-focus-mahlane-apelsin\\\/#primaryimage\",\"url\":\"https:\\\/\\\/mighti.me\\\/wp-content\\\/uploads\\\/2025\\\/08\\\/MIGHTI_02_Mockup_v2511-FOCUS-ORANGE_EST-scaled.png\",\"contentUrl\":\"https:\\\/\\\/mighti.me\\\/wp-content\\\/uploads\\\/2025\\\/08\\\/MIGHTI_02_Mockup_v2511-FOCUS-ORANGE_EST-scaled.png\",\"width\":2560,\"height\":2560},{\"@type\":\"BreadcrumbList\",\"@id\":\"https:\\\/\\\/mighti.me\\\/et\\\/toode\\\/uus-mighty-focus-mahlane-apelsin\\\/#breadcrumb\",\"itemListElement\":[{\"@type\":\"ListItem\",\"position\":1,\"name\":\"Home\",\"item\":\"https:\\\/\\\/mighti.me\\\/et\\\/\"},{\"@type\":\"ListItem\",\"position\":2,\"name\":\"Pood\",\"item\":\"https:\\\/\\\/mighti.me\\\/et\\\/pood\\\/\"},{\"@type\":\"ListItem\",\"position\":3,\"name\":\"UUS: Mighty Focus &#8211; Mahlane Apelsin\"}]},{\"@type\":\"WebSite\",\"@id\":\"https:\\\/\\\/mighti.me\\\/et\\\/#website\",\"url\":\"https:\\\/\\\/mighti.me\\\/et\\\/\",\"name\":\"Mighti\",\"description\":\"\",\"publisher\":{\"@id\":\"https:\\\/\\\/mighti.me\\\/et\\\/#organization\"},\"potentialAction\":[{\"@type\":\"SearchAction\",\"target\":{\"@type\":\"EntryPoint\",\"urlTemplate\":\"https:\\\/\\\/mighti.me\\\/et\\\/?s={search_term_string}\"},\"query-input\":{\"@type\":\"PropertyValueSpecification\",\"valueRequired\":true,\"valueName\":\"search_term_string\"}}],\"inLanguage\":\"et\"},{\"@type\":\"Organization\",\"@id\":\"https:\\\/\\\/mighti.me\\\/et\\\/#organization\",\"name\":\"Mighti\",\"url\":\"https:\\\/\\\/mighti.me\\\/et\\\/\",\"logo\":{\"@type\":\"ImageObject\",\"inLanguage\":\"et\",\"@id\":\"https:\\\/\\\/mighti.me\\\/et\\\/#\\\/schema\\\/logo\\\/image\\\/\",\"url\":\"https:\\\/\\\/mighti.me\\\/wp-content\\\/uploads\\\/2025\\\/01\\\/Group-1.svg\",\"contentUrl\":\"https:\\\/\\\/mighti.me\\\/wp-content\\\/uploads\\\/2025\\\/01\\\/Group-1.svg\",\"caption\":\"Mighti\"},\"image\":{\"@id\":\"https:\\\/\\\/mighti.me\\\/et\\\/#\\\/schema\\\/logo\\\/image\\\/\"}}]}<\/script>\n<!-- \/ Yoast SEO plugin. -->","yoast_head_json":{"title":"UUS: Mighty Focus - Mahlane Apelsin","description":"\u00dchest pakist saab 30 jooki Kohene lisaenergia, tugev fookus, parem keskendumine Level Up on k\u00f5ik-\u00fches lahendus inimesele, kes soovib olla mentaalselt tippvormis. Selles joogis on kombineeritud meie maailmaklassi seeneekstraktid ja k\u00f5ik ajule olulised vitamiinid.","robots":{"index":"index","follow":"follow","max-snippet":"max-snippet:-1","max-image-preview":"max-image-preview:large","max-video-preview":"max-video-preview:-1"},"canonical":"https:\/\/mighti.me\/et\/toode\/uus-mighty-focus-mahlane-apelsin\/","og_locale":"et_EE","og_type":"article","og_title":"UUS: Mighty Focus - Mahlane Apelsin","og_description":"\u00dchest pakist saab 30 jooki Kohene lisaenergia, tugev fookus, parem keskendumine Level Up on k\u00f5ik-\u00fches lahendus inimesele, kes soovib olla mentaalselt tippvormis. Selles joogis on kombineeritud meie maailmaklassi seeneekstraktid ja k\u00f5ik ajule olulised vitamiinid.","og_url":"https:\/\/mighti.me\/et\/toode\/uus-mighty-focus-mahlane-apelsin\/","og_site_name":"Mighti","article_modified_time":"2026-04-10T05:07:35+00:00","og_image":[{"width":2560,"height":2560,"url":"https:\/\/mighti.me\/wp-content\/uploads\/2025\/08\/MIGHTI_02_Mockup_v2511-FOCUS-ORANGE_EST-scaled.png","type":"image\/png"}],"twitter_card":"summary_large_image","twitter_misc":{"Est. reading time":"1 minut"},"schema":{"@context":"https:\/\/schema.org","@graph":[{"@type":"WebPage","@id":"https:\/\/mighti.me\/et\/toode\/uus-mighty-focus-mahlane-apelsin\/","url":"https:\/\/mighti.me\/et\/toode\/uus-mighty-focus-mahlane-apelsin\/","name":"UUS: Mighty Focus - Mahlane Apelsin","isPartOf":{"@id":"https:\/\/mighti.me\/et\/#website"},"primaryImageOfPage":{"@id":"https:\/\/mighti.me\/et\/toode\/uus-mighty-focus-mahlane-apelsin\/#primaryimage"},"image":{"@id":"https:\/\/mighti.me\/et\/toode\/uus-mighty-focus-mahlane-apelsin\/#primaryimage"},"thumbnailUrl":"https:\/\/mighti.me\/wp-content\/uploads\/2025\/08\/MIGHTI_02_Mockup_v2511-FOCUS-ORANGE_EST-scaled.png","datePublished":"2025-08-25T14:54:02+00:00","dateModified":"2026-04-10T05:07:35+00:00","description":"\u00dchest pakist saab 30 jooki Kohene lisaenergia, tugev fookus, parem keskendumine Level Up on k\u00f5ik-\u00fches lahendus inimesele, kes soovib olla mentaalselt tippvormis. Selles joogis on kombineeritud meie maailmaklassi seeneekstraktid ja k\u00f5ik ajule olulised vitamiinid.","breadcrumb":{"@id":"https:\/\/mighti.me\/et\/toode\/uus-mighty-focus-mahlane-apelsin\/#breadcrumb"},"inLanguage":"et","potentialAction":[{"@type":"ReadAction","target":["https:\/\/mighti.me\/et\/toode\/uus-mighty-focus-mahlane-apelsin\/"]}]},{"@type":"ImageObject","inLanguage":"et","@id":"https:\/\/mighti.me\/et\/toode\/uus-mighty-focus-mahlane-apelsin\/#primaryimage","url":"https:\/\/mighti.me\/wp-content\/uploads\/2025\/08\/MIGHTI_02_Mockup_v2511-FOCUS-ORANGE_EST-scaled.png","contentUrl":"https:\/\/mighti.me\/wp-content\/uploads\/2025\/08\/MIGHTI_02_Mockup_v2511-FOCUS-ORANGE_EST-scaled.png","width":2560,"height":2560},{"@type":"BreadcrumbList","@id":"https:\/\/mighti.me\/et\/toode\/uus-mighty-focus-mahlane-apelsin\/#breadcrumb","itemListElement":[{"@type":"ListItem","position":1,"name":"Home","item":"https:\/\/mighti.me\/et\/"},{"@type":"ListItem","position":2,"name":"Pood","item":"https:\/\/mighti.me\/et\/pood\/"},{"@type":"ListItem","position":3,"name":"UUS: Mighty Focus &#8211; Mahlane Apelsin"}]},{"@type":"WebSite","@id":"https:\/\/mighti.me\/et\/#website","url":"https:\/\/mighti.me\/et\/","name":"Mighti","description":"","publisher":{"@id":"https:\/\/mighti.me\/et\/#organization"},"potentialAction":[{"@type":"SearchAction","target":{"@type":"EntryPoint","urlTemplate":"https:\/\/mighti.me\/et\/?s={search_term_string}"},"query-input":{"@type":"PropertyValueSpecification","valueRequired":true,"valueName":"search_term_string"}}],"inLanguage":"et"},{"@type":"Organization","@id":"https:\/\/mighti.me\/et\/#organization","name":"Mighti","url":"https:\/\/mighti.me\/et\/","logo":{"@type":"ImageObject","inLanguage":"et","@id":"https:\/\/mighti.me\/et\/#\/schema\/logo\/image\/","url":"https:\/\/mighti.me\/wp-content\/uploads\/2025\/01\/Group-1.svg","contentUrl":"https:\/\/mighti.me\/wp-content\/uploads\/2025\/01\/Group-1.svg","caption":"Mighti"},"image":{"@id":"https:\/\/mighti.me\/et\/#\/schema\/logo\/image\/"}}]}},"jetpack_sharing_enabled":true,"_links":{"self":[{"href":"https:\/\/mighti.me\/et\/wp-json\/wp\/v2\/product\/10938","targetHints":{"allow":["GET"]}}],"collection":[{"href":"https:\/\/mighti.me\/et\/wp-json\/wp\/v2\/product"}],"about":[{"href":"https:\/\/mighti.me\/et\/wp-json\/wp\/v2\/types\/product"}],"replies":[{"embeddable":true,"href":"https:\/\/mighti.me\/et\/wp-json\/wp\/v2\/comments?post=10938"}],"wp:featuredmedia":[{"embeddable":true,"href":"https:\/\/mighti.me\/et\/wp-json\/wp\/v2\/media\/10939"}],"wp:attachment":[{"href":"https:\/\/mighti.me\/et\/wp-json\/wp\/v2\/media?parent=10938"}],"wp:term":[{"taxonomy":"product_brand","embeddable":true,"href":"https:\/\/mighti.me\/et\/wp-json\/wp\/v2\/product_brand?post=10938"},{"taxonomy":"product_cat","embeddable":true,"href":"https:\/\/mighti.me\/et\/wp-json\/wp\/v2\/product_cat?post=10938"},{"taxonomy":"product_tag","embeddable":true,"href":"https:\/\/mighti.me\/et\/wp-json\/wp\/v2\/product_tag?post=10938"}],"curies":[{"name":"wp","href":"https:\/\/api.w.org\/{rel}","templated":true}]}}