{"id":14052,"date":"2025-12-11T17:22:56","date_gmt":"2025-12-11T15:22:56","guid":{"rendered":"https:\/\/mighti.me\/?post_type=product&#038;p=14052"},"modified":"2025-12-31T10:29:19","modified_gmt":"2025-12-31T08:29:19","slug":"kinkepakk-elujoud-magus-hetk-iseendale","status":"publish","type":"product","link":"https:\/\/mighti.me\/et\/toode\/kinkepakk-elujoud-magus-hetk-iseendale\/","title":{"rendered":"Kinkepakk: Eluj\u00f5ud &#038; magus hetk iseendale"},"content":{"rendered":"","protected":false},"excerpt":{"rendered":"<p>See kink sobib inimesele, kes liigub palju, teeb palju ja vajab p\u00e4evas nii f\u00fc\u00fcsilist kui vaimset energiat juurde. Premium kinkekarp toob kokku Korditseps Plussi ja Eestis valminud k\u00e4sit\u00f6\u00f6\u0161okolaadide assortii \u2014 kingituse, mis annab p\u00e4riselt j\u00f5udu ja r\u00f5\u00f5mu.<\/p>\n","protected":false},"featured_media":14063,"comment_status":"open","ping_status":"closed","template":"","meta":{"_acf_changed":false},"product_brand":[],"product_cat":[89],"product_tag":[],"class_list":{"0":"post-14052","1":"product","2":"type-product","3":"status-publish","4":"has-post-thumbnail","6":"product_cat-uncategorized-et","8":"first","9":"instock","10":"taxable","11":"shipping-taxable","12":"purchasable","13":"product-type-simple"},"acf":[],"yoast_head":"<!-- This site is optimized with the Yoast SEO plugin v27.5 - https:\/\/yoast.com\/product\/yoast-seo-wordpress\/ -->\n<title>Kinkepakk: Eluj\u00f5ud &amp; magus hetk iseendale<\/title>\n<meta name=\"description\" content=\"\u00dchest pakist saab 30 jooki Kohene lisaenergia, tugev fookus, parem keskendumine Level Up on k\u00f5ik-\u00fches lahendus inimesele, kes soovib olla mentaalselt tippvormis. Selles joogis on kombineeritud meie maailmaklassi seeneekstraktid ja k\u00f5ik ajule olulised vitamiinid.\" \/>\n<meta name=\"robots\" content=\"index, follow, max-snippet:-1, max-image-preview:large, max-video-preview:-1\" \/>\n<link rel=\"canonical\" href=\"https:\/\/mighti.me\/et\/toode\/kinkepakk-elujoud-magus-hetk-iseendale\/\" \/>\n<meta property=\"og:locale\" content=\"et_EE\" \/>\n<meta property=\"og:type\" content=\"article\" \/>\n<meta property=\"og:title\" content=\"Kinkepakk: Eluj\u00f5ud &amp; magus hetk iseendale\" \/>\n<meta property=\"og:description\" content=\"\u00dchest pakist saab 30 jooki Kohene lisaenergia, tugev fookus, parem keskendumine Level Up on k\u00f5ik-\u00fches lahendus inimesele, kes soovib olla mentaalselt tippvormis. Selles joogis on kombineeritud meie maailmaklassi seeneekstraktid ja k\u00f5ik ajule olulised vitamiinid.\" \/>\n<meta property=\"og:url\" content=\"https:\/\/mighti.me\/et\/toode\/kinkepakk-elujoud-magus-hetk-iseendale\/\" \/>\n<meta property=\"og:site_name\" content=\"Mighti\" \/>\n<meta property=\"article:modified_time\" content=\"2025-12-31T08:29:19+00:00\" \/>\n<meta property=\"og:image\" content=\"https:\/\/mighti.me\/wp-content\/uploads\/2025\/12\/Gemini_Generated_Image_xxvu83xxvu83xxvu.png\" \/>\n\t<meta property=\"og:image:width\" content=\"1024\" \/>\n\t<meta property=\"og:image:height\" content=\"1024\" \/>\n\t<meta property=\"og:image:type\" content=\"image\/png\" \/>\n<meta name=\"twitter:card\" content=\"summary_large_image\" \/>\n<meta name=\"twitter:label1\" content=\"Est. reading time\" \/>\n\t<meta name=\"twitter:data1\" content=\"1 minut\" \/>\n<script type=\"application\/ld+json\" class=\"yoast-schema-graph\">{\"@context\":\"https:\\\/\\\/schema.org\",\"@graph\":[{\"@type\":\"WebPage\",\"@id\":\"https:\\\/\\\/mighti.me\\\/et\\\/toode\\\/kinkepakk-elujoud-magus-hetk-iseendale\\\/\",\"url\":\"https:\\\/\\\/mighti.me\\\/et\\\/toode\\\/kinkepakk-elujoud-magus-hetk-iseendale\\\/\",\"name\":\"Kinkepakk: Eluj\u00f5ud & magus hetk iseendale\",\"isPartOf\":{\"@id\":\"https:\\\/\\\/mighti.me\\\/et\\\/#website\"},\"primaryImageOfPage\":{\"@id\":\"https:\\\/\\\/mighti.me\\\/et\\\/toode\\\/kinkepakk-elujoud-magus-hetk-iseendale\\\/#primaryimage\"},\"image\":{\"@id\":\"https:\\\/\\\/mighti.me\\\/et\\\/toode\\\/kinkepakk-elujoud-magus-hetk-iseendale\\\/#primaryimage\"},\"thumbnailUrl\":\"https:\\\/\\\/mighti.me\\\/wp-content\\\/uploads\\\/2025\\\/12\\\/Gemini_Generated_Image_xxvu83xxvu83xxvu.png\",\"datePublished\":\"2025-12-11T15:22:56+00:00\",\"dateModified\":\"2025-12-31T08:29:19+00:00\",\"description\":\"\u00dchest pakist saab 30 jooki Kohene lisaenergia, tugev fookus, parem keskendumine Level Up on k\u00f5ik-\u00fches lahendus inimesele, kes soovib olla mentaalselt tippvormis. Selles joogis on kombineeritud meie maailmaklassi seeneekstraktid ja k\u00f5ik ajule olulised vitamiinid.\",\"breadcrumb\":{\"@id\":\"https:\\\/\\\/mighti.me\\\/et\\\/toode\\\/kinkepakk-elujoud-magus-hetk-iseendale\\\/#breadcrumb\"},\"inLanguage\":\"et\",\"potentialAction\":[{\"@type\":\"ReadAction\",\"target\":[\"https:\\\/\\\/mighti.me\\\/et\\\/toode\\\/kinkepakk-elujoud-magus-hetk-iseendale\\\/\"]}]},{\"@type\":\"ImageObject\",\"inLanguage\":\"et\",\"@id\":\"https:\\\/\\\/mighti.me\\\/et\\\/toode\\\/kinkepakk-elujoud-magus-hetk-iseendale\\\/#primaryimage\",\"url\":\"https:\\\/\\\/mighti.me\\\/wp-content\\\/uploads\\\/2025\\\/12\\\/Gemini_Generated_Image_xxvu83xxvu83xxvu.png\",\"contentUrl\":\"https:\\\/\\\/mighti.me\\\/wp-content\\\/uploads\\\/2025\\\/12\\\/Gemini_Generated_Image_xxvu83xxvu83xxvu.png\",\"width\":1024,\"height\":1024},{\"@type\":\"BreadcrumbList\",\"@id\":\"https:\\\/\\\/mighti.me\\\/et\\\/toode\\\/kinkepakk-elujoud-magus-hetk-iseendale\\\/#breadcrumb\",\"itemListElement\":[{\"@type\":\"ListItem\",\"position\":1,\"name\":\"Home\",\"item\":\"https:\\\/\\\/mighti.me\\\/et\\\/\"},{\"@type\":\"ListItem\",\"position\":2,\"name\":\"Pood\",\"item\":\"https:\\\/\\\/mighti.me\\\/et\\\/pood\\\/\"},{\"@type\":\"ListItem\",\"position\":3,\"name\":\"Kinkepakk: Eluj\u00f5ud &#038; magus hetk iseendale\"}]},{\"@type\":\"WebSite\",\"@id\":\"https:\\\/\\\/mighti.me\\\/et\\\/#website\",\"url\":\"https:\\\/\\\/mighti.me\\\/et\\\/\",\"name\":\"Mighti\",\"description\":\"\",\"publisher\":{\"@id\":\"https:\\\/\\\/mighti.me\\\/et\\\/#organization\"},\"potentialAction\":[{\"@type\":\"SearchAction\",\"target\":{\"@type\":\"EntryPoint\",\"urlTemplate\":\"https:\\\/\\\/mighti.me\\\/et\\\/?s={search_term_string}\"},\"query-input\":{\"@type\":\"PropertyValueSpecification\",\"valueRequired\":true,\"valueName\":\"search_term_string\"}}],\"inLanguage\":\"et\"},{\"@type\":\"Organization\",\"@id\":\"https:\\\/\\\/mighti.me\\\/et\\\/#organization\",\"name\":\"Mighti\",\"url\":\"https:\\\/\\\/mighti.me\\\/et\\\/\",\"logo\":{\"@type\":\"ImageObject\",\"inLanguage\":\"et\",\"@id\":\"https:\\\/\\\/mighti.me\\\/et\\\/#\\\/schema\\\/logo\\\/image\\\/\",\"url\":\"https:\\\/\\\/mighti.me\\\/wp-content\\\/uploads\\\/2025\\\/01\\\/Group-1.svg\",\"contentUrl\":\"https:\\\/\\\/mighti.me\\\/wp-content\\\/uploads\\\/2025\\\/01\\\/Group-1.svg\",\"caption\":\"Mighti\"},\"image\":{\"@id\":\"https:\\\/\\\/mighti.me\\\/et\\\/#\\\/schema\\\/logo\\\/image\\\/\"}}]}<\/script>\n<!-- \/ Yoast SEO plugin. -->","yoast_head_json":{"title":"Kinkepakk: Eluj\u00f5ud & magus hetk iseendale","description":"\u00dchest pakist saab 30 jooki Kohene lisaenergia, tugev fookus, parem keskendumine Level Up on k\u00f5ik-\u00fches lahendus inimesele, kes soovib olla mentaalselt tippvormis. Selles joogis on kombineeritud meie maailmaklassi seeneekstraktid ja k\u00f5ik ajule olulised vitamiinid.","robots":{"index":"index","follow":"follow","max-snippet":"max-snippet:-1","max-image-preview":"max-image-preview:large","max-video-preview":"max-video-preview:-1"},"canonical":"https:\/\/mighti.me\/et\/toode\/kinkepakk-elujoud-magus-hetk-iseendale\/","og_locale":"et_EE","og_type":"article","og_title":"Kinkepakk: Eluj\u00f5ud & magus hetk iseendale","og_description":"\u00dchest pakist saab 30 jooki Kohene lisaenergia, tugev fookus, parem keskendumine Level Up on k\u00f5ik-\u00fches lahendus inimesele, kes soovib olla mentaalselt tippvormis. Selles joogis on kombineeritud meie maailmaklassi seeneekstraktid ja k\u00f5ik ajule olulised vitamiinid.","og_url":"https:\/\/mighti.me\/et\/toode\/kinkepakk-elujoud-magus-hetk-iseendale\/","og_site_name":"Mighti","article_modified_time":"2025-12-31T08:29:19+00:00","og_image":[{"width":1024,"height":1024,"url":"https:\/\/mighti.me\/wp-content\/uploads\/2025\/12\/Gemini_Generated_Image_xxvu83xxvu83xxvu.png","type":"image\/png"}],"twitter_card":"summary_large_image","twitter_misc":{"Est. reading time":"1 minut"},"schema":{"@context":"https:\/\/schema.org","@graph":[{"@type":"WebPage","@id":"https:\/\/mighti.me\/et\/toode\/kinkepakk-elujoud-magus-hetk-iseendale\/","url":"https:\/\/mighti.me\/et\/toode\/kinkepakk-elujoud-magus-hetk-iseendale\/","name":"Kinkepakk: Eluj\u00f5ud & magus hetk iseendale","isPartOf":{"@id":"https:\/\/mighti.me\/et\/#website"},"primaryImageOfPage":{"@id":"https:\/\/mighti.me\/et\/toode\/kinkepakk-elujoud-magus-hetk-iseendale\/#primaryimage"},"image":{"@id":"https:\/\/mighti.me\/et\/toode\/kinkepakk-elujoud-magus-hetk-iseendale\/#primaryimage"},"thumbnailUrl":"https:\/\/mighti.me\/wp-content\/uploads\/2025\/12\/Gemini_Generated_Image_xxvu83xxvu83xxvu.png","datePublished":"2025-12-11T15:22:56+00:00","dateModified":"2025-12-31T08:29:19+00:00","description":"\u00dchest pakist saab 30 jooki Kohene lisaenergia, tugev fookus, parem keskendumine Level Up on k\u00f5ik-\u00fches lahendus inimesele, kes soovib olla mentaalselt tippvormis. Selles joogis on kombineeritud meie maailmaklassi seeneekstraktid ja k\u00f5ik ajule olulised vitamiinid.","breadcrumb":{"@id":"https:\/\/mighti.me\/et\/toode\/kinkepakk-elujoud-magus-hetk-iseendale\/#breadcrumb"},"inLanguage":"et","potentialAction":[{"@type":"ReadAction","target":["https:\/\/mighti.me\/et\/toode\/kinkepakk-elujoud-magus-hetk-iseendale\/"]}]},{"@type":"ImageObject","inLanguage":"et","@id":"https:\/\/mighti.me\/et\/toode\/kinkepakk-elujoud-magus-hetk-iseendale\/#primaryimage","url":"https:\/\/mighti.me\/wp-content\/uploads\/2025\/12\/Gemini_Generated_Image_xxvu83xxvu83xxvu.png","contentUrl":"https:\/\/mighti.me\/wp-content\/uploads\/2025\/12\/Gemini_Generated_Image_xxvu83xxvu83xxvu.png","width":1024,"height":1024},{"@type":"BreadcrumbList","@id":"https:\/\/mighti.me\/et\/toode\/kinkepakk-elujoud-magus-hetk-iseendale\/#breadcrumb","itemListElement":[{"@type":"ListItem","position":1,"name":"Home","item":"https:\/\/mighti.me\/et\/"},{"@type":"ListItem","position":2,"name":"Pood","item":"https:\/\/mighti.me\/et\/pood\/"},{"@type":"ListItem","position":3,"name":"Kinkepakk: Eluj\u00f5ud &#038; magus hetk iseendale"}]},{"@type":"WebSite","@id":"https:\/\/mighti.me\/et\/#website","url":"https:\/\/mighti.me\/et\/","name":"Mighti","description":"","publisher":{"@id":"https:\/\/mighti.me\/et\/#organization"},"potentialAction":[{"@type":"SearchAction","target":{"@type":"EntryPoint","urlTemplate":"https:\/\/mighti.me\/et\/?s={search_term_string}"},"query-input":{"@type":"PropertyValueSpecification","valueRequired":true,"valueName":"search_term_string"}}],"inLanguage":"et"},{"@type":"Organization","@id":"https:\/\/mighti.me\/et\/#organization","name":"Mighti","url":"https:\/\/mighti.me\/et\/","logo":{"@type":"ImageObject","inLanguage":"et","@id":"https:\/\/mighti.me\/et\/#\/schema\/logo\/image\/","url":"https:\/\/mighti.me\/wp-content\/uploads\/2025\/01\/Group-1.svg","contentUrl":"https:\/\/mighti.me\/wp-content\/uploads\/2025\/01\/Group-1.svg","caption":"Mighti"},"image":{"@id":"https:\/\/mighti.me\/et\/#\/schema\/logo\/image\/"}}]}},"jetpack_sharing_enabled":true,"_links":{"self":[{"href":"https:\/\/mighti.me\/et\/wp-json\/wp\/v2\/product\/14052","targetHints":{"allow":["GET"]}}],"collection":[{"href":"https:\/\/mighti.me\/et\/wp-json\/wp\/v2\/product"}],"about":[{"href":"https:\/\/mighti.me\/et\/wp-json\/wp\/v2\/types\/product"}],"replies":[{"embeddable":true,"href":"https:\/\/mighti.me\/et\/wp-json\/wp\/v2\/comments?post=14052"}],"wp:featuredmedia":[{"embeddable":true,"href":"https:\/\/mighti.me\/et\/wp-json\/wp\/v2\/media\/14063"}],"wp:attachment":[{"href":"https:\/\/mighti.me\/et\/wp-json\/wp\/v2\/media?parent=14052"}],"wp:term":[{"taxonomy":"product_brand","embeddable":true,"href":"https:\/\/mighti.me\/et\/wp-json\/wp\/v2\/product_brand?post=14052"},{"taxonomy":"product_cat","embeddable":true,"href":"https:\/\/mighti.me\/et\/wp-json\/wp\/v2\/product_cat?post=14052"},{"taxonomy":"product_tag","embeddable":true,"href":"https:\/\/mighti.me\/et\/wp-json\/wp\/v2\/product_tag?post=14052"}],"curies":[{"name":"wp","href":"https:\/\/api.w.org\/{rel}","templated":true}]}}