{"id":14766,"date":"2026-02-25T10:51:26","date_gmt":"2026-02-25T08:51:26","guid":{"rendered":"https:\/\/mighti.me\/?post_type=product&#038;p=14766"},"modified":"2026-04-10T10:31:36","modified_gmt":"2026-04-10T07:31:36","slug":"mighty-sleep-parem-uni-kiirem-taastumine-selge-fookus-pakkumine","status":"publish","type":"product","link":"https:\/\/mighti.me\/et\/toode\/mighty-sleep-parem-uni-kiirem-taastumine-selge-fookus-pakkumine\/","title":{"rendered":"Mighty Sleep &#8211; Parem uni, kiirem taastumine, selge fookus (Pakkumine)"},"content":{"rendered":"","protected":false},"excerpt":{"rendered":"<h4>Kevadpakkumine 3=2 &#8211; valides ostukorvi 3 toodet, maksad vaid kahe eest!<\/h4>\n<h4><b>Uni, Taastumine, Fookus<\/b><\/h4>\n<p>Hea ja kvaliteetne uni on nii vaimse kui f\u00fc\u00fcsilise tervise jaoks m\u00e4\u00e4rava t\u00e4htsusega. See on t\u00e4pselt sama oluline kui\u00a0toitaineterikas toit ja pidev\u00a0treenimine.<\/p>\n","protected":false},"featured_media":3044,"comment_status":"open","ping_status":"closed","template":"","meta":{"_acf_changed":false},"product_brand":[],"product_cat":[89],"product_tag":[143,135],"class_list":{"0":"post-14766","1":"product","2":"type-product","3":"status-publish","4":"has-post-thumbnail","6":"product_cat-uncategorized-et","7":"product_tag-pakkumine-23","8":"product_tag-hidden-et","10":"first","11":"instock","12":"sale","13":"taxable","14":"shipping-taxable","15":"purchasable","16":"product-type-simple"},"acf":[],"yoast_head":"<!-- This site is optimized with the Yoast SEO plugin v27.5 - https:\/\/yoast.com\/product\/yoast-seo-wordpress\/ -->\n<title>Mighty Sleep - Parem uni, kiirem taastumine, selge fookus (Pakkumine)<\/title>\n<meta name=\"description\" content=\"Mighti Sleep on, meie teadmiste kohaselt, maailma k\u00f5ige mitmek\u00fclgsem ja p\u00f5hjalikum une kvaliteeti parandav toidulisand. Selles joogis on meie Reishi ja Lion&#039;s Mane ekstraktid kombineeritud just \u00f5igete vitamiinide, mineraalide ja taimsete ekstraktidega, et tagada kiire uinumine ja s\u00fcgav uni.\" \/>\n<meta name=\"robots\" content=\"index, follow, max-snippet:-1, max-image-preview:large, max-video-preview:-1\" \/>\n<link rel=\"canonical\" href=\"https:\/\/mighti.me\/et\/toode\/mighty-sleep-parem-uni-kiirem-taastumine-selge-fookus-pakkumine\/\" \/>\n<meta property=\"og:locale\" content=\"et_EE\" \/>\n<meta property=\"og:type\" content=\"article\" \/>\n<meta property=\"og:title\" content=\"Mighty Sleep - Parem uni, kiirem taastumine, selge fookus (Pakkumine)\" \/>\n<meta property=\"og:description\" content=\"Mighti Sleep on, meie teadmiste kohaselt, maailma k\u00f5ige mitmek\u00fclgsem ja p\u00f5hjalikum une kvaliteeti parandav toidulisand. Selles joogis on meie Reishi ja Lion&#039;s Mane ekstraktid kombineeritud just \u00f5igete vitamiinide, mineraalide ja taimsete ekstraktidega, et tagada kiire uinumine ja s\u00fcgav uni.\" \/>\n<meta property=\"og:url\" content=\"https:\/\/mighti.me\/et\/toode\/mighty-sleep-parem-uni-kiirem-taastumine-selge-fookus-pakkumine\/\" \/>\n<meta property=\"og:site_name\" content=\"Mighti\" \/>\n<meta property=\"article:modified_time\" content=\"2026-04-10T07:31:36+00:00\" \/>\n<meta property=\"og:image\" content=\"https:\/\/mighti.me\/wp-content\/uploads\/2025\/04\/MightySleep_EST-edited.jpg\" \/>\n\t<meta property=\"og:image:width\" content=\"1600\" \/>\n\t<meta property=\"og:image:height\" content=\"1600\" \/>\n\t<meta property=\"og:image:type\" content=\"image\/jpeg\" \/>\n<meta name=\"twitter:card\" content=\"summary_large_image\" \/>\n<meta name=\"twitter:label1\" content=\"Est. reading time\" \/>\n\t<meta name=\"twitter:data1\" content=\"1 minut\" \/>\n<script type=\"application\/ld+json\" class=\"yoast-schema-graph\">{\"@context\":\"https:\\\/\\\/schema.org\",\"@graph\":[{\"@type\":\"WebPage\",\"@id\":\"https:\\\/\\\/mighti.me\\\/et\\\/toode\\\/mighty-sleep-parem-uni-kiirem-taastumine-selge-fookus-pakkumine\\\/\",\"url\":\"https:\\\/\\\/mighti.me\\\/et\\\/toode\\\/mighty-sleep-parem-uni-kiirem-taastumine-selge-fookus-pakkumine\\\/\",\"name\":\"Mighty Sleep - Parem uni, kiirem taastumine, selge fookus (Pakkumine)\",\"isPartOf\":{\"@id\":\"https:\\\/\\\/mighti.me\\\/et\\\/#website\"},\"primaryImageOfPage\":{\"@id\":\"https:\\\/\\\/mighti.me\\\/et\\\/toode\\\/mighty-sleep-parem-uni-kiirem-taastumine-selge-fookus-pakkumine\\\/#primaryimage\"},\"image\":{\"@id\":\"https:\\\/\\\/mighti.me\\\/et\\\/toode\\\/mighty-sleep-parem-uni-kiirem-taastumine-selge-fookus-pakkumine\\\/#primaryimage\"},\"thumbnailUrl\":\"https:\\\/\\\/mighti.me\\\/wp-content\\\/uploads\\\/2025\\\/04\\\/MightySleep_EST-edited.jpg\",\"datePublished\":\"2026-02-25T08:51:26+00:00\",\"dateModified\":\"2026-04-10T07:31:36+00:00\",\"description\":\"Mighti Sleep on, meie teadmiste kohaselt, maailma k\u00f5ige mitmek\u00fclgsem ja p\u00f5hjalikum une kvaliteeti parandav toidulisand. Selles joogis on meie Reishi ja Lion's Mane ekstraktid kombineeritud just \u00f5igete vitamiinide, mineraalide ja taimsete ekstraktidega, et tagada kiire uinumine ja s\u00fcgav uni.\",\"breadcrumb\":{\"@id\":\"https:\\\/\\\/mighti.me\\\/et\\\/toode\\\/mighty-sleep-parem-uni-kiirem-taastumine-selge-fookus-pakkumine\\\/#breadcrumb\"},\"inLanguage\":\"et\",\"potentialAction\":[{\"@type\":\"ReadAction\",\"target\":[\"https:\\\/\\\/mighti.me\\\/et\\\/toode\\\/mighty-sleep-parem-uni-kiirem-taastumine-selge-fookus-pakkumine\\\/\"]}]},{\"@type\":\"ImageObject\",\"inLanguage\":\"et\",\"@id\":\"https:\\\/\\\/mighti.me\\\/et\\\/toode\\\/mighty-sleep-parem-uni-kiirem-taastumine-selge-fookus-pakkumine\\\/#primaryimage\",\"url\":\"https:\\\/\\\/mighti.me\\\/wp-content\\\/uploads\\\/2025\\\/04\\\/MightySleep_EST-edited.jpg\",\"contentUrl\":\"https:\\\/\\\/mighti.me\\\/wp-content\\\/uploads\\\/2025\\\/04\\\/MightySleep_EST-edited.jpg\",\"width\":1600,\"height\":1600},{\"@type\":\"BreadcrumbList\",\"@id\":\"https:\\\/\\\/mighti.me\\\/et\\\/toode\\\/mighty-sleep-parem-uni-kiirem-taastumine-selge-fookus-pakkumine\\\/#breadcrumb\",\"itemListElement\":[{\"@type\":\"ListItem\",\"position\":1,\"name\":\"Home\",\"item\":\"https:\\\/\\\/mighti.me\\\/et\\\/\"},{\"@type\":\"ListItem\",\"position\":2,\"name\":\"Pood\",\"item\":\"https:\\\/\\\/mighti.me\\\/et\\\/pood\\\/\"},{\"@type\":\"ListItem\",\"position\":3,\"name\":\"Mighty Sleep &#8211; Parem uni, kiirem taastumine, selge fookus (Pakkumine)\"}]},{\"@type\":\"WebSite\",\"@id\":\"https:\\\/\\\/mighti.me\\\/et\\\/#website\",\"url\":\"https:\\\/\\\/mighti.me\\\/et\\\/\",\"name\":\"Mighti\",\"description\":\"\",\"publisher\":{\"@id\":\"https:\\\/\\\/mighti.me\\\/et\\\/#organization\"},\"potentialAction\":[{\"@type\":\"SearchAction\",\"target\":{\"@type\":\"EntryPoint\",\"urlTemplate\":\"https:\\\/\\\/mighti.me\\\/et\\\/?s={search_term_string}\"},\"query-input\":{\"@type\":\"PropertyValueSpecification\",\"valueRequired\":true,\"valueName\":\"search_term_string\"}}],\"inLanguage\":\"et\"},{\"@type\":\"Organization\",\"@id\":\"https:\\\/\\\/mighti.me\\\/et\\\/#organization\",\"name\":\"Mighti\",\"url\":\"https:\\\/\\\/mighti.me\\\/et\\\/\",\"logo\":{\"@type\":\"ImageObject\",\"inLanguage\":\"et\",\"@id\":\"https:\\\/\\\/mighti.me\\\/et\\\/#\\\/schema\\\/logo\\\/image\\\/\",\"url\":\"https:\\\/\\\/mighti.me\\\/wp-content\\\/uploads\\\/2025\\\/01\\\/Group-1.svg\",\"contentUrl\":\"https:\\\/\\\/mighti.me\\\/wp-content\\\/uploads\\\/2025\\\/01\\\/Group-1.svg\",\"caption\":\"Mighti\"},\"image\":{\"@id\":\"https:\\\/\\\/mighti.me\\\/et\\\/#\\\/schema\\\/logo\\\/image\\\/\"}}]}<\/script>\n<!-- \/ Yoast SEO plugin. -->","yoast_head_json":{"title":"Mighty Sleep - Parem uni, kiirem taastumine, selge fookus (Pakkumine)","description":"Mighti Sleep on, meie teadmiste kohaselt, maailma k\u00f5ige mitmek\u00fclgsem ja p\u00f5hjalikum une kvaliteeti parandav toidulisand. Selles joogis on meie Reishi ja Lion's Mane ekstraktid kombineeritud just \u00f5igete vitamiinide, mineraalide ja taimsete ekstraktidega, et tagada kiire uinumine ja s\u00fcgav uni.","robots":{"index":"index","follow":"follow","max-snippet":"max-snippet:-1","max-image-preview":"max-image-preview:large","max-video-preview":"max-video-preview:-1"},"canonical":"https:\/\/mighti.me\/et\/toode\/mighty-sleep-parem-uni-kiirem-taastumine-selge-fookus-pakkumine\/","og_locale":"et_EE","og_type":"article","og_title":"Mighty Sleep - Parem uni, kiirem taastumine, selge fookus (Pakkumine)","og_description":"Mighti Sleep on, meie teadmiste kohaselt, maailma k\u00f5ige mitmek\u00fclgsem ja p\u00f5hjalikum une kvaliteeti parandav toidulisand. Selles joogis on meie Reishi ja Lion's Mane ekstraktid kombineeritud just \u00f5igete vitamiinide, mineraalide ja taimsete ekstraktidega, et tagada kiire uinumine ja s\u00fcgav uni.","og_url":"https:\/\/mighti.me\/et\/toode\/mighty-sleep-parem-uni-kiirem-taastumine-selge-fookus-pakkumine\/","og_site_name":"Mighti","article_modified_time":"2026-04-10T07:31:36+00:00","og_image":[{"width":1600,"height":1600,"url":"https:\/\/mighti.me\/wp-content\/uploads\/2025\/04\/MightySleep_EST-edited.jpg","type":"image\/jpeg"}],"twitter_card":"summary_large_image","twitter_misc":{"Est. reading time":"1 minut"},"schema":{"@context":"https:\/\/schema.org","@graph":[{"@type":"WebPage","@id":"https:\/\/mighti.me\/et\/toode\/mighty-sleep-parem-uni-kiirem-taastumine-selge-fookus-pakkumine\/","url":"https:\/\/mighti.me\/et\/toode\/mighty-sleep-parem-uni-kiirem-taastumine-selge-fookus-pakkumine\/","name":"Mighty Sleep - Parem uni, kiirem taastumine, selge fookus (Pakkumine)","isPartOf":{"@id":"https:\/\/mighti.me\/et\/#website"},"primaryImageOfPage":{"@id":"https:\/\/mighti.me\/et\/toode\/mighty-sleep-parem-uni-kiirem-taastumine-selge-fookus-pakkumine\/#primaryimage"},"image":{"@id":"https:\/\/mighti.me\/et\/toode\/mighty-sleep-parem-uni-kiirem-taastumine-selge-fookus-pakkumine\/#primaryimage"},"thumbnailUrl":"https:\/\/mighti.me\/wp-content\/uploads\/2025\/04\/MightySleep_EST-edited.jpg","datePublished":"2026-02-25T08:51:26+00:00","dateModified":"2026-04-10T07:31:36+00:00","description":"Mighti Sleep on, meie teadmiste kohaselt, maailma k\u00f5ige mitmek\u00fclgsem ja p\u00f5hjalikum une kvaliteeti parandav toidulisand. Selles joogis on meie Reishi ja Lion's Mane ekstraktid kombineeritud just \u00f5igete vitamiinide, mineraalide ja taimsete ekstraktidega, et tagada kiire uinumine ja s\u00fcgav uni.","breadcrumb":{"@id":"https:\/\/mighti.me\/et\/toode\/mighty-sleep-parem-uni-kiirem-taastumine-selge-fookus-pakkumine\/#breadcrumb"},"inLanguage":"et","potentialAction":[{"@type":"ReadAction","target":["https:\/\/mighti.me\/et\/toode\/mighty-sleep-parem-uni-kiirem-taastumine-selge-fookus-pakkumine\/"]}]},{"@type":"ImageObject","inLanguage":"et","@id":"https:\/\/mighti.me\/et\/toode\/mighty-sleep-parem-uni-kiirem-taastumine-selge-fookus-pakkumine\/#primaryimage","url":"https:\/\/mighti.me\/wp-content\/uploads\/2025\/04\/MightySleep_EST-edited.jpg","contentUrl":"https:\/\/mighti.me\/wp-content\/uploads\/2025\/04\/MightySleep_EST-edited.jpg","width":1600,"height":1600},{"@type":"BreadcrumbList","@id":"https:\/\/mighti.me\/et\/toode\/mighty-sleep-parem-uni-kiirem-taastumine-selge-fookus-pakkumine\/#breadcrumb","itemListElement":[{"@type":"ListItem","position":1,"name":"Home","item":"https:\/\/mighti.me\/et\/"},{"@type":"ListItem","position":2,"name":"Pood","item":"https:\/\/mighti.me\/et\/pood\/"},{"@type":"ListItem","position":3,"name":"Mighty Sleep &#8211; Parem uni, kiirem taastumine, selge fookus (Pakkumine)"}]},{"@type":"WebSite","@id":"https:\/\/mighti.me\/et\/#website","url":"https:\/\/mighti.me\/et\/","name":"Mighti","description":"","publisher":{"@id":"https:\/\/mighti.me\/et\/#organization"},"potentialAction":[{"@type":"SearchAction","target":{"@type":"EntryPoint","urlTemplate":"https:\/\/mighti.me\/et\/?s={search_term_string}"},"query-input":{"@type":"PropertyValueSpecification","valueRequired":true,"valueName":"search_term_string"}}],"inLanguage":"et"},{"@type":"Organization","@id":"https:\/\/mighti.me\/et\/#organization","name":"Mighti","url":"https:\/\/mighti.me\/et\/","logo":{"@type":"ImageObject","inLanguage":"et","@id":"https:\/\/mighti.me\/et\/#\/schema\/logo\/image\/","url":"https:\/\/mighti.me\/wp-content\/uploads\/2025\/01\/Group-1.svg","contentUrl":"https:\/\/mighti.me\/wp-content\/uploads\/2025\/01\/Group-1.svg","caption":"Mighti"},"image":{"@id":"https:\/\/mighti.me\/et\/#\/schema\/logo\/image\/"}}]}},"jetpack_sharing_enabled":true,"_links":{"self":[{"href":"https:\/\/mighti.me\/et\/wp-json\/wp\/v2\/product\/14766","targetHints":{"allow":["GET"]}}],"collection":[{"href":"https:\/\/mighti.me\/et\/wp-json\/wp\/v2\/product"}],"about":[{"href":"https:\/\/mighti.me\/et\/wp-json\/wp\/v2\/types\/product"}],"replies":[{"embeddable":true,"href":"https:\/\/mighti.me\/et\/wp-json\/wp\/v2\/comments?post=14766"}],"wp:featuredmedia":[{"embeddable":true,"href":"https:\/\/mighti.me\/et\/wp-json\/wp\/v2\/media\/3044"}],"wp:attachment":[{"href":"https:\/\/mighti.me\/et\/wp-json\/wp\/v2\/media?parent=14766"}],"wp:term":[{"taxonomy":"product_brand","embeddable":true,"href":"https:\/\/mighti.me\/et\/wp-json\/wp\/v2\/product_brand?post=14766"},{"taxonomy":"product_cat","embeddable":true,"href":"https:\/\/mighti.me\/et\/wp-json\/wp\/v2\/product_cat?post=14766"},{"taxonomy":"product_tag","embeddable":true,"href":"https:\/\/mighti.me\/et\/wp-json\/wp\/v2\/product_tag?post=14766"}],"curies":[{"name":"wp","href":"https:\/\/api.w.org\/{rel}","templated":true}]}}