{"id":14769,"date":"2026-02-25T11:33:25","date_gmt":"2026-02-25T09:33:25","guid":{"rendered":"https:\/\/mighti.me\/?post_type=product&#038;p=14769"},"modified":"2026-04-10T10:30:13","modified_gmt":"2026-04-10T07:30:13","slug":"mighty-focus-kohene-lisaenergia-tugev-fookus-pakkumine","status":"publish","type":"product","link":"https:\/\/mighti.me\/et\/toode\/mighty-focus-kohene-lisaenergia-tugev-fookus-pakkumine\/","title":{"rendered":"Mighty Focus  &#8211; Kohene lisaenergia, tugev fookus (Pakkumine)"},"content":{"rendered":"","protected":false},"excerpt":{"rendered":"<p>Kevadpakkumine &#8211; Valides 3 toodet, saad \u00fche tasuta!<\/p>\n<p><b>Energia, Fookus, Keskendumine<\/b><\/p>\n<p><span style=\"font-weight: 400;\">Mighty Focus on k\u00f5ik-\u00fches lahendus inimesele, kes soovib olla mentaalselt tippvormis. Selles joogis on kombineeritud meie maailmaklassi seeneekstraktid ja <\/span><b>k\u00f5ik ajule olulised<\/b><span style=\"font-weight: 400;\"> vitamiinid, mineraalid ja aminohapped, et oleksid n\u00fc\u00fcd ja kohe parim versioon endast.<\/span><\/p>\n","protected":false},"featured_media":3046,"comment_status":"open","ping_status":"closed","template":"","meta":{"_acf_changed":false},"product_brand":[],"product_cat":[89],"product_tag":[143,135],"class_list":{"0":"post-14769","1":"product","2":"type-product","3":"status-publish","4":"has-post-thumbnail","6":"product_cat-uncategorized-et","7":"product_tag-pakkumine-23","8":"product_tag-hidden-et","10":"first","11":"instock","12":"sale","13":"taxable","14":"shipping-taxable","15":"purchasable","16":"product-type-simple"},"acf":[],"yoast_head":"<!-- This site is optimized with the Yoast SEO plugin v27.3 - https:\/\/yoast.com\/product\/yoast-seo-wordpress\/ -->\n<title>Mighty Focus - Kohene lisaenergia, tugev fookus (Pakkumine)<\/title>\n<meta name=\"description\" content=\"\u00dchest pakist saab 30 jooki Kohene lisaenergia, tugev fookus, parem keskendumine Level Up on k\u00f5ik-\u00fches lahendus inimesele, kes soovib olla mentaalselt tippvormis. Selles joogis on kombineeritud meie maailmaklassi seeneekstraktid ja k\u00f5ik ajule olulised vitamiinid.\" \/>\n<meta name=\"robots\" content=\"index, follow, max-snippet:-1, max-image-preview:large, max-video-preview:-1\" \/>\n<link rel=\"canonical\" href=\"https:\/\/mighti.me\/et\/toode\/mighty-focus-kohene-lisaenergia-tugev-fookus-pakkumine\/\" \/>\n<meta property=\"og:locale\" content=\"et_EE\" \/>\n<meta property=\"og:type\" content=\"article\" \/>\n<meta property=\"og:title\" content=\"Mighty Focus - Kohene lisaenergia, tugev fookus (Pakkumine)\" \/>\n<meta property=\"og:description\" content=\"\u00dchest pakist saab 30 jooki Kohene lisaenergia, tugev fookus, parem keskendumine Level Up on k\u00f5ik-\u00fches lahendus inimesele, kes soovib olla mentaalselt tippvormis. Selles joogis on kombineeritud meie maailmaklassi seeneekstraktid ja k\u00f5ik ajule olulised vitamiinid.\" \/>\n<meta property=\"og:url\" content=\"https:\/\/mighti.me\/et\/toode\/mighty-focus-kohene-lisaenergia-tugev-fookus-pakkumine\/\" \/>\n<meta property=\"og:site_name\" content=\"Mighti\" \/>\n<meta property=\"article:modified_time\" content=\"2026-04-10T07:30:13+00:00\" \/>\n<meta property=\"og:image\" content=\"https:\/\/mighti.me\/wp-content\/uploads\/2025\/04\/MightyFocus_EST-edited.jpg\" \/>\n\t<meta property=\"og:image:width\" content=\"1600\" \/>\n\t<meta property=\"og:image:height\" content=\"1600\" \/>\n\t<meta property=\"og:image:type\" content=\"image\/jpeg\" \/>\n<meta name=\"twitter:card\" content=\"summary_large_image\" \/>\n<meta name=\"twitter:label1\" content=\"Est. reading time\" \/>\n\t<meta name=\"twitter:data1\" content=\"1 minut\" \/>\n<script type=\"application\/ld+json\" class=\"yoast-schema-graph\">{\"@context\":\"https:\\\/\\\/schema.org\",\"@graph\":[{\"@type\":\"WebPage\",\"@id\":\"https:\\\/\\\/mighti.me\\\/et\\\/toode\\\/mighty-focus-kohene-lisaenergia-tugev-fookus-pakkumine\\\/\",\"url\":\"https:\\\/\\\/mighti.me\\\/et\\\/toode\\\/mighty-focus-kohene-lisaenergia-tugev-fookus-pakkumine\\\/\",\"name\":\"Mighty Focus - Kohene lisaenergia, tugev fookus (Pakkumine)\",\"isPartOf\":{\"@id\":\"https:\\\/\\\/mighti.me\\\/et\\\/#website\"},\"primaryImageOfPage\":{\"@id\":\"https:\\\/\\\/mighti.me\\\/et\\\/toode\\\/mighty-focus-kohene-lisaenergia-tugev-fookus-pakkumine\\\/#primaryimage\"},\"image\":{\"@id\":\"https:\\\/\\\/mighti.me\\\/et\\\/toode\\\/mighty-focus-kohene-lisaenergia-tugev-fookus-pakkumine\\\/#primaryimage\"},\"thumbnailUrl\":\"https:\\\/\\\/mighti.me\\\/wp-content\\\/uploads\\\/2025\\\/04\\\/MightyFocus_EST-edited.jpg\",\"datePublished\":\"2026-02-25T09:33:25+00:00\",\"dateModified\":\"2026-04-10T07:30:13+00:00\",\"description\":\"\u00dchest pakist saab 30 jooki Kohene lisaenergia, tugev fookus, parem keskendumine Level Up on k\u00f5ik-\u00fches lahendus inimesele, kes soovib olla mentaalselt tippvormis. Selles joogis on kombineeritud meie maailmaklassi seeneekstraktid ja k\u00f5ik ajule olulised vitamiinid.\",\"breadcrumb\":{\"@id\":\"https:\\\/\\\/mighti.me\\\/et\\\/toode\\\/mighty-focus-kohene-lisaenergia-tugev-fookus-pakkumine\\\/#breadcrumb\"},\"inLanguage\":\"et\",\"potentialAction\":[{\"@type\":\"ReadAction\",\"target\":[\"https:\\\/\\\/mighti.me\\\/et\\\/toode\\\/mighty-focus-kohene-lisaenergia-tugev-fookus-pakkumine\\\/\"]}]},{\"@type\":\"ImageObject\",\"inLanguage\":\"et\",\"@id\":\"https:\\\/\\\/mighti.me\\\/et\\\/toode\\\/mighty-focus-kohene-lisaenergia-tugev-fookus-pakkumine\\\/#primaryimage\",\"url\":\"https:\\\/\\\/mighti.me\\\/wp-content\\\/uploads\\\/2025\\\/04\\\/MightyFocus_EST-edited.jpg\",\"contentUrl\":\"https:\\\/\\\/mighti.me\\\/wp-content\\\/uploads\\\/2025\\\/04\\\/MightyFocus_EST-edited.jpg\",\"width\":1600,\"height\":1600},{\"@type\":\"BreadcrumbList\",\"@id\":\"https:\\\/\\\/mighti.me\\\/et\\\/toode\\\/mighty-focus-kohene-lisaenergia-tugev-fookus-pakkumine\\\/#breadcrumb\",\"itemListElement\":[{\"@type\":\"ListItem\",\"position\":1,\"name\":\"Home\",\"item\":\"https:\\\/\\\/mighti.me\\\/et\\\/\"},{\"@type\":\"ListItem\",\"position\":2,\"name\":\"Pood\",\"item\":\"https:\\\/\\\/mighti.me\\\/et\\\/pood\\\/\"},{\"@type\":\"ListItem\",\"position\":3,\"name\":\"Mighty Focus &#8211; Kohene lisaenergia, tugev fookus (Pakkumine)\"}]},{\"@type\":\"WebSite\",\"@id\":\"https:\\\/\\\/mighti.me\\\/et\\\/#website\",\"url\":\"https:\\\/\\\/mighti.me\\\/et\\\/\",\"name\":\"Mighti\",\"description\":\"\",\"publisher\":{\"@id\":\"https:\\\/\\\/mighti.me\\\/et\\\/#organization\"},\"potentialAction\":[{\"@type\":\"SearchAction\",\"target\":{\"@type\":\"EntryPoint\",\"urlTemplate\":\"https:\\\/\\\/mighti.me\\\/et\\\/?s={search_term_string}\"},\"query-input\":{\"@type\":\"PropertyValueSpecification\",\"valueRequired\":true,\"valueName\":\"search_term_string\"}}],\"inLanguage\":\"et\"},{\"@type\":\"Organization\",\"@id\":\"https:\\\/\\\/mighti.me\\\/et\\\/#organization\",\"name\":\"Mighti\",\"url\":\"https:\\\/\\\/mighti.me\\\/et\\\/\",\"logo\":{\"@type\":\"ImageObject\",\"inLanguage\":\"et\",\"@id\":\"https:\\\/\\\/mighti.me\\\/et\\\/#\\\/schema\\\/logo\\\/image\\\/\",\"url\":\"https:\\\/\\\/mighti.me\\\/wp-content\\\/uploads\\\/2025\\\/01\\\/Group-1.svg\",\"contentUrl\":\"https:\\\/\\\/mighti.me\\\/wp-content\\\/uploads\\\/2025\\\/01\\\/Group-1.svg\",\"caption\":\"Mighti\"},\"image\":{\"@id\":\"https:\\\/\\\/mighti.me\\\/et\\\/#\\\/schema\\\/logo\\\/image\\\/\"}}]}<\/script>\n<!-- \/ Yoast SEO plugin. -->","yoast_head_json":{"title":"Mighty Focus - Kohene lisaenergia, tugev fookus (Pakkumine)","description":"\u00dchest pakist saab 30 jooki Kohene lisaenergia, tugev fookus, parem keskendumine Level Up on k\u00f5ik-\u00fches lahendus inimesele, kes soovib olla mentaalselt tippvormis. Selles joogis on kombineeritud meie maailmaklassi seeneekstraktid ja k\u00f5ik ajule olulised vitamiinid.","robots":{"index":"index","follow":"follow","max-snippet":"max-snippet:-1","max-image-preview":"max-image-preview:large","max-video-preview":"max-video-preview:-1"},"canonical":"https:\/\/mighti.me\/et\/toode\/mighty-focus-kohene-lisaenergia-tugev-fookus-pakkumine\/","og_locale":"et_EE","og_type":"article","og_title":"Mighty Focus - Kohene lisaenergia, tugev fookus (Pakkumine)","og_description":"\u00dchest pakist saab 30 jooki Kohene lisaenergia, tugev fookus, parem keskendumine Level Up on k\u00f5ik-\u00fches lahendus inimesele, kes soovib olla mentaalselt tippvormis. Selles joogis on kombineeritud meie maailmaklassi seeneekstraktid ja k\u00f5ik ajule olulised vitamiinid.","og_url":"https:\/\/mighti.me\/et\/toode\/mighty-focus-kohene-lisaenergia-tugev-fookus-pakkumine\/","og_site_name":"Mighti","article_modified_time":"2026-04-10T07:30:13+00:00","og_image":[{"width":1600,"height":1600,"url":"https:\/\/mighti.me\/wp-content\/uploads\/2025\/04\/MightyFocus_EST-edited.jpg","type":"image\/jpeg"}],"twitter_card":"summary_large_image","twitter_misc":{"Est. reading time":"1 minut"},"schema":{"@context":"https:\/\/schema.org","@graph":[{"@type":"WebPage","@id":"https:\/\/mighti.me\/et\/toode\/mighty-focus-kohene-lisaenergia-tugev-fookus-pakkumine\/","url":"https:\/\/mighti.me\/et\/toode\/mighty-focus-kohene-lisaenergia-tugev-fookus-pakkumine\/","name":"Mighty Focus - Kohene lisaenergia, tugev fookus (Pakkumine)","isPartOf":{"@id":"https:\/\/mighti.me\/et\/#website"},"primaryImageOfPage":{"@id":"https:\/\/mighti.me\/et\/toode\/mighty-focus-kohene-lisaenergia-tugev-fookus-pakkumine\/#primaryimage"},"image":{"@id":"https:\/\/mighti.me\/et\/toode\/mighty-focus-kohene-lisaenergia-tugev-fookus-pakkumine\/#primaryimage"},"thumbnailUrl":"https:\/\/mighti.me\/wp-content\/uploads\/2025\/04\/MightyFocus_EST-edited.jpg","datePublished":"2026-02-25T09:33:25+00:00","dateModified":"2026-04-10T07:30:13+00:00","description":"\u00dchest pakist saab 30 jooki Kohene lisaenergia, tugev fookus, parem keskendumine Level Up on k\u00f5ik-\u00fches lahendus inimesele, kes soovib olla mentaalselt tippvormis. Selles joogis on kombineeritud meie maailmaklassi seeneekstraktid ja k\u00f5ik ajule olulised vitamiinid.","breadcrumb":{"@id":"https:\/\/mighti.me\/et\/toode\/mighty-focus-kohene-lisaenergia-tugev-fookus-pakkumine\/#breadcrumb"},"inLanguage":"et","potentialAction":[{"@type":"ReadAction","target":["https:\/\/mighti.me\/et\/toode\/mighty-focus-kohene-lisaenergia-tugev-fookus-pakkumine\/"]}]},{"@type":"ImageObject","inLanguage":"et","@id":"https:\/\/mighti.me\/et\/toode\/mighty-focus-kohene-lisaenergia-tugev-fookus-pakkumine\/#primaryimage","url":"https:\/\/mighti.me\/wp-content\/uploads\/2025\/04\/MightyFocus_EST-edited.jpg","contentUrl":"https:\/\/mighti.me\/wp-content\/uploads\/2025\/04\/MightyFocus_EST-edited.jpg","width":1600,"height":1600},{"@type":"BreadcrumbList","@id":"https:\/\/mighti.me\/et\/toode\/mighty-focus-kohene-lisaenergia-tugev-fookus-pakkumine\/#breadcrumb","itemListElement":[{"@type":"ListItem","position":1,"name":"Home","item":"https:\/\/mighti.me\/et\/"},{"@type":"ListItem","position":2,"name":"Pood","item":"https:\/\/mighti.me\/et\/pood\/"},{"@type":"ListItem","position":3,"name":"Mighty Focus &#8211; Kohene lisaenergia, tugev fookus (Pakkumine)"}]},{"@type":"WebSite","@id":"https:\/\/mighti.me\/et\/#website","url":"https:\/\/mighti.me\/et\/","name":"Mighti","description":"","publisher":{"@id":"https:\/\/mighti.me\/et\/#organization"},"potentialAction":[{"@type":"SearchAction","target":{"@type":"EntryPoint","urlTemplate":"https:\/\/mighti.me\/et\/?s={search_term_string}"},"query-input":{"@type":"PropertyValueSpecification","valueRequired":true,"valueName":"search_term_string"}}],"inLanguage":"et"},{"@type":"Organization","@id":"https:\/\/mighti.me\/et\/#organization","name":"Mighti","url":"https:\/\/mighti.me\/et\/","logo":{"@type":"ImageObject","inLanguage":"et","@id":"https:\/\/mighti.me\/et\/#\/schema\/logo\/image\/","url":"https:\/\/mighti.me\/wp-content\/uploads\/2025\/01\/Group-1.svg","contentUrl":"https:\/\/mighti.me\/wp-content\/uploads\/2025\/01\/Group-1.svg","caption":"Mighti"},"image":{"@id":"https:\/\/mighti.me\/et\/#\/schema\/logo\/image\/"}}]}},"jetpack_sharing_enabled":true,"_links":{"self":[{"href":"https:\/\/mighti.me\/et\/wp-json\/wp\/v2\/product\/14769","targetHints":{"allow":["GET"]}}],"collection":[{"href":"https:\/\/mighti.me\/et\/wp-json\/wp\/v2\/product"}],"about":[{"href":"https:\/\/mighti.me\/et\/wp-json\/wp\/v2\/types\/product"}],"replies":[{"embeddable":true,"href":"https:\/\/mighti.me\/et\/wp-json\/wp\/v2\/comments?post=14769"}],"wp:featuredmedia":[{"embeddable":true,"href":"https:\/\/mighti.me\/et\/wp-json\/wp\/v2\/media\/3046"}],"wp:attachment":[{"href":"https:\/\/mighti.me\/et\/wp-json\/wp\/v2\/media?parent=14769"}],"wp:term":[{"taxonomy":"product_brand","embeddable":true,"href":"https:\/\/mighti.me\/et\/wp-json\/wp\/v2\/product_brand?post=14769"},{"taxonomy":"product_cat","embeddable":true,"href":"https:\/\/mighti.me\/et\/wp-json\/wp\/v2\/product_cat?post=14769"},{"taxonomy":"product_tag","embeddable":true,"href":"https:\/\/mighti.me\/et\/wp-json\/wp\/v2\/product_tag?post=14769"}],"curies":[{"name":"wp","href":"https:\/\/api.w.org\/{rel}","templated":true}]}}