{"id":1881,"date":"2025-04-09T22:56:16","date_gmt":"2025-04-09T19:56:16","guid":{"rendered":"https:\/\/mighti.me\/?post_type=product&#038;p=1881"},"modified":"2026-03-23T10:25:12","modified_gmt":"2026-03-23T08:25:12","slug":"korditsepsi-topeltekstrakt","status":"publish","type":"product","link":"https:\/\/mighti.me\/et\/toode\/korditsepsi-topeltekstrakt\/","title":{"rendered":"Korditsepsi Topeltekstrakt"},"content":{"rendered":"<p><span style=\"font-weight: 400;\">Toidulisand. 90 kapslit &#8211; 30 p\u00e4eva.<\/span><\/p>\n<p><span style=\"font-weight: 400;\">Euroopa Liidus on meie toode toidulisand. Seet\u00f5ttu ei tohi me r\u00e4\u00e4kida v\u00f5imalikest h\u00fcvedest, mis Korditsepsi ekstrakti tarbimisega kaasnevad. Soovitame ise internetist uurida, leiad kindlasti palju huvitavat.<\/span><\/p>\n<p><span style=\"font-weight: 400;\"><strong>Maailmaklassi kvaliteet &#8211; <\/strong>Mighti korditsepsi ekstrakt on t\u00f5en\u00e4oliselt \u00fcks k\u00f5ige p\u00f5hjalikuma kvaliteedikontrolliga m\u00fc\u00fcgisolevaid korditsepsi ekstrakte. Iga partii on l\u00e4binud p\u00f5hjaliku kvaliteedikontrolli, sh raskmetallide ja mikrobioloogilise saaste kontrollid. See on oluline, sest toidulisandite turul on kvaliteet v\u00e4ga k\u00f5ikuv. Kui oled otsustanud toidulisandid oma men\u00fc\u00fcsse v\u00f5tta, siis v\u00e4\u00e4rid parimat!<\/span><\/p>\n<ul>\n<li style=\"font-weight: 400;\"><span style=\"font-weight: 400;\">100% puhas ekstrakt, ei sisalda t\u00e4iteaineid<\/span><\/li>\n<li style=\"font-weight: 400;\"><span style=\"font-weight: 400;\">Puhtast, metsikust loodusest korjatud seened<\/span><\/li>\n<li style=\"font-weight: 400;\"><span style=\"font-weight: 400;\">Testitud s\u00f5ltumatutes Euroopa ja USA laborites. Vaata testi tulemusi <a href=\"https:\/\/mighti.me\/et\/category\/testid\/\"><strong>siit.\u00a0<\/strong><\/a><\/span><\/li>\n<li style=\"font-weight: 400;\">Kvaliteetne tootmistehnoloogia, mis tagab maksimaalse biosaadavuse ja t\u00f5husa omastatavuse kehas.<\/li>\n<li style=\"font-weight: 400;\"><span style=\"font-weight: 400;\">Meie ekstrakt on tugevalt kontsentreeritud (20:1) ning sisaldab testide kohaselt 55% beeta-gl\u00fckaane, 0.15% korditseptiine, 0.02% adenosiine, 0.05% uridiini, 6.7mg\/g pol\u00fcfenoole <\/span><\/li>\n<li style=\"font-weight: 400;\"><strong>Boonus!<\/strong>\u00a0Esmatellimusega kaasa\u00a0<strong>5-n\u00e4dalane e-mailiseeria\u00a0<\/strong>tagamaks parimat seenekogemust.<\/li>\n<\/ul>\n<p><strong>Tasuta saatmine alates 75 EUR!<\/strong><\/p>\n<p>Ei tea millist ekstrakti valida? <a title=\"Seenem\u00e4ng\" href=\"https:\/\/mighti.me\/et\/kusimustik\/\" target=\"_blank\" rel=\"noopener\"><strong>M\u00e4ngi Seenem\u00e4ngu!<\/strong><\/a><\/p>\n<p>* Mitte kasutada toidulisandit mitmekesise toitumise asendajana!<\/p>\n<p>*\u00a0Oluline on toituda mitmek\u00fclgselt ja tasakaalustatult ning harrastada tervislikku elustiili<\/p>\n<p>* Mitte \u00fcletada p\u00e4evaseks tarbimiseks soovitatud kogust!<\/p>\n<p>* Hoida lastele k\u00e4ttesaamatus kohas!<\/p>\n<p>Tooraine p\u00e4ritolumaa: Hiina<\/p>\n<p>Pakendatud ja kapseldatud Eestis Hatha O\u00dc tellimusel.<\/p>\n","protected":false},"excerpt":{"rendered":"<p>Toidulisand. 90 kapslit &#8211; 30 p\u00e4eva. Euroopa Liidus on meie toode toidulisand. Seet\u00f5ttu ei tohi me r\u00e4\u00e4kida v\u00f5imalikest h\u00fcvedest, mis Korditsepsi ekstrakti tarbimisega kaasnevad. Soovitame ise internetist uurida, leiad kindlasti&#8230;<\/p>\n","protected":false},"featured_media":3031,"comment_status":"open","ping_status":"closed","template":"","meta":{"_acf_changed":false},"product_brand":[],"product_cat":[96],"product_tag":[143],"class_list":{"0":"post-1881","1":"product","2":"type-product","3":"status-publish","4":"has-post-thumbnail","6":"product_cat-korditseps","7":"product_tag-pakkumine-23","8":"functionality-energia","9":"functionality-fuusiline-teostus","10":"functionality-libido-tostmiseks","11":"prod_types-classic-seeria","13":"first","14":"instock","15":"taxable","16":"shipping-taxable","17":"purchasable","18":"product-type-simple"},"acf":[],"yoast_head":"<!-- This site is optimized with the Yoast SEO plugin v27.5 - https:\/\/yoast.com\/product\/yoast-seo-wordpress\/ -->\n<title>Korditsepsi Topeltekstrakt<\/title>\n<meta name=\"description\" content=\"90 kapslit Korditsepsi viljakehadest tehtud topeltekstrakti. Tegemist on k\u00f5ige potentsema korditsepsiga Eesti turul, sisaldab v\u00e4hemalt 40% pol\u00fcsahhariide! Seened on kasvatatud orgaaniliste kasvatusmeetoditega. Rohkem energiat, liikumist ja motivatsiooni!\" \/>\n<meta name=\"robots\" content=\"index, follow, max-snippet:-1, max-image-preview:large, max-video-preview:-1\" \/>\n<link rel=\"canonical\" href=\"https:\/\/mighti.me\/et\/toode\/korditsepsi-topeltekstrakt\/\" \/>\n<meta property=\"og:locale\" content=\"et_EE\" \/>\n<meta property=\"og:type\" content=\"article\" \/>\n<meta property=\"og:title\" content=\"Korditsepsi Topeltekstrakt\" \/>\n<meta property=\"og:description\" content=\"90 kapslit Korditsepsi viljakehadest tehtud topeltekstrakti. Tegemist on k\u00f5ige potentsema korditsepsiga Eesti turul, sisaldab v\u00e4hemalt 40% pol\u00fcsahhariide! Seened on kasvatatud orgaaniliste kasvatusmeetoditega. Rohkem energiat, liikumist ja motivatsiooni!\" \/>\n<meta property=\"og:url\" content=\"https:\/\/mighti.me\/et\/toode\/korditsepsi-topeltekstrakt\/\" \/>\n<meta property=\"og:site_name\" content=\"Mighti\" \/>\n<meta property=\"article:modified_time\" content=\"2026-03-23T08:25:12+00:00\" \/>\n<meta property=\"og:image\" content=\"https:\/\/mighti.me\/wp-content\/uploads\/2025\/04\/Korditseps_EST-edited.jpg\" \/>\n\t<meta property=\"og:image:width\" content=\"1600\" \/>\n\t<meta property=\"og:image:height\" content=\"1600\" \/>\n\t<meta property=\"og:image:type\" content=\"image\/jpeg\" \/>\n<meta name=\"twitter:card\" content=\"summary_large_image\" \/>\n<meta name=\"twitter:label1\" content=\"Est. reading time\" \/>\n\t<meta name=\"twitter:data1\" content=\"2 minutit\" \/>\n<script type=\"application\/ld+json\" class=\"yoast-schema-graph\">{\"@context\":\"https:\\\/\\\/schema.org\",\"@graph\":[{\"@type\":\"WebPage\",\"@id\":\"https:\\\/\\\/mighti.me\\\/et\\\/toode\\\/korditsepsi-topeltekstrakt\\\/\",\"url\":\"https:\\\/\\\/mighti.me\\\/et\\\/toode\\\/korditsepsi-topeltekstrakt\\\/\",\"name\":\"Korditsepsi Topeltekstrakt\",\"isPartOf\":{\"@id\":\"https:\\\/\\\/mighti.me\\\/et\\\/#website\"},\"primaryImageOfPage\":{\"@id\":\"https:\\\/\\\/mighti.me\\\/et\\\/toode\\\/korditsepsi-topeltekstrakt\\\/#primaryimage\"},\"image\":{\"@id\":\"https:\\\/\\\/mighti.me\\\/et\\\/toode\\\/korditsepsi-topeltekstrakt\\\/#primaryimage\"},\"thumbnailUrl\":\"https:\\\/\\\/mighti.me\\\/wp-content\\\/uploads\\\/2025\\\/04\\\/Korditseps_EST-edited.jpg\",\"datePublished\":\"2025-04-09T19:56:16+00:00\",\"dateModified\":\"2026-03-23T08:25:12+00:00\",\"description\":\"90 kapslit Korditsepsi viljakehadest tehtud topeltekstrakti. Tegemist on k\u00f5ige potentsema korditsepsiga Eesti turul, sisaldab v\u00e4hemalt 40% pol\u00fcsahhariide! Seened on kasvatatud orgaaniliste kasvatusmeetoditega. Rohkem energiat, liikumist ja motivatsiooni!\",\"breadcrumb\":{\"@id\":\"https:\\\/\\\/mighti.me\\\/et\\\/toode\\\/korditsepsi-topeltekstrakt\\\/#breadcrumb\"},\"inLanguage\":\"et\",\"potentialAction\":[{\"@type\":\"ReadAction\",\"target\":[\"https:\\\/\\\/mighti.me\\\/et\\\/toode\\\/korditsepsi-topeltekstrakt\\\/\"]}]},{\"@type\":\"ImageObject\",\"inLanguage\":\"et\",\"@id\":\"https:\\\/\\\/mighti.me\\\/et\\\/toode\\\/korditsepsi-topeltekstrakt\\\/#primaryimage\",\"url\":\"https:\\\/\\\/mighti.me\\\/wp-content\\\/uploads\\\/2025\\\/04\\\/Korditseps_EST-edited.jpg\",\"contentUrl\":\"https:\\\/\\\/mighti.me\\\/wp-content\\\/uploads\\\/2025\\\/04\\\/Korditseps_EST-edited.jpg\",\"width\":1600,\"height\":1600},{\"@type\":\"BreadcrumbList\",\"@id\":\"https:\\\/\\\/mighti.me\\\/et\\\/toode\\\/korditsepsi-topeltekstrakt\\\/#breadcrumb\",\"itemListElement\":[{\"@type\":\"ListItem\",\"position\":1,\"name\":\"Home\",\"item\":\"https:\\\/\\\/mighti.me\\\/et\\\/\"},{\"@type\":\"ListItem\",\"position\":2,\"name\":\"Pood\",\"item\":\"https:\\\/\\\/mighti.me\\\/et\\\/pood\\\/\"},{\"@type\":\"ListItem\",\"position\":3,\"name\":\"Korditsepsi Topeltekstrakt\"}]},{\"@type\":\"WebSite\",\"@id\":\"https:\\\/\\\/mighti.me\\\/et\\\/#website\",\"url\":\"https:\\\/\\\/mighti.me\\\/et\\\/\",\"name\":\"Mighti\",\"description\":\"\",\"publisher\":{\"@id\":\"https:\\\/\\\/mighti.me\\\/et\\\/#organization\"},\"potentialAction\":[{\"@type\":\"SearchAction\",\"target\":{\"@type\":\"EntryPoint\",\"urlTemplate\":\"https:\\\/\\\/mighti.me\\\/et\\\/?s={search_term_string}\"},\"query-input\":{\"@type\":\"PropertyValueSpecification\",\"valueRequired\":true,\"valueName\":\"search_term_string\"}}],\"inLanguage\":\"et\"},{\"@type\":\"Organization\",\"@id\":\"https:\\\/\\\/mighti.me\\\/et\\\/#organization\",\"name\":\"Mighti\",\"url\":\"https:\\\/\\\/mighti.me\\\/et\\\/\",\"logo\":{\"@type\":\"ImageObject\",\"inLanguage\":\"et\",\"@id\":\"https:\\\/\\\/mighti.me\\\/et\\\/#\\\/schema\\\/logo\\\/image\\\/\",\"url\":\"https:\\\/\\\/mighti.me\\\/wp-content\\\/uploads\\\/2025\\\/01\\\/Group-1.svg\",\"contentUrl\":\"https:\\\/\\\/mighti.me\\\/wp-content\\\/uploads\\\/2025\\\/01\\\/Group-1.svg\",\"caption\":\"Mighti\"},\"image\":{\"@id\":\"https:\\\/\\\/mighti.me\\\/et\\\/#\\\/schema\\\/logo\\\/image\\\/\"}}]}<\/script>\n<!-- \/ Yoast SEO plugin. -->","yoast_head_json":{"title":"Korditsepsi Topeltekstrakt","description":"90 kapslit Korditsepsi viljakehadest tehtud topeltekstrakti. Tegemist on k\u00f5ige potentsema korditsepsiga Eesti turul, sisaldab v\u00e4hemalt 40% pol\u00fcsahhariide! Seened on kasvatatud orgaaniliste kasvatusmeetoditega. Rohkem energiat, liikumist ja motivatsiooni!","robots":{"index":"index","follow":"follow","max-snippet":"max-snippet:-1","max-image-preview":"max-image-preview:large","max-video-preview":"max-video-preview:-1"},"canonical":"https:\/\/mighti.me\/et\/toode\/korditsepsi-topeltekstrakt\/","og_locale":"et_EE","og_type":"article","og_title":"Korditsepsi Topeltekstrakt","og_description":"90 kapslit Korditsepsi viljakehadest tehtud topeltekstrakti. Tegemist on k\u00f5ige potentsema korditsepsiga Eesti turul, sisaldab v\u00e4hemalt 40% pol\u00fcsahhariide! Seened on kasvatatud orgaaniliste kasvatusmeetoditega. Rohkem energiat, liikumist ja motivatsiooni!","og_url":"https:\/\/mighti.me\/et\/toode\/korditsepsi-topeltekstrakt\/","og_site_name":"Mighti","article_modified_time":"2026-03-23T08:25:12+00:00","og_image":[{"width":1600,"height":1600,"url":"https:\/\/mighti.me\/wp-content\/uploads\/2025\/04\/Korditseps_EST-edited.jpg","type":"image\/jpeg"}],"twitter_card":"summary_large_image","twitter_misc":{"Est. reading time":"2 minutit"},"schema":{"@context":"https:\/\/schema.org","@graph":[{"@type":"WebPage","@id":"https:\/\/mighti.me\/et\/toode\/korditsepsi-topeltekstrakt\/","url":"https:\/\/mighti.me\/et\/toode\/korditsepsi-topeltekstrakt\/","name":"Korditsepsi Topeltekstrakt","isPartOf":{"@id":"https:\/\/mighti.me\/et\/#website"},"primaryImageOfPage":{"@id":"https:\/\/mighti.me\/et\/toode\/korditsepsi-topeltekstrakt\/#primaryimage"},"image":{"@id":"https:\/\/mighti.me\/et\/toode\/korditsepsi-topeltekstrakt\/#primaryimage"},"thumbnailUrl":"https:\/\/mighti.me\/wp-content\/uploads\/2025\/04\/Korditseps_EST-edited.jpg","datePublished":"2025-04-09T19:56:16+00:00","dateModified":"2026-03-23T08:25:12+00:00","description":"90 kapslit Korditsepsi viljakehadest tehtud topeltekstrakti. Tegemist on k\u00f5ige potentsema korditsepsiga Eesti turul, sisaldab v\u00e4hemalt 40% pol\u00fcsahhariide! Seened on kasvatatud orgaaniliste kasvatusmeetoditega. Rohkem energiat, liikumist ja motivatsiooni!","breadcrumb":{"@id":"https:\/\/mighti.me\/et\/toode\/korditsepsi-topeltekstrakt\/#breadcrumb"},"inLanguage":"et","potentialAction":[{"@type":"ReadAction","target":["https:\/\/mighti.me\/et\/toode\/korditsepsi-topeltekstrakt\/"]}]},{"@type":"ImageObject","inLanguage":"et","@id":"https:\/\/mighti.me\/et\/toode\/korditsepsi-topeltekstrakt\/#primaryimage","url":"https:\/\/mighti.me\/wp-content\/uploads\/2025\/04\/Korditseps_EST-edited.jpg","contentUrl":"https:\/\/mighti.me\/wp-content\/uploads\/2025\/04\/Korditseps_EST-edited.jpg","width":1600,"height":1600},{"@type":"BreadcrumbList","@id":"https:\/\/mighti.me\/et\/toode\/korditsepsi-topeltekstrakt\/#breadcrumb","itemListElement":[{"@type":"ListItem","position":1,"name":"Home","item":"https:\/\/mighti.me\/et\/"},{"@type":"ListItem","position":2,"name":"Pood","item":"https:\/\/mighti.me\/et\/pood\/"},{"@type":"ListItem","position":3,"name":"Korditsepsi Topeltekstrakt"}]},{"@type":"WebSite","@id":"https:\/\/mighti.me\/et\/#website","url":"https:\/\/mighti.me\/et\/","name":"Mighti","description":"","publisher":{"@id":"https:\/\/mighti.me\/et\/#organization"},"potentialAction":[{"@type":"SearchAction","target":{"@type":"EntryPoint","urlTemplate":"https:\/\/mighti.me\/et\/?s={search_term_string}"},"query-input":{"@type":"PropertyValueSpecification","valueRequired":true,"valueName":"search_term_string"}}],"inLanguage":"et"},{"@type":"Organization","@id":"https:\/\/mighti.me\/et\/#organization","name":"Mighti","url":"https:\/\/mighti.me\/et\/","logo":{"@type":"ImageObject","inLanguage":"et","@id":"https:\/\/mighti.me\/et\/#\/schema\/logo\/image\/","url":"https:\/\/mighti.me\/wp-content\/uploads\/2025\/01\/Group-1.svg","contentUrl":"https:\/\/mighti.me\/wp-content\/uploads\/2025\/01\/Group-1.svg","caption":"Mighti"},"image":{"@id":"https:\/\/mighti.me\/et\/#\/schema\/logo\/image\/"}}]}},"jetpack_sharing_enabled":true,"_links":{"self":[{"href":"https:\/\/mighti.me\/et\/wp-json\/wp\/v2\/product\/1881","targetHints":{"allow":["GET"]}}],"collection":[{"href":"https:\/\/mighti.me\/et\/wp-json\/wp\/v2\/product"}],"about":[{"href":"https:\/\/mighti.me\/et\/wp-json\/wp\/v2\/types\/product"}],"replies":[{"embeddable":true,"href":"https:\/\/mighti.me\/et\/wp-json\/wp\/v2\/comments?post=1881"}],"wp:featuredmedia":[{"embeddable":true,"href":"https:\/\/mighti.me\/et\/wp-json\/wp\/v2\/media\/3031"}],"wp:attachment":[{"href":"https:\/\/mighti.me\/et\/wp-json\/wp\/v2\/media?parent=1881"}],"wp:term":[{"taxonomy":"product_brand","embeddable":true,"href":"https:\/\/mighti.me\/et\/wp-json\/wp\/v2\/product_brand?post=1881"},{"taxonomy":"product_cat","embeddable":true,"href":"https:\/\/mighti.me\/et\/wp-json\/wp\/v2\/product_cat?post=1881"},{"taxonomy":"product_tag","embeddable":true,"href":"https:\/\/mighti.me\/et\/wp-json\/wp\/v2\/product_tag?post=1881"}],"curies":[{"name":"wp","href":"https:\/\/api.w.org\/{rel}","templated":true}]}}