{"id":1885,"date":"2025-04-09T23:08:48","date_gmt":"2025-04-09T20:08:48","guid":{"rendered":"https:\/\/mighti.me\/?post_type=product&#038;p=1885"},"modified":"2026-03-02T23:14:48","modified_gmt":"2026-03-02T21:14:48","slug":"nelja-seene-segu","status":"publish","type":"product","link":"https:\/\/mighti.me\/et\/toode\/nelja-seene-segu\/","title":{"rendered":"Nelja Seene Segu"},"content":{"rendered":"<p><b><span style=\"font-weight: 400;\">Toidulisand. 120 kapslit &#8211;\u00a0<\/span>30 p\u00e4eva<\/b><\/p>\n<p><span class=\"Apple-converted-space\"><span style=\"font-weight: 400;\">4-seene segu\u00a0<strong>sisaldab nelja k\u00f5ige kuulsamat seeneliiki<\/strong>\u00a0&#8211; Lion\u2019s Mane, Korditseps, Chaga ja Reishi. Meie 4-seene segu ekstrakt on looduslik vastus multivitamiinile, mis sisaldades Reishi e. lakkvaabiku ekstrakti:<\/span><\/span><\/p>\n<ul>\n<li style=\"font-weight: 400;\"><strong>aitab kaasa loomulikule immunoloogilisele kaitsele<\/strong><\/li>\n<li style=\"font-weight: 400;\"><strong>aitab kaasa terve vereringefunktsiooni s\u00e4ilitamisele<\/strong><\/li>\n<li style=\"font-weight: 400;\"><strong>aitab kaasa kolesteroolitaseme v\u00e4hendamisele<\/strong><\/li>\n<\/ul>\n<p><b>Maailmaklassi kvaliteet<\/b><span style=\"font-weight: 400;\"> &#8211;\u00a0 Mighti valikus t\u00f5en\u00e4oliselt \u00fched maailma k\u00f5ige p\u00f5hjalikuma kvaliteedikontrolliga m\u00fc\u00fcgisolevad seeneekstraktid. See on oluline, sest toidulisandite turul on kvaliteet v\u00e4ga k\u00f5ikuv. Teaduslikes uurimust\u00f6\u00f6des leitud kasutegurid on v\u00f5imalikud ainult v\u00e4ga kvaliteetsete ekstraktide puhul. Kui oled otsustanud toidulisandid oma men\u00fc\u00fcsse v\u00f5tta, siis v\u00e4\u00e4rid parimat!<\/span><\/p>\n<ul>\n<li style=\"font-weight: 400;\"><span style=\"font-weight: 400;\">100% puhas ekstrakt, ei sisalda t\u00e4iteaineid<\/span><\/li>\n<li style=\"font-weight: 400;\"><span style=\"font-weight: 400;\">Puhtast, metsikust loodusest korjatud seened<\/span><\/li>\n<li style=\"font-weight: 400;\"><span style=\"font-weight: 400;\">Testitud s\u00f5ltumatutes Euroopa ja USA laborites. Vaata testide tulemusi <a href=\"https:\/\/mighti.me\/et\/category\/testid\/\"><strong>siit.\u00a0<\/strong><\/a><\/span><\/li>\n<li style=\"font-weight: 400;\">Kvaliteetne tootmistehnoloogia, mis tagab maksimaalse biosaadavuse ja t\u00f5husa omastatavuse kehas.<\/li>\n<li style=\"font-weight: 400;\"><span style=\"font-weight: 400;\">Meie ekstrakt on tugevalt kontsentreeritud (20:1)<\/span><\/li>\n<li style=\"font-weight: 400;\"><strong>Boonus!<\/strong>\u00a0Esmatellimusega kaasa\u00a0<strong>5-n\u00e4dalane e-mailiseeria\u00a0<\/strong>tagamaks parimat<\/li>\n<\/ul>\n<p style=\"font-weight: 400;\"><strong style=\"font-size: 0.875rem;\">Tasuta saatmine alates 75 EUR!<\/strong><\/p>\n<p>P\u00e4evane annus: 4 kapslit<\/p>\n<p>Koostisosad: L\u00f5vilakk-korallnarmiku (Hericium erinaceus) 20:1 viljakeha ekstrakt,korditsepsi (Cordyceps sinensis CS-4) m\u00fctseeliumi ekstrakt, L\u00e4ikvaabiku (Ganoderma lucidum) 20:1 viljakeha ekstrakt, Chaga (Inonontus obliquus) 20:1 viljakeha ekstrakt, taimne kapsel (glaseeraine: pullulaan).<\/p>\n<p>Ei tea millist ekstrakti valida?\u00a0<strong><a title=\"Seenem\u00e4ng\" href=\"https:\/\/mighti.me\/et\/kusimustik\/\">M\u00e4ngi Seenem\u00e4ngu!<\/a><\/strong><\/p>\n<p>* Mitte kasutada toidulisandit mitmekesise toitumise asendajana!<\/p>\n<p>*\u00a0Oluline on toituda mitmek\u00fclgselt ja tasakaalustatult ning harrastada tervislikku elustiili<\/p>\n<p>* Mitte \u00fcletada p\u00e4evaseks tarbimiseks soovitatud kogust!<\/p>\n<div class=\"page\" title=\"Page 3\">\n<div class=\"layoutArea\">\n<div class=\"column\">\n<p>* Hoida lastele k\u00e4ttesaamatus kohas!<\/p>\n<p>* Toodet ei tohi tarbida neerukivide tekke ohu v\u00f5i veritsush\u00e4irete korral<\/p>\n<p>* V\u00e4ltida toote tarbimist raseduse ja imetamise ajal<\/p>\n<\/div>\n<\/div>\n<\/div>\n<p>Tooraine p\u00e4ritolumaa: Hiina<\/p>\n<p>Turustaja: Hatha O\u00dc, Marati 5a, 11712 Tallinn, Eesti.<\/p>\n<p>Pakendatud ja kapseldatud Eestis Hatha O\u00dc tellimusel.<\/p>\n","protected":false},"excerpt":{"rendered":"<p class=\"\" data-start=\"0\" data-end=\"59\"><strong data-start=\"0\" data-end=\"57\">Nelja seene segu \u2013 t\u00f5hus kooslus tuntumatest seentest<\/strong><\/p>\n<p class=\"\" data-start=\"61\" data-end=\"365\">Meie nelja seene segu sisaldab nelja maailma tuntuimat funktsionaalset seent: Lion\u2019s Mane\u2019i, Korditsepsi, Chagat ja Reishit. Valisime teadlikult just need neli, et tagada igast seenest piisav kogus ja s\u00e4ilitada nende kasulikud omadused. Rohkem ei ole alati parem \u2013 tasakaal ja t\u00f5husus on siin v\u00f5tmes\u00f5nad.<\/p>\n","protected":false},"featured_media":3036,"comment_status":"open","ping_status":"closed","template":"","meta":{"_acf_changed":false},"product_brand":[],"product_cat":[100,96,98,99,97],"product_tag":[143],"class_list":{"0":"post-1885","1":"product","2":"type-product","3":"status-publish","4":"has-post-thumbnail","6":"product_cat-chaga-et","7":"product_cat-korditseps","8":"product_cat-lions-mane-et","9":"product_cat-reishi-et","10":"product_cat-segud","11":"product_tag-pakkumine-23","12":"functionality-antioksudant","13":"functionality-energia","14":"functionality-immuunsus","15":"functionality-stressi-leevendamine","16":"prod_types-classic-seeria","18":"first","19":"instock","20":"taxable","21":"shipping-taxable","22":"purchasable","23":"product-type-simple"},"acf":[],"yoast_head":"<!-- This site is optimized with the Yoast SEO plugin v27.5 - https:\/\/yoast.com\/product\/yoast-seo-wordpress\/ -->\n<title>Nelja Seene Segu<\/title>\n<meta name=\"description\" content=\"Nelja seene (reishi, l\u00f5vilakk, korditseps, chaga) kompleks-segu. L\u00f5in selle toote, et Sa saaksid korraga kogeda k\u00f5iki kasulikke omadusi, mida need seened jagavad ning samal ajal kasu saada iga seene unikaalsetest kasuteguritest.\" \/>\n<meta name=\"robots\" content=\"index, follow, max-snippet:-1, max-image-preview:large, max-video-preview:-1\" \/>\n<link rel=\"canonical\" href=\"https:\/\/mighti.me\/et\/toode\/nelja-seene-segu\/\" \/>\n<meta property=\"og:locale\" content=\"et_EE\" \/>\n<meta property=\"og:type\" content=\"article\" \/>\n<meta property=\"og:title\" content=\"Nelja Seene Segu\" \/>\n<meta property=\"og:description\" content=\"Nelja seene (reishi, l\u00f5vilakk, korditseps, chaga) kompleks-segu. L\u00f5in selle toote, et Sa saaksid korraga kogeda k\u00f5iki kasulikke omadusi, mida need seened jagavad ning samal ajal kasu saada iga seene unikaalsetest kasuteguritest.\" \/>\n<meta property=\"og:url\" content=\"https:\/\/mighti.me\/et\/toode\/nelja-seene-segu\/\" \/>\n<meta property=\"og:site_name\" content=\"Mighti\" \/>\n<meta property=\"article:modified_time\" content=\"2026-03-02T21:14:48+00:00\" \/>\n<meta property=\"og:image\" content=\"https:\/\/mighti.me\/wp-content\/uploads\/2025\/04\/NeljaSeeneKomplekssegu_EST-edited.jpg\" \/>\n\t<meta property=\"og:image:width\" content=\"1600\" \/>\n\t<meta property=\"og:image:height\" content=\"1600\" \/>\n\t<meta property=\"og:image:type\" content=\"image\/jpeg\" \/>\n<meta name=\"twitter:card\" content=\"summary_large_image\" \/>\n<meta name=\"twitter:label1\" content=\"Est. reading time\" \/>\n\t<meta name=\"twitter:data1\" content=\"2 minutit\" \/>\n<script type=\"application\/ld+json\" class=\"yoast-schema-graph\">{\"@context\":\"https:\\\/\\\/schema.org\",\"@graph\":[{\"@type\":\"WebPage\",\"@id\":\"https:\\\/\\\/mighti.me\\\/et\\\/toode\\\/nelja-seene-segu\\\/\",\"url\":\"https:\\\/\\\/mighti.me\\\/et\\\/toode\\\/nelja-seene-segu\\\/\",\"name\":\"Nelja Seene Segu\",\"isPartOf\":{\"@id\":\"https:\\\/\\\/mighti.me\\\/et\\\/#website\"},\"primaryImageOfPage\":{\"@id\":\"https:\\\/\\\/mighti.me\\\/et\\\/toode\\\/nelja-seene-segu\\\/#primaryimage\"},\"image\":{\"@id\":\"https:\\\/\\\/mighti.me\\\/et\\\/toode\\\/nelja-seene-segu\\\/#primaryimage\"},\"thumbnailUrl\":\"https:\\\/\\\/mighti.me\\\/wp-content\\\/uploads\\\/2025\\\/04\\\/NeljaSeeneKomplekssegu_EST-edited.jpg\",\"datePublished\":\"2025-04-09T20:08:48+00:00\",\"dateModified\":\"2026-03-02T21:14:48+00:00\",\"description\":\"Nelja seene (reishi, l\u00f5vilakk, korditseps, chaga) kompleks-segu. L\u00f5in selle toote, et Sa saaksid korraga kogeda k\u00f5iki kasulikke omadusi, mida need seened jagavad ning samal ajal kasu saada iga seene unikaalsetest kasuteguritest.\",\"breadcrumb\":{\"@id\":\"https:\\\/\\\/mighti.me\\\/et\\\/toode\\\/nelja-seene-segu\\\/#breadcrumb\"},\"inLanguage\":\"et\",\"potentialAction\":[{\"@type\":\"ReadAction\",\"target\":[\"https:\\\/\\\/mighti.me\\\/et\\\/toode\\\/nelja-seene-segu\\\/\"]}]},{\"@type\":\"ImageObject\",\"inLanguage\":\"et\",\"@id\":\"https:\\\/\\\/mighti.me\\\/et\\\/toode\\\/nelja-seene-segu\\\/#primaryimage\",\"url\":\"https:\\\/\\\/mighti.me\\\/wp-content\\\/uploads\\\/2025\\\/04\\\/NeljaSeeneKomplekssegu_EST-edited.jpg\",\"contentUrl\":\"https:\\\/\\\/mighti.me\\\/wp-content\\\/uploads\\\/2025\\\/04\\\/NeljaSeeneKomplekssegu_EST-edited.jpg\",\"width\":1600,\"height\":1600},{\"@type\":\"BreadcrumbList\",\"@id\":\"https:\\\/\\\/mighti.me\\\/et\\\/toode\\\/nelja-seene-segu\\\/#breadcrumb\",\"itemListElement\":[{\"@type\":\"ListItem\",\"position\":1,\"name\":\"Home\",\"item\":\"https:\\\/\\\/mighti.me\\\/et\\\/\"},{\"@type\":\"ListItem\",\"position\":2,\"name\":\"Pood\",\"item\":\"https:\\\/\\\/mighti.me\\\/et\\\/pood\\\/\"},{\"@type\":\"ListItem\",\"position\":3,\"name\":\"Nelja Seene Segu\"}]},{\"@type\":\"WebSite\",\"@id\":\"https:\\\/\\\/mighti.me\\\/et\\\/#website\",\"url\":\"https:\\\/\\\/mighti.me\\\/et\\\/\",\"name\":\"Mighti\",\"description\":\"\",\"publisher\":{\"@id\":\"https:\\\/\\\/mighti.me\\\/et\\\/#organization\"},\"potentialAction\":[{\"@type\":\"SearchAction\",\"target\":{\"@type\":\"EntryPoint\",\"urlTemplate\":\"https:\\\/\\\/mighti.me\\\/et\\\/?s={search_term_string}\"},\"query-input\":{\"@type\":\"PropertyValueSpecification\",\"valueRequired\":true,\"valueName\":\"search_term_string\"}}],\"inLanguage\":\"et\"},{\"@type\":\"Organization\",\"@id\":\"https:\\\/\\\/mighti.me\\\/et\\\/#organization\",\"name\":\"Mighti\",\"url\":\"https:\\\/\\\/mighti.me\\\/et\\\/\",\"logo\":{\"@type\":\"ImageObject\",\"inLanguage\":\"et\",\"@id\":\"https:\\\/\\\/mighti.me\\\/et\\\/#\\\/schema\\\/logo\\\/image\\\/\",\"url\":\"https:\\\/\\\/mighti.me\\\/wp-content\\\/uploads\\\/2025\\\/01\\\/Group-1.svg\",\"contentUrl\":\"https:\\\/\\\/mighti.me\\\/wp-content\\\/uploads\\\/2025\\\/01\\\/Group-1.svg\",\"caption\":\"Mighti\"},\"image\":{\"@id\":\"https:\\\/\\\/mighti.me\\\/et\\\/#\\\/schema\\\/logo\\\/image\\\/\"}}]}<\/script>\n<!-- \/ Yoast SEO plugin. -->","yoast_head_json":{"title":"Nelja Seene Segu","description":"Nelja seene (reishi, l\u00f5vilakk, korditseps, chaga) kompleks-segu. L\u00f5in selle toote, et Sa saaksid korraga kogeda k\u00f5iki kasulikke omadusi, mida need seened jagavad ning samal ajal kasu saada iga seene unikaalsetest kasuteguritest.","robots":{"index":"index","follow":"follow","max-snippet":"max-snippet:-1","max-image-preview":"max-image-preview:large","max-video-preview":"max-video-preview:-1"},"canonical":"https:\/\/mighti.me\/et\/toode\/nelja-seene-segu\/","og_locale":"et_EE","og_type":"article","og_title":"Nelja Seene Segu","og_description":"Nelja seene (reishi, l\u00f5vilakk, korditseps, chaga) kompleks-segu. L\u00f5in selle toote, et Sa saaksid korraga kogeda k\u00f5iki kasulikke omadusi, mida need seened jagavad ning samal ajal kasu saada iga seene unikaalsetest kasuteguritest.","og_url":"https:\/\/mighti.me\/et\/toode\/nelja-seene-segu\/","og_site_name":"Mighti","article_modified_time":"2026-03-02T21:14:48+00:00","og_image":[{"width":1600,"height":1600,"url":"https:\/\/mighti.me\/wp-content\/uploads\/2025\/04\/NeljaSeeneKomplekssegu_EST-edited.jpg","type":"image\/jpeg"}],"twitter_card":"summary_large_image","twitter_misc":{"Est. reading time":"2 minutit"},"schema":{"@context":"https:\/\/schema.org","@graph":[{"@type":"WebPage","@id":"https:\/\/mighti.me\/et\/toode\/nelja-seene-segu\/","url":"https:\/\/mighti.me\/et\/toode\/nelja-seene-segu\/","name":"Nelja Seene Segu","isPartOf":{"@id":"https:\/\/mighti.me\/et\/#website"},"primaryImageOfPage":{"@id":"https:\/\/mighti.me\/et\/toode\/nelja-seene-segu\/#primaryimage"},"image":{"@id":"https:\/\/mighti.me\/et\/toode\/nelja-seene-segu\/#primaryimage"},"thumbnailUrl":"https:\/\/mighti.me\/wp-content\/uploads\/2025\/04\/NeljaSeeneKomplekssegu_EST-edited.jpg","datePublished":"2025-04-09T20:08:48+00:00","dateModified":"2026-03-02T21:14:48+00:00","description":"Nelja seene (reishi, l\u00f5vilakk, korditseps, chaga) kompleks-segu. L\u00f5in selle toote, et Sa saaksid korraga kogeda k\u00f5iki kasulikke omadusi, mida need seened jagavad ning samal ajal kasu saada iga seene unikaalsetest kasuteguritest.","breadcrumb":{"@id":"https:\/\/mighti.me\/et\/toode\/nelja-seene-segu\/#breadcrumb"},"inLanguage":"et","potentialAction":[{"@type":"ReadAction","target":["https:\/\/mighti.me\/et\/toode\/nelja-seene-segu\/"]}]},{"@type":"ImageObject","inLanguage":"et","@id":"https:\/\/mighti.me\/et\/toode\/nelja-seene-segu\/#primaryimage","url":"https:\/\/mighti.me\/wp-content\/uploads\/2025\/04\/NeljaSeeneKomplekssegu_EST-edited.jpg","contentUrl":"https:\/\/mighti.me\/wp-content\/uploads\/2025\/04\/NeljaSeeneKomplekssegu_EST-edited.jpg","width":1600,"height":1600},{"@type":"BreadcrumbList","@id":"https:\/\/mighti.me\/et\/toode\/nelja-seene-segu\/#breadcrumb","itemListElement":[{"@type":"ListItem","position":1,"name":"Home","item":"https:\/\/mighti.me\/et\/"},{"@type":"ListItem","position":2,"name":"Pood","item":"https:\/\/mighti.me\/et\/pood\/"},{"@type":"ListItem","position":3,"name":"Nelja Seene Segu"}]},{"@type":"WebSite","@id":"https:\/\/mighti.me\/et\/#website","url":"https:\/\/mighti.me\/et\/","name":"Mighti","description":"","publisher":{"@id":"https:\/\/mighti.me\/et\/#organization"},"potentialAction":[{"@type":"SearchAction","target":{"@type":"EntryPoint","urlTemplate":"https:\/\/mighti.me\/et\/?s={search_term_string}"},"query-input":{"@type":"PropertyValueSpecification","valueRequired":true,"valueName":"search_term_string"}}],"inLanguage":"et"},{"@type":"Organization","@id":"https:\/\/mighti.me\/et\/#organization","name":"Mighti","url":"https:\/\/mighti.me\/et\/","logo":{"@type":"ImageObject","inLanguage":"et","@id":"https:\/\/mighti.me\/et\/#\/schema\/logo\/image\/","url":"https:\/\/mighti.me\/wp-content\/uploads\/2025\/01\/Group-1.svg","contentUrl":"https:\/\/mighti.me\/wp-content\/uploads\/2025\/01\/Group-1.svg","caption":"Mighti"},"image":{"@id":"https:\/\/mighti.me\/et\/#\/schema\/logo\/image\/"}}]}},"jetpack_sharing_enabled":true,"_links":{"self":[{"href":"https:\/\/mighti.me\/et\/wp-json\/wp\/v2\/product\/1885","targetHints":{"allow":["GET"]}}],"collection":[{"href":"https:\/\/mighti.me\/et\/wp-json\/wp\/v2\/product"}],"about":[{"href":"https:\/\/mighti.me\/et\/wp-json\/wp\/v2\/types\/product"}],"replies":[{"embeddable":true,"href":"https:\/\/mighti.me\/et\/wp-json\/wp\/v2\/comments?post=1885"}],"wp:featuredmedia":[{"embeddable":true,"href":"https:\/\/mighti.me\/et\/wp-json\/wp\/v2\/media\/3036"}],"wp:attachment":[{"href":"https:\/\/mighti.me\/et\/wp-json\/wp\/v2\/media?parent=1885"}],"wp:term":[{"taxonomy":"product_brand","embeddable":true,"href":"https:\/\/mighti.me\/et\/wp-json\/wp\/v2\/product_brand?post=1885"},{"taxonomy":"product_cat","embeddable":true,"href":"https:\/\/mighti.me\/et\/wp-json\/wp\/v2\/product_cat?post=1885"},{"taxonomy":"product_tag","embeddable":true,"href":"https:\/\/mighti.me\/et\/wp-json\/wp\/v2\/product_tag?post=1885"}],"curies":[{"name":"wp","href":"https:\/\/api.w.org\/{rel}","templated":true}]}}