{"id":1892,"date":"2025-04-09T23:21:15","date_gmt":"2025-04-09T20:21:15","guid":{"rendered":"https:\/\/mighti.me\/?post_type=product&#038;p=1892"},"modified":"2026-05-12T16:48:04","modified_gmt":"2026-05-12T13:48:04","slug":"lions-mane-plus-fookus-malu-keskendumine","status":"publish","type":"product","link":"https:\/\/mighti.me\/et\/toode\/lions-mane-plus-fookus-malu-keskendumine\/","title":{"rendered":"Lion&#8217;s Mane Plus\u2122 &#8211; Fookus, M\u00e4lu, Keskendumine"},"content":{"rendered":"","protected":false},"excerpt":{"rendered":"<p class=\"\" data-start=\"0\" data-end=\"59\"><strong data-start=\"0\" data-end=\"57\">Mighti Lion\u2019s Mane Pluss \u2013 rohkem kui lihtsalt klassikaline Lion\u2019s Mane&#8217;i ekstrakt<\/strong><\/p>\n<p class=\"\" data-start=\"61\" data-end=\"344\">Mighti Lion\u2019s Mane Plus \u00fchendab meie kvaliteetse Lion\u2019s Mane\u2019i ekstrakti hoolikalt valitud ja teaduslikult uuritud vitamiinidega, mis v\u00f5imendavad selle keskendumist ja m\u00e4lu toetavaid omadusi. Tulemuseks on veelgi t\u00f5husam kooslus, mis aitab sul p\u00fcsida terav ja fookuses kogu p\u00e4eva v\u00e4ltel.<\/p>\n","protected":false},"featured_media":3034,"comment_status":"open","ping_status":"closed","template":"","meta":{"_acf_changed":false},"product_brand":[],"product_cat":[98,89],"product_tag":[143],"class_list":{"0":"post-1892","1":"product","2":"type-product","3":"status-publish","4":"has-post-thumbnail","6":"product_cat-lions-mane-et","7":"product_cat-uncategorized-et","8":"product_tag-pakkumine-23","9":"prod_types-plus-seeria","11":"first","12":"instock","13":"taxable","14":"shipping-taxable","15":"purchasable","16":"product-type-simple"},"acf":[],"yoast_head":"<!-- This site is optimized with the Yoast SEO plugin v27.5 - https:\/\/yoast.com\/product\/yoast-seo-wordpress\/ -->\n<title>Lion&#039;s Mane Plus\u2122 - Fookus, M\u00e4lu, Keskendumine<\/title>\n<meta name=\"description\" content=\"90 kapslit Lion&#039;s Mane (hericium erinaceus) topeltekstrakti, mis on kombineeritud hoolikalt valitud ja p\u00f5hjalikult uuritud vitamiinidega, mis suurendavad Lion&#039;s Mane&#039;i keskendumist parandavat toimet, muutes selle v\u00f5imsamaks kui kunagi varem\" \/>\n<meta name=\"robots\" content=\"index, follow, max-snippet:-1, max-image-preview:large, max-video-preview:-1\" \/>\n<link rel=\"canonical\" href=\"https:\/\/mighti.me\/et\/toode\/lions-mane-plus-fookus-malu-keskendumine\/\" \/>\n<meta property=\"og:locale\" content=\"et_EE\" \/>\n<meta property=\"og:type\" content=\"article\" \/>\n<meta property=\"og:title\" content=\"Lion&#039;s Mane Plus\u2122 - Fookus, M\u00e4lu, Keskendumine\" \/>\n<meta property=\"og:description\" content=\"90 kapslit Lion&#039;s Mane (hericium erinaceus) topeltekstrakti, mis on kombineeritud hoolikalt valitud ja p\u00f5hjalikult uuritud vitamiinidega, mis suurendavad Lion&#039;s Mane&#039;i keskendumist parandavat toimet, muutes selle v\u00f5imsamaks kui kunagi varem\" \/>\n<meta property=\"og:url\" content=\"https:\/\/mighti.me\/et\/toode\/lions-mane-plus-fookus-malu-keskendumine\/\" \/>\n<meta property=\"og:site_name\" content=\"Mighti\" \/>\n<meta property=\"article:modified_time\" content=\"2026-05-12T13:48:04+00:00\" \/>\n<meta property=\"og:image\" content=\"https:\/\/mighti.me\/wp-content\/uploads\/2025\/04\/LionsManePlus_EST-edited.jpg\" \/>\n\t<meta property=\"og:image:width\" content=\"1600\" \/>\n\t<meta property=\"og:image:height\" content=\"1600\" \/>\n\t<meta property=\"og:image:type\" content=\"image\/jpeg\" \/>\n<meta name=\"twitter:card\" content=\"summary_large_image\" \/>\n<meta name=\"twitter:label1\" content=\"Est. reading time\" \/>\n\t<meta name=\"twitter:data1\" content=\"1 minut\" \/>\n<script type=\"application\/ld+json\" class=\"yoast-schema-graph\">{\"@context\":\"https:\\\/\\\/schema.org\",\"@graph\":[{\"@type\":\"WebPage\",\"@id\":\"https:\\\/\\\/mighti.me\\\/et\\\/toode\\\/lions-mane-plus-fookus-malu-keskendumine\\\/\",\"url\":\"https:\\\/\\\/mighti.me\\\/et\\\/toode\\\/lions-mane-plus-fookus-malu-keskendumine\\\/\",\"name\":\"Lion's Mane Plus\u2122 - Fookus, M\u00e4lu, Keskendumine\",\"isPartOf\":{\"@id\":\"https:\\\/\\\/mighti.me\\\/et\\\/#website\"},\"primaryImageOfPage\":{\"@id\":\"https:\\\/\\\/mighti.me\\\/et\\\/toode\\\/lions-mane-plus-fookus-malu-keskendumine\\\/#primaryimage\"},\"image\":{\"@id\":\"https:\\\/\\\/mighti.me\\\/et\\\/toode\\\/lions-mane-plus-fookus-malu-keskendumine\\\/#primaryimage\"},\"thumbnailUrl\":\"https:\\\/\\\/mighti.me\\\/wp-content\\\/uploads\\\/2025\\\/04\\\/LionsManePlus_EST-edited.jpg\",\"datePublished\":\"2025-04-09T20:21:15+00:00\",\"dateModified\":\"2026-05-12T13:48:04+00:00\",\"description\":\"90 kapslit Lion's Mane (hericium erinaceus) topeltekstrakti, mis on kombineeritud hoolikalt valitud ja p\u00f5hjalikult uuritud vitamiinidega, mis suurendavad Lion's Mane'i keskendumist parandavat toimet, muutes selle v\u00f5imsamaks kui kunagi varem\",\"breadcrumb\":{\"@id\":\"https:\\\/\\\/mighti.me\\\/et\\\/toode\\\/lions-mane-plus-fookus-malu-keskendumine\\\/#breadcrumb\"},\"inLanguage\":\"et\",\"potentialAction\":[{\"@type\":\"ReadAction\",\"target\":[\"https:\\\/\\\/mighti.me\\\/et\\\/toode\\\/lions-mane-plus-fookus-malu-keskendumine\\\/\"]}]},{\"@type\":\"ImageObject\",\"inLanguage\":\"et\",\"@id\":\"https:\\\/\\\/mighti.me\\\/et\\\/toode\\\/lions-mane-plus-fookus-malu-keskendumine\\\/#primaryimage\",\"url\":\"https:\\\/\\\/mighti.me\\\/wp-content\\\/uploads\\\/2025\\\/04\\\/LionsManePlus_EST-edited.jpg\",\"contentUrl\":\"https:\\\/\\\/mighti.me\\\/wp-content\\\/uploads\\\/2025\\\/04\\\/LionsManePlus_EST-edited.jpg\",\"width\":1600,\"height\":1600},{\"@type\":\"BreadcrumbList\",\"@id\":\"https:\\\/\\\/mighti.me\\\/et\\\/toode\\\/lions-mane-plus-fookus-malu-keskendumine\\\/#breadcrumb\",\"itemListElement\":[{\"@type\":\"ListItem\",\"position\":1,\"name\":\"Home\",\"item\":\"https:\\\/\\\/mighti.me\\\/et\\\/\"},{\"@type\":\"ListItem\",\"position\":2,\"name\":\"Pood\",\"item\":\"https:\\\/\\\/mighti.me\\\/et\\\/pood\\\/\"},{\"@type\":\"ListItem\",\"position\":3,\"name\":\"Lion&#8217;s Mane Plus\u2122 &#8211; Fookus, M\u00e4lu, Keskendumine\"}]},{\"@type\":\"WebSite\",\"@id\":\"https:\\\/\\\/mighti.me\\\/et\\\/#website\",\"url\":\"https:\\\/\\\/mighti.me\\\/et\\\/\",\"name\":\"Mighti\",\"description\":\"\",\"publisher\":{\"@id\":\"https:\\\/\\\/mighti.me\\\/et\\\/#organization\"},\"potentialAction\":[{\"@type\":\"SearchAction\",\"target\":{\"@type\":\"EntryPoint\",\"urlTemplate\":\"https:\\\/\\\/mighti.me\\\/et\\\/?s={search_term_string}\"},\"query-input\":{\"@type\":\"PropertyValueSpecification\",\"valueRequired\":true,\"valueName\":\"search_term_string\"}}],\"inLanguage\":\"et\"},{\"@type\":\"Organization\",\"@id\":\"https:\\\/\\\/mighti.me\\\/et\\\/#organization\",\"name\":\"Mighti\",\"url\":\"https:\\\/\\\/mighti.me\\\/et\\\/\",\"logo\":{\"@type\":\"ImageObject\",\"inLanguage\":\"et\",\"@id\":\"https:\\\/\\\/mighti.me\\\/et\\\/#\\\/schema\\\/logo\\\/image\\\/\",\"url\":\"https:\\\/\\\/mighti.me\\\/wp-content\\\/uploads\\\/2025\\\/01\\\/Group-1.svg\",\"contentUrl\":\"https:\\\/\\\/mighti.me\\\/wp-content\\\/uploads\\\/2025\\\/01\\\/Group-1.svg\",\"caption\":\"Mighti\"},\"image\":{\"@id\":\"https:\\\/\\\/mighti.me\\\/et\\\/#\\\/schema\\\/logo\\\/image\\\/\"}}]}<\/script>\n<!-- \/ Yoast SEO plugin. -->","yoast_head_json":{"title":"Lion's Mane Plus\u2122 - Fookus, M\u00e4lu, Keskendumine","description":"90 kapslit Lion's Mane (hericium erinaceus) topeltekstrakti, mis on kombineeritud hoolikalt valitud ja p\u00f5hjalikult uuritud vitamiinidega, mis suurendavad Lion's Mane'i keskendumist parandavat toimet, muutes selle v\u00f5imsamaks kui kunagi varem","robots":{"index":"index","follow":"follow","max-snippet":"max-snippet:-1","max-image-preview":"max-image-preview:large","max-video-preview":"max-video-preview:-1"},"canonical":"https:\/\/mighti.me\/et\/toode\/lions-mane-plus-fookus-malu-keskendumine\/","og_locale":"et_EE","og_type":"article","og_title":"Lion's Mane Plus\u2122 - Fookus, M\u00e4lu, Keskendumine","og_description":"90 kapslit Lion's Mane (hericium erinaceus) topeltekstrakti, mis on kombineeritud hoolikalt valitud ja p\u00f5hjalikult uuritud vitamiinidega, mis suurendavad Lion's Mane'i keskendumist parandavat toimet, muutes selle v\u00f5imsamaks kui kunagi varem","og_url":"https:\/\/mighti.me\/et\/toode\/lions-mane-plus-fookus-malu-keskendumine\/","og_site_name":"Mighti","article_modified_time":"2026-05-12T13:48:04+00:00","og_image":[{"width":1600,"height":1600,"url":"https:\/\/mighti.me\/wp-content\/uploads\/2025\/04\/LionsManePlus_EST-edited.jpg","type":"image\/jpeg"}],"twitter_card":"summary_large_image","twitter_misc":{"Est. reading time":"1 minut"},"schema":{"@context":"https:\/\/schema.org","@graph":[{"@type":"WebPage","@id":"https:\/\/mighti.me\/et\/toode\/lions-mane-plus-fookus-malu-keskendumine\/","url":"https:\/\/mighti.me\/et\/toode\/lions-mane-plus-fookus-malu-keskendumine\/","name":"Lion's Mane Plus\u2122 - Fookus, M\u00e4lu, Keskendumine","isPartOf":{"@id":"https:\/\/mighti.me\/et\/#website"},"primaryImageOfPage":{"@id":"https:\/\/mighti.me\/et\/toode\/lions-mane-plus-fookus-malu-keskendumine\/#primaryimage"},"image":{"@id":"https:\/\/mighti.me\/et\/toode\/lions-mane-plus-fookus-malu-keskendumine\/#primaryimage"},"thumbnailUrl":"https:\/\/mighti.me\/wp-content\/uploads\/2025\/04\/LionsManePlus_EST-edited.jpg","datePublished":"2025-04-09T20:21:15+00:00","dateModified":"2026-05-12T13:48:04+00:00","description":"90 kapslit Lion's Mane (hericium erinaceus) topeltekstrakti, mis on kombineeritud hoolikalt valitud ja p\u00f5hjalikult uuritud vitamiinidega, mis suurendavad Lion's Mane'i keskendumist parandavat toimet, muutes selle v\u00f5imsamaks kui kunagi varem","breadcrumb":{"@id":"https:\/\/mighti.me\/et\/toode\/lions-mane-plus-fookus-malu-keskendumine\/#breadcrumb"},"inLanguage":"et","potentialAction":[{"@type":"ReadAction","target":["https:\/\/mighti.me\/et\/toode\/lions-mane-plus-fookus-malu-keskendumine\/"]}]},{"@type":"ImageObject","inLanguage":"et","@id":"https:\/\/mighti.me\/et\/toode\/lions-mane-plus-fookus-malu-keskendumine\/#primaryimage","url":"https:\/\/mighti.me\/wp-content\/uploads\/2025\/04\/LionsManePlus_EST-edited.jpg","contentUrl":"https:\/\/mighti.me\/wp-content\/uploads\/2025\/04\/LionsManePlus_EST-edited.jpg","width":1600,"height":1600},{"@type":"BreadcrumbList","@id":"https:\/\/mighti.me\/et\/toode\/lions-mane-plus-fookus-malu-keskendumine\/#breadcrumb","itemListElement":[{"@type":"ListItem","position":1,"name":"Home","item":"https:\/\/mighti.me\/et\/"},{"@type":"ListItem","position":2,"name":"Pood","item":"https:\/\/mighti.me\/et\/pood\/"},{"@type":"ListItem","position":3,"name":"Lion&#8217;s Mane Plus\u2122 &#8211; Fookus, M\u00e4lu, Keskendumine"}]},{"@type":"WebSite","@id":"https:\/\/mighti.me\/et\/#website","url":"https:\/\/mighti.me\/et\/","name":"Mighti","description":"","publisher":{"@id":"https:\/\/mighti.me\/et\/#organization"},"potentialAction":[{"@type":"SearchAction","target":{"@type":"EntryPoint","urlTemplate":"https:\/\/mighti.me\/et\/?s={search_term_string}"},"query-input":{"@type":"PropertyValueSpecification","valueRequired":true,"valueName":"search_term_string"}}],"inLanguage":"et"},{"@type":"Organization","@id":"https:\/\/mighti.me\/et\/#organization","name":"Mighti","url":"https:\/\/mighti.me\/et\/","logo":{"@type":"ImageObject","inLanguage":"et","@id":"https:\/\/mighti.me\/et\/#\/schema\/logo\/image\/","url":"https:\/\/mighti.me\/wp-content\/uploads\/2025\/01\/Group-1.svg","contentUrl":"https:\/\/mighti.me\/wp-content\/uploads\/2025\/01\/Group-1.svg","caption":"Mighti"},"image":{"@id":"https:\/\/mighti.me\/et\/#\/schema\/logo\/image\/"}}]}},"jetpack_sharing_enabled":true,"_links":{"self":[{"href":"https:\/\/mighti.me\/et\/wp-json\/wp\/v2\/product\/1892","targetHints":{"allow":["GET"]}}],"collection":[{"href":"https:\/\/mighti.me\/et\/wp-json\/wp\/v2\/product"}],"about":[{"href":"https:\/\/mighti.me\/et\/wp-json\/wp\/v2\/types\/product"}],"replies":[{"embeddable":true,"href":"https:\/\/mighti.me\/et\/wp-json\/wp\/v2\/comments?post=1892"}],"wp:featuredmedia":[{"embeddable":true,"href":"https:\/\/mighti.me\/et\/wp-json\/wp\/v2\/media\/3034"}],"wp:attachment":[{"href":"https:\/\/mighti.me\/et\/wp-json\/wp\/v2\/media?parent=1892"}],"wp:term":[{"taxonomy":"product_brand","embeddable":true,"href":"https:\/\/mighti.me\/et\/wp-json\/wp\/v2\/product_brand?post=1892"},{"taxonomy":"product_cat","embeddable":true,"href":"https:\/\/mighti.me\/et\/wp-json\/wp\/v2\/product_cat?post=1892"},{"taxonomy":"product_tag","embeddable":true,"href":"https:\/\/mighti.me\/et\/wp-json\/wp\/v2\/product_tag?post=1892"}],"curies":[{"name":"wp","href":"https:\/\/api.w.org\/{rel}","templated":true}]}}