{"id":1893,"date":"2025-04-09T23:21:55","date_gmt":"2025-04-09T20:21:55","guid":{"rendered":"https:\/\/mighti.me\/?post_type=product&#038;p=1893"},"modified":"2026-03-02T23:11:47","modified_gmt":"2026-03-02T21:11:47","slug":"korditseps-pluss-energia-elujoud-motivatsioon","status":"publish","type":"product","link":"https:\/\/mighti.me\/et\/toode\/korditseps-pluss-energia-elujoud-motivatsioon\/","title":{"rendered":"Korditseps Plus\u2122"},"content":{"rendered":"","protected":false},"excerpt":{"rendered":"<p class=\"\" data-start=\"0\" data-end=\"55\"><strong data-start=\"0\" data-end=\"53\">Mighti Cordyceps+ \u2013 puhas energia ja vastupidavus<\/strong><\/p>\n<p class=\"\" data-start=\"57\" data-end=\"389\">Mighti Cordyceps+ \u00fchendab meie tugeva Cordycepsi ekstrakti teaduslikult uuritud ja hoolikalt valitud vitamiinidega, mis toetavad selle energiat andvaid ja vastupidavust toetavaid omadusi. Tulemuseks on veelgi t\u00f5husam looduslik turgutus, mis v\u00f5ib aidata sul liikuda rohkem, treenida vastupidavamalt ja p\u00fcsida energilisena kogu p\u00e4eva jooksul.<\/p>\n","protected":false},"featured_media":3040,"comment_status":"open","ping_status":"closed","template":"","meta":{"_acf_changed":false},"product_brand":[],"product_cat":[96],"product_tag":[143],"class_list":{"0":"post-1893","1":"product","2":"type-product","3":"status-publish","4":"has-post-thumbnail","6":"product_cat-korditseps","7":"product_tag-pakkumine-23","8":"functionality-atp-tootmine","9":"functionality-energia","10":"functionality-libido-tostmiseks","11":"prod_types-plus-seeria","13":"first","14":"instock","15":"sale","16":"taxable","17":"shipping-taxable","18":"purchasable","19":"product-type-simple"},"acf":[],"yoast_head":"<!-- This site is optimized with the Yoast SEO plugin v27.5 - https:\/\/yoast.com\/product\/yoast-seo-wordpress\/ -->\n<title>Korditseps Plus\u2122<\/title>\n<meta name=\"description\" content=\"90 kapslit Korditsepsi (cordyceps sinensis) topeltekstrakti, mis on kombineeritud hoolikalt valitud ja p\u00f5hjalikult uuritud vitamiinidega, mis suurendavad Korditsepsi energiataset t\u00f5stvat toimet, muutes selle v\u00f5imsamaks kui kunagi varem.\" \/>\n<meta name=\"robots\" content=\"index, follow, max-snippet:-1, max-image-preview:large, max-video-preview:-1\" \/>\n<link rel=\"canonical\" href=\"https:\/\/mighti.me\/et\/toode\/korditseps-pluss-energia-elujoud-motivatsioon\/\" \/>\n<meta property=\"og:locale\" content=\"et_EE\" \/>\n<meta property=\"og:type\" content=\"article\" \/>\n<meta property=\"og:title\" content=\"Korditseps Plus\u2122\" \/>\n<meta property=\"og:description\" content=\"90 kapslit Korditsepsi (cordyceps sinensis) topeltekstrakti, mis on kombineeritud hoolikalt valitud ja p\u00f5hjalikult uuritud vitamiinidega, mis suurendavad Korditsepsi energiataset t\u00f5stvat toimet, muutes selle v\u00f5imsamaks kui kunagi varem.\" \/>\n<meta property=\"og:url\" content=\"https:\/\/mighti.me\/et\/toode\/korditseps-pluss-energia-elujoud-motivatsioon\/\" \/>\n<meta property=\"og:site_name\" content=\"Mighti\" \/>\n<meta property=\"article:modified_time\" content=\"2026-03-02T21:11:47+00:00\" \/>\n<meta property=\"og:image\" content=\"https:\/\/mighti.me\/wp-content\/uploads\/2025\/04\/KorditsepsPlus_EST-edited.jpg\" \/>\n\t<meta property=\"og:image:width\" content=\"1600\" \/>\n\t<meta property=\"og:image:height\" content=\"1600\" \/>\n\t<meta property=\"og:image:type\" content=\"image\/jpeg\" \/>\n<meta name=\"twitter:card\" content=\"summary_large_image\" \/>\n<meta name=\"twitter:label1\" content=\"Est. reading time\" \/>\n\t<meta name=\"twitter:data1\" content=\"1 minut\" \/>\n<script type=\"application\/ld+json\" class=\"yoast-schema-graph\">{\"@context\":\"https:\\\/\\\/schema.org\",\"@graph\":[{\"@type\":\"WebPage\",\"@id\":\"https:\\\/\\\/mighti.me\\\/et\\\/toode\\\/korditseps-pluss-energia-elujoud-motivatsioon\\\/\",\"url\":\"https:\\\/\\\/mighti.me\\\/et\\\/toode\\\/korditseps-pluss-energia-elujoud-motivatsioon\\\/\",\"name\":\"Korditseps Plus\u2122\",\"isPartOf\":{\"@id\":\"https:\\\/\\\/mighti.me\\\/et\\\/#website\"},\"primaryImageOfPage\":{\"@id\":\"https:\\\/\\\/mighti.me\\\/et\\\/toode\\\/korditseps-pluss-energia-elujoud-motivatsioon\\\/#primaryimage\"},\"image\":{\"@id\":\"https:\\\/\\\/mighti.me\\\/et\\\/toode\\\/korditseps-pluss-energia-elujoud-motivatsioon\\\/#primaryimage\"},\"thumbnailUrl\":\"https:\\\/\\\/mighti.me\\\/wp-content\\\/uploads\\\/2025\\\/04\\\/KorditsepsPlus_EST-edited.jpg\",\"datePublished\":\"2025-04-09T20:21:55+00:00\",\"dateModified\":\"2026-03-02T21:11:47+00:00\",\"description\":\"90 kapslit Korditsepsi (cordyceps sinensis) topeltekstrakti, mis on kombineeritud hoolikalt valitud ja p\u00f5hjalikult uuritud vitamiinidega, mis suurendavad Korditsepsi energiataset t\u00f5stvat toimet, muutes selle v\u00f5imsamaks kui kunagi varem.\",\"breadcrumb\":{\"@id\":\"https:\\\/\\\/mighti.me\\\/et\\\/toode\\\/korditseps-pluss-energia-elujoud-motivatsioon\\\/#breadcrumb\"},\"inLanguage\":\"et\",\"potentialAction\":[{\"@type\":\"ReadAction\",\"target\":[\"https:\\\/\\\/mighti.me\\\/et\\\/toode\\\/korditseps-pluss-energia-elujoud-motivatsioon\\\/\"]}]},{\"@type\":\"ImageObject\",\"inLanguage\":\"et\",\"@id\":\"https:\\\/\\\/mighti.me\\\/et\\\/toode\\\/korditseps-pluss-energia-elujoud-motivatsioon\\\/#primaryimage\",\"url\":\"https:\\\/\\\/mighti.me\\\/wp-content\\\/uploads\\\/2025\\\/04\\\/KorditsepsPlus_EST-edited.jpg\",\"contentUrl\":\"https:\\\/\\\/mighti.me\\\/wp-content\\\/uploads\\\/2025\\\/04\\\/KorditsepsPlus_EST-edited.jpg\",\"width\":1600,\"height\":1600},{\"@type\":\"BreadcrumbList\",\"@id\":\"https:\\\/\\\/mighti.me\\\/et\\\/toode\\\/korditseps-pluss-energia-elujoud-motivatsioon\\\/#breadcrumb\",\"itemListElement\":[{\"@type\":\"ListItem\",\"position\":1,\"name\":\"Home\",\"item\":\"https:\\\/\\\/mighti.me\\\/et\\\/\"},{\"@type\":\"ListItem\",\"position\":2,\"name\":\"Pood\",\"item\":\"https:\\\/\\\/mighti.me\\\/et\\\/pood\\\/\"},{\"@type\":\"ListItem\",\"position\":3,\"name\":\"Korditseps Plus\u2122\"}]},{\"@type\":\"WebSite\",\"@id\":\"https:\\\/\\\/mighti.me\\\/et\\\/#website\",\"url\":\"https:\\\/\\\/mighti.me\\\/et\\\/\",\"name\":\"Mighti\",\"description\":\"\",\"publisher\":{\"@id\":\"https:\\\/\\\/mighti.me\\\/et\\\/#organization\"},\"potentialAction\":[{\"@type\":\"SearchAction\",\"target\":{\"@type\":\"EntryPoint\",\"urlTemplate\":\"https:\\\/\\\/mighti.me\\\/et\\\/?s={search_term_string}\"},\"query-input\":{\"@type\":\"PropertyValueSpecification\",\"valueRequired\":true,\"valueName\":\"search_term_string\"}}],\"inLanguage\":\"et\"},{\"@type\":\"Organization\",\"@id\":\"https:\\\/\\\/mighti.me\\\/et\\\/#organization\",\"name\":\"Mighti\",\"url\":\"https:\\\/\\\/mighti.me\\\/et\\\/\",\"logo\":{\"@type\":\"ImageObject\",\"inLanguage\":\"et\",\"@id\":\"https:\\\/\\\/mighti.me\\\/et\\\/#\\\/schema\\\/logo\\\/image\\\/\",\"url\":\"https:\\\/\\\/mighti.me\\\/wp-content\\\/uploads\\\/2025\\\/01\\\/Group-1.svg\",\"contentUrl\":\"https:\\\/\\\/mighti.me\\\/wp-content\\\/uploads\\\/2025\\\/01\\\/Group-1.svg\",\"caption\":\"Mighti\"},\"image\":{\"@id\":\"https:\\\/\\\/mighti.me\\\/et\\\/#\\\/schema\\\/logo\\\/image\\\/\"}}]}<\/script>\n<!-- \/ Yoast SEO plugin. -->","yoast_head_json":{"title":"Korditseps Plus\u2122","description":"90 kapslit Korditsepsi (cordyceps sinensis) topeltekstrakti, mis on kombineeritud hoolikalt valitud ja p\u00f5hjalikult uuritud vitamiinidega, mis suurendavad Korditsepsi energiataset t\u00f5stvat toimet, muutes selle v\u00f5imsamaks kui kunagi varem.","robots":{"index":"index","follow":"follow","max-snippet":"max-snippet:-1","max-image-preview":"max-image-preview:large","max-video-preview":"max-video-preview:-1"},"canonical":"https:\/\/mighti.me\/et\/toode\/korditseps-pluss-energia-elujoud-motivatsioon\/","og_locale":"et_EE","og_type":"article","og_title":"Korditseps Plus\u2122","og_description":"90 kapslit Korditsepsi (cordyceps sinensis) topeltekstrakti, mis on kombineeritud hoolikalt valitud ja p\u00f5hjalikult uuritud vitamiinidega, mis suurendavad Korditsepsi energiataset t\u00f5stvat toimet, muutes selle v\u00f5imsamaks kui kunagi varem.","og_url":"https:\/\/mighti.me\/et\/toode\/korditseps-pluss-energia-elujoud-motivatsioon\/","og_site_name":"Mighti","article_modified_time":"2026-03-02T21:11:47+00:00","og_image":[{"width":1600,"height":1600,"url":"https:\/\/mighti.me\/wp-content\/uploads\/2025\/04\/KorditsepsPlus_EST-edited.jpg","type":"image\/jpeg"}],"twitter_card":"summary_large_image","twitter_misc":{"Est. reading time":"1 minut"},"schema":{"@context":"https:\/\/schema.org","@graph":[{"@type":"WebPage","@id":"https:\/\/mighti.me\/et\/toode\/korditseps-pluss-energia-elujoud-motivatsioon\/","url":"https:\/\/mighti.me\/et\/toode\/korditseps-pluss-energia-elujoud-motivatsioon\/","name":"Korditseps Plus\u2122","isPartOf":{"@id":"https:\/\/mighti.me\/et\/#website"},"primaryImageOfPage":{"@id":"https:\/\/mighti.me\/et\/toode\/korditseps-pluss-energia-elujoud-motivatsioon\/#primaryimage"},"image":{"@id":"https:\/\/mighti.me\/et\/toode\/korditseps-pluss-energia-elujoud-motivatsioon\/#primaryimage"},"thumbnailUrl":"https:\/\/mighti.me\/wp-content\/uploads\/2025\/04\/KorditsepsPlus_EST-edited.jpg","datePublished":"2025-04-09T20:21:55+00:00","dateModified":"2026-03-02T21:11:47+00:00","description":"90 kapslit Korditsepsi (cordyceps sinensis) topeltekstrakti, mis on kombineeritud hoolikalt valitud ja p\u00f5hjalikult uuritud vitamiinidega, mis suurendavad Korditsepsi energiataset t\u00f5stvat toimet, muutes selle v\u00f5imsamaks kui kunagi varem.","breadcrumb":{"@id":"https:\/\/mighti.me\/et\/toode\/korditseps-pluss-energia-elujoud-motivatsioon\/#breadcrumb"},"inLanguage":"et","potentialAction":[{"@type":"ReadAction","target":["https:\/\/mighti.me\/et\/toode\/korditseps-pluss-energia-elujoud-motivatsioon\/"]}]},{"@type":"ImageObject","inLanguage":"et","@id":"https:\/\/mighti.me\/et\/toode\/korditseps-pluss-energia-elujoud-motivatsioon\/#primaryimage","url":"https:\/\/mighti.me\/wp-content\/uploads\/2025\/04\/KorditsepsPlus_EST-edited.jpg","contentUrl":"https:\/\/mighti.me\/wp-content\/uploads\/2025\/04\/KorditsepsPlus_EST-edited.jpg","width":1600,"height":1600},{"@type":"BreadcrumbList","@id":"https:\/\/mighti.me\/et\/toode\/korditseps-pluss-energia-elujoud-motivatsioon\/#breadcrumb","itemListElement":[{"@type":"ListItem","position":1,"name":"Home","item":"https:\/\/mighti.me\/et\/"},{"@type":"ListItem","position":2,"name":"Pood","item":"https:\/\/mighti.me\/et\/pood\/"},{"@type":"ListItem","position":3,"name":"Korditseps Plus\u2122"}]},{"@type":"WebSite","@id":"https:\/\/mighti.me\/et\/#website","url":"https:\/\/mighti.me\/et\/","name":"Mighti","description":"","publisher":{"@id":"https:\/\/mighti.me\/et\/#organization"},"potentialAction":[{"@type":"SearchAction","target":{"@type":"EntryPoint","urlTemplate":"https:\/\/mighti.me\/et\/?s={search_term_string}"},"query-input":{"@type":"PropertyValueSpecification","valueRequired":true,"valueName":"search_term_string"}}],"inLanguage":"et"},{"@type":"Organization","@id":"https:\/\/mighti.me\/et\/#organization","name":"Mighti","url":"https:\/\/mighti.me\/et\/","logo":{"@type":"ImageObject","inLanguage":"et","@id":"https:\/\/mighti.me\/et\/#\/schema\/logo\/image\/","url":"https:\/\/mighti.me\/wp-content\/uploads\/2025\/01\/Group-1.svg","contentUrl":"https:\/\/mighti.me\/wp-content\/uploads\/2025\/01\/Group-1.svg","caption":"Mighti"},"image":{"@id":"https:\/\/mighti.me\/et\/#\/schema\/logo\/image\/"}}]}},"jetpack_sharing_enabled":true,"_links":{"self":[{"href":"https:\/\/mighti.me\/et\/wp-json\/wp\/v2\/product\/1893","targetHints":{"allow":["GET"]}}],"collection":[{"href":"https:\/\/mighti.me\/et\/wp-json\/wp\/v2\/product"}],"about":[{"href":"https:\/\/mighti.me\/et\/wp-json\/wp\/v2\/types\/product"}],"replies":[{"embeddable":true,"href":"https:\/\/mighti.me\/et\/wp-json\/wp\/v2\/comments?post=1893"}],"wp:featuredmedia":[{"embeddable":true,"href":"https:\/\/mighti.me\/et\/wp-json\/wp\/v2\/media\/3040"}],"wp:attachment":[{"href":"https:\/\/mighti.me\/et\/wp-json\/wp\/v2\/media?parent=1893"}],"wp:term":[{"taxonomy":"product_brand","embeddable":true,"href":"https:\/\/mighti.me\/et\/wp-json\/wp\/v2\/product_brand?post=1893"},{"taxonomy":"product_cat","embeddable":true,"href":"https:\/\/mighti.me\/et\/wp-json\/wp\/v2\/product_cat?post=1893"},{"taxonomy":"product_tag","embeddable":true,"href":"https:\/\/mighti.me\/et\/wp-json\/wp\/v2\/product_tag?post=1893"}],"curies":[{"name":"wp","href":"https:\/\/api.w.org\/{rel}","templated":true}]}}