{"id":1899,"date":"2025-04-09T23:51:01","date_gmt":"2025-04-09T20:51:01","guid":{"rendered":"https:\/\/mighti.me\/?post_type=product&#038;p=1899"},"modified":"2026-03-23T10:25:01","modified_gmt":"2026-03-23T08:25:01","slug":"korditsepsi-ja-lions-manei-kombo","status":"publish","type":"product","link":"https:\/\/mighti.me\/et\/toode\/korditsepsi-ja-lions-manei-kombo\/","title":{"rendered":"Korditsepsi ja Lion&#8217;s Mane&#8217;i kombo"},"content":{"rendered":"<div class=\"product-single__description rte\">\n<p>90% Seente V\u00e4e klientidest valivad k\u00f5igepealt tellida endale kas Lion&#8217;s Mane&#8217;i v\u00f5i Korditsepsi ekstrakti. Seej\u00e4rel hakkavad nad ka teisi seeni katsetama. 2 aasta jooksul on selgunud \u00fcks vaieldamatu v\u00f5itja &#8211; Korditseps koos Lion&#8217;s Mane&#8217;iga. T\u00e4naseks on see meie enda ja sadade Seente V\u00e4e f\u00e4nnide lemmik.<\/p>\n<p>Miks?<\/p>\n<p><strong>Lion&#8217;s Mane:<\/strong><\/p>\n<\/div>\n<div class=\"product-single__description rte\">\n<ul>\n<li><b>Toetab m\u00e4lu ja keskendumisv\u00f5imet<\/b><\/li>\n<li><b>Toetab \u00f5piv\u00f5imet ja teeb uue info omastamise lihtsamaks<\/b><\/li>\n<li><b>Toetab aju pika-ajalist tervist<\/b><\/li>\n<\/ul>\n<\/div>\n<div class=\"product-single__description rte\">\n<p><strong>Korditseps:<\/strong><\/p>\n<ul>\n<li><b>On meie ekstraktidest k\u00f5ige tuntavama m\u00f5juga<\/b><\/li>\n<li><b>Toetab tuntavalt igap\u00e4evast energiataset<\/b><\/li>\n<li><b>Toetab f\u00fc\u00fcsilist aktiivsust<\/b><\/li>\n<li><b>Toetab loomulikku motivatsioonitaset<\/b><\/li>\n<\/ul>\n<p>V\u00f5rdluseks v\u00f5iks \u00f6elda: Kui Lion\u2019s Mane toob m\u00f5tteselgust, mis aitab oma eesm\u00e4rgid ja prioriteedid paika seada, siis Korditseps on toores lisaj\u00f5ud, mis v\u00f5imaldab need eesm\u00e4rgid ellu viia.<\/p>\n<p>Lisaks on hiljutistes uurimustes leitud, et Korditsepsil on sarnased n\u00e4rvikasvufaktorit\u00a0 t\u00f5stvad (NGF), ajule kasulikud omadused, mis Lion&#8217;s Mane&#8217;il.\u00a0<strong>See t\u00e4hendab, et Korditseps t\u00f5stab Lion&#8217;s Mane&#8217;i effektiivsust.<\/strong><\/p>\n<p><strong>Kokkuv\u00f5ttes: Parem \u00f5piv\u00f5ime ja keskendumine ning hulga rohkem energiat mida heasse kohta suunata!<\/strong><\/p>\n<p>Maailmaklassi kvaliteet &#8211; meie ekstraktid sisaldadavad efektiivses koguses koguses nii energiataset t\u00f5stvaid, ajule kasulikke kui ka immuuns\u00fcsteemi toetavaid toimeaineid. Mighti valikus on maailma k\u00f5ige p\u00f5hjalikumalt testitud ja kontrollitud ekstraktid. See on oluline, sest toidulisandite turul on kvaliteet v\u00e4ga k\u00f5ikuv. Teaduslikes uurimust\u00f6\u00f6des leitud kasutegurid on v\u00f5imalikud ainult v\u00e4ga kvaliteetsete ekstraktide puhul. Kui oled otsustanud toidulisandid oma men\u00fc\u00fcsse v\u00f5tta, siis v\u00e4\u00e4rid parimat!<\/p>\n<\/div>\n","protected":false},"excerpt":{"rendered":"<p>90% Seente V\u00e4e klientidest valivad k\u00f5igepealt tellida endale kas Lion&#8217;s Mane&#8217;i v\u00f5i Korditsepsi ekstrakti. Seej\u00e4rel hakkavad nad ka teisi seeni katsetama. 2 aasta jooksul on selgunud \u00fcks vaieldamatu v\u00f5itja &#8211;&#8230;<\/p>\n","protected":false},"featured_media":1900,"comment_status":"open","ping_status":"closed","template":"","meta":{"_acf_changed":false},"product_brand":[],"product_cat":[89],"product_tag":[],"class_list":{"0":"post-1899","1":"product","2":"type-product","3":"status-publish","4":"has-post-thumbnail","6":"product_cat-uncategorized-et","7":"prod_types-kombod","9":"first","10":"instock","11":"taxable","12":"shipping-taxable","13":"purchasable","14":"product-type-woosb"},"acf":[],"yoast_head":"<!-- This site is optimized with the Yoast SEO plugin v27.5 - https:\/\/yoast.com\/product\/yoast-seo-wordpress\/ -->\n<title>Korditsepsi ja Lion&#039;s Mane&#039;i kombo - Mighti<\/title>\n<meta name=\"robots\" content=\"index, follow, max-snippet:-1, max-image-preview:large, max-video-preview:-1\" \/>\n<link rel=\"canonical\" href=\"https:\/\/mighti.me\/et\/toode\/korditsepsi-ja-lions-manei-kombo\/\" \/>\n<meta property=\"og:locale\" content=\"et_EE\" \/>\n<meta property=\"og:type\" content=\"article\" \/>\n<meta property=\"og:title\" content=\"Korditsepsi ja Lion&#039;s Mane&#039;i kombo - Mighti\" \/>\n<meta property=\"og:description\" content=\"90% Seente V\u00e4e klientidest valivad k\u00f5igepealt tellida endale kas Lion&#8217;s Mane&#8217;i v\u00f5i Korditsepsi ekstrakti. Seej\u00e4rel hakkavad nad ka teisi seeni katsetama. 2 aasta jooksul on selgunud \u00fcks vaieldamatu v\u00f5itja &#8211;...\" \/>\n<meta property=\"og:url\" content=\"https:\/\/mighti.me\/et\/toode\/korditsepsi-ja-lions-manei-kombo\/\" \/>\n<meta property=\"og:site_name\" content=\"Mighti\" \/>\n<meta property=\"article:modified_time\" content=\"2026-03-23T08:25:01+00:00\" \/>\n<meta property=\"og:image\" content=\"https:\/\/mighti.me\/wp-content\/uploads\/2025\/04\/4.png\" \/>\n\t<meta property=\"og:image:width\" content=\"1080\" \/>\n\t<meta property=\"og:image:height\" content=\"1080\" \/>\n\t<meta property=\"og:image:type\" content=\"image\/png\" \/>\n<meta name=\"twitter:card\" content=\"summary_large_image\" \/>\n<meta name=\"twitter:label1\" content=\"Est. reading time\" \/>\n\t<meta name=\"twitter:data1\" content=\"2 minutit\" \/>\n<script type=\"application\/ld+json\" class=\"yoast-schema-graph\">{\"@context\":\"https:\\\/\\\/schema.org\",\"@graph\":[{\"@type\":\"WebPage\",\"@id\":\"https:\\\/\\\/mighti.me\\\/et\\\/toode\\\/korditsepsi-ja-lions-manei-kombo\\\/\",\"url\":\"https:\\\/\\\/mighti.me\\\/et\\\/toode\\\/korditsepsi-ja-lions-manei-kombo\\\/\",\"name\":\"Korditsepsi ja Lion's Mane'i kombo - Mighti\",\"isPartOf\":{\"@id\":\"https:\\\/\\\/mighti.me\\\/et\\\/#website\"},\"primaryImageOfPage\":{\"@id\":\"https:\\\/\\\/mighti.me\\\/et\\\/toode\\\/korditsepsi-ja-lions-manei-kombo\\\/#primaryimage\"},\"image\":{\"@id\":\"https:\\\/\\\/mighti.me\\\/et\\\/toode\\\/korditsepsi-ja-lions-manei-kombo\\\/#primaryimage\"},\"thumbnailUrl\":\"https:\\\/\\\/mighti.me\\\/wp-content\\\/uploads\\\/2025\\\/04\\\/4.png\",\"datePublished\":\"2025-04-09T20:51:01+00:00\",\"dateModified\":\"2026-03-23T08:25:01+00:00\",\"breadcrumb\":{\"@id\":\"https:\\\/\\\/mighti.me\\\/et\\\/toode\\\/korditsepsi-ja-lions-manei-kombo\\\/#breadcrumb\"},\"inLanguage\":\"et\",\"potentialAction\":[{\"@type\":\"ReadAction\",\"target\":[\"https:\\\/\\\/mighti.me\\\/et\\\/toode\\\/korditsepsi-ja-lions-manei-kombo\\\/\"]}]},{\"@type\":\"ImageObject\",\"inLanguage\":\"et\",\"@id\":\"https:\\\/\\\/mighti.me\\\/et\\\/toode\\\/korditsepsi-ja-lions-manei-kombo\\\/#primaryimage\",\"url\":\"https:\\\/\\\/mighti.me\\\/wp-content\\\/uploads\\\/2025\\\/04\\\/4.png\",\"contentUrl\":\"https:\\\/\\\/mighti.me\\\/wp-content\\\/uploads\\\/2025\\\/04\\\/4.png\",\"width\":1080,\"height\":1080},{\"@type\":\"BreadcrumbList\",\"@id\":\"https:\\\/\\\/mighti.me\\\/et\\\/toode\\\/korditsepsi-ja-lions-manei-kombo\\\/#breadcrumb\",\"itemListElement\":[{\"@type\":\"ListItem\",\"position\":1,\"name\":\"Home\",\"item\":\"https:\\\/\\\/mighti.me\\\/et\\\/\"},{\"@type\":\"ListItem\",\"position\":2,\"name\":\"Pood\",\"item\":\"https:\\\/\\\/mighti.me\\\/et\\\/pood\\\/\"},{\"@type\":\"ListItem\",\"position\":3,\"name\":\"Korditsepsi ja Lion&#8217;s Mane&#8217;i kombo\"}]},{\"@type\":\"WebSite\",\"@id\":\"https:\\\/\\\/mighti.me\\\/et\\\/#website\",\"url\":\"https:\\\/\\\/mighti.me\\\/et\\\/\",\"name\":\"Mighti\",\"description\":\"\",\"publisher\":{\"@id\":\"https:\\\/\\\/mighti.me\\\/et\\\/#organization\"},\"potentialAction\":[{\"@type\":\"SearchAction\",\"target\":{\"@type\":\"EntryPoint\",\"urlTemplate\":\"https:\\\/\\\/mighti.me\\\/et\\\/?s={search_term_string}\"},\"query-input\":{\"@type\":\"PropertyValueSpecification\",\"valueRequired\":true,\"valueName\":\"search_term_string\"}}],\"inLanguage\":\"et\"},{\"@type\":\"Organization\",\"@id\":\"https:\\\/\\\/mighti.me\\\/et\\\/#organization\",\"name\":\"Mighti\",\"url\":\"https:\\\/\\\/mighti.me\\\/et\\\/\",\"logo\":{\"@type\":\"ImageObject\",\"inLanguage\":\"et\",\"@id\":\"https:\\\/\\\/mighti.me\\\/et\\\/#\\\/schema\\\/logo\\\/image\\\/\",\"url\":\"https:\\\/\\\/mighti.me\\\/wp-content\\\/uploads\\\/2025\\\/01\\\/Group-1.svg\",\"contentUrl\":\"https:\\\/\\\/mighti.me\\\/wp-content\\\/uploads\\\/2025\\\/01\\\/Group-1.svg\",\"caption\":\"Mighti\"},\"image\":{\"@id\":\"https:\\\/\\\/mighti.me\\\/et\\\/#\\\/schema\\\/logo\\\/image\\\/\"}}]}<\/script>\n<!-- \/ Yoast SEO plugin. -->","yoast_head_json":{"title":"Korditsepsi ja Lion's Mane'i kombo - Mighti","robots":{"index":"index","follow":"follow","max-snippet":"max-snippet:-1","max-image-preview":"max-image-preview:large","max-video-preview":"max-video-preview:-1"},"canonical":"https:\/\/mighti.me\/et\/toode\/korditsepsi-ja-lions-manei-kombo\/","og_locale":"et_EE","og_type":"article","og_title":"Korditsepsi ja Lion's Mane'i kombo - Mighti","og_description":"90% Seente V\u00e4e klientidest valivad k\u00f5igepealt tellida endale kas Lion&#8217;s Mane&#8217;i v\u00f5i Korditsepsi ekstrakti. Seej\u00e4rel hakkavad nad ka teisi seeni katsetama. 2 aasta jooksul on selgunud \u00fcks vaieldamatu v\u00f5itja &#8211;...","og_url":"https:\/\/mighti.me\/et\/toode\/korditsepsi-ja-lions-manei-kombo\/","og_site_name":"Mighti","article_modified_time":"2026-03-23T08:25:01+00:00","og_image":[{"width":1080,"height":1080,"url":"https:\/\/mighti.me\/wp-content\/uploads\/2025\/04\/4.png","type":"image\/png"}],"twitter_card":"summary_large_image","twitter_misc":{"Est. reading time":"2 minutit"},"schema":{"@context":"https:\/\/schema.org","@graph":[{"@type":"WebPage","@id":"https:\/\/mighti.me\/et\/toode\/korditsepsi-ja-lions-manei-kombo\/","url":"https:\/\/mighti.me\/et\/toode\/korditsepsi-ja-lions-manei-kombo\/","name":"Korditsepsi ja Lion's Mane'i kombo - Mighti","isPartOf":{"@id":"https:\/\/mighti.me\/et\/#website"},"primaryImageOfPage":{"@id":"https:\/\/mighti.me\/et\/toode\/korditsepsi-ja-lions-manei-kombo\/#primaryimage"},"image":{"@id":"https:\/\/mighti.me\/et\/toode\/korditsepsi-ja-lions-manei-kombo\/#primaryimage"},"thumbnailUrl":"https:\/\/mighti.me\/wp-content\/uploads\/2025\/04\/4.png","datePublished":"2025-04-09T20:51:01+00:00","dateModified":"2026-03-23T08:25:01+00:00","breadcrumb":{"@id":"https:\/\/mighti.me\/et\/toode\/korditsepsi-ja-lions-manei-kombo\/#breadcrumb"},"inLanguage":"et","potentialAction":[{"@type":"ReadAction","target":["https:\/\/mighti.me\/et\/toode\/korditsepsi-ja-lions-manei-kombo\/"]}]},{"@type":"ImageObject","inLanguage":"et","@id":"https:\/\/mighti.me\/et\/toode\/korditsepsi-ja-lions-manei-kombo\/#primaryimage","url":"https:\/\/mighti.me\/wp-content\/uploads\/2025\/04\/4.png","contentUrl":"https:\/\/mighti.me\/wp-content\/uploads\/2025\/04\/4.png","width":1080,"height":1080},{"@type":"BreadcrumbList","@id":"https:\/\/mighti.me\/et\/toode\/korditsepsi-ja-lions-manei-kombo\/#breadcrumb","itemListElement":[{"@type":"ListItem","position":1,"name":"Home","item":"https:\/\/mighti.me\/et\/"},{"@type":"ListItem","position":2,"name":"Pood","item":"https:\/\/mighti.me\/et\/pood\/"},{"@type":"ListItem","position":3,"name":"Korditsepsi ja Lion&#8217;s Mane&#8217;i kombo"}]},{"@type":"WebSite","@id":"https:\/\/mighti.me\/et\/#website","url":"https:\/\/mighti.me\/et\/","name":"Mighti","description":"","publisher":{"@id":"https:\/\/mighti.me\/et\/#organization"},"potentialAction":[{"@type":"SearchAction","target":{"@type":"EntryPoint","urlTemplate":"https:\/\/mighti.me\/et\/?s={search_term_string}"},"query-input":{"@type":"PropertyValueSpecification","valueRequired":true,"valueName":"search_term_string"}}],"inLanguage":"et"},{"@type":"Organization","@id":"https:\/\/mighti.me\/et\/#organization","name":"Mighti","url":"https:\/\/mighti.me\/et\/","logo":{"@type":"ImageObject","inLanguage":"et","@id":"https:\/\/mighti.me\/et\/#\/schema\/logo\/image\/","url":"https:\/\/mighti.me\/wp-content\/uploads\/2025\/01\/Group-1.svg","contentUrl":"https:\/\/mighti.me\/wp-content\/uploads\/2025\/01\/Group-1.svg","caption":"Mighti"},"image":{"@id":"https:\/\/mighti.me\/et\/#\/schema\/logo\/image\/"}}]}},"jetpack_sharing_enabled":true,"_links":{"self":[{"href":"https:\/\/mighti.me\/et\/wp-json\/wp\/v2\/product\/1899","targetHints":{"allow":["GET"]}}],"collection":[{"href":"https:\/\/mighti.me\/et\/wp-json\/wp\/v2\/product"}],"about":[{"href":"https:\/\/mighti.me\/et\/wp-json\/wp\/v2\/types\/product"}],"replies":[{"embeddable":true,"href":"https:\/\/mighti.me\/et\/wp-json\/wp\/v2\/comments?post=1899"}],"wp:featuredmedia":[{"embeddable":true,"href":"https:\/\/mighti.me\/et\/wp-json\/wp\/v2\/media\/1900"}],"wp:attachment":[{"href":"https:\/\/mighti.me\/et\/wp-json\/wp\/v2\/media?parent=1899"}],"wp:term":[{"taxonomy":"product_brand","embeddable":true,"href":"https:\/\/mighti.me\/et\/wp-json\/wp\/v2\/product_brand?post=1899"},{"taxonomy":"product_cat","embeddable":true,"href":"https:\/\/mighti.me\/et\/wp-json\/wp\/v2\/product_cat?post=1899"},{"taxonomy":"product_tag","embeddable":true,"href":"https:\/\/mighti.me\/et\/wp-json\/wp\/v2\/product_tag?post=1899"}],"curies":[{"name":"wp","href":"https:\/\/api.w.org\/{rel}","templated":true}]}}