{"id":1902,"date":"2025-04-09T23:54:33","date_gmt":"2025-04-09T20:54:33","guid":{"rendered":"https:\/\/mighti.me\/?post_type=product&#038;p=1902"},"modified":"2026-04-10T10:32:37","modified_gmt":"2026-04-10T07:32:37","slug":"fookuse-kombo-mighty-focus-korditseps-ja-lions-mane","status":"publish","type":"product","link":"https:\/\/mighti.me\/et\/toode\/fookuse-kombo-mighty-focus-korditseps-ja-lions-mane\/","title":{"rendered":"Fookuse kombo: Mighty Focus, Korditseps ja Lion&#8217;s Mane"},"content":{"rendered":"<p>S\u00e4\u00e4sta \u00fcle 49\u20ac!<\/p>\n<p><strong>Mighty Focus, Korditseps ja Lion&#8217;s Mane\u00a0<\/strong><\/p>\n<p><strong><span style=\"font-weight: 400;\">Mighty Focus:<\/span><\/strong><\/p>\n<ul>\n<li>On k\u00f5ik-\u00fches lahendus inimesele, kes soovib olla mentaalselt tippvormis.<\/li>\n<li>Selles joogis on kombineeritud meie maailmaklassi seeneekstraktid ja <b>k\u00f5ik ajule olulised<\/b> vitamiinid, mineraalid ja aminohapped, et oleksid n\u00fc\u00fcd ja kohe parim versioon endast.<\/li>\n<\/ul>\n<p><strong>Lion&#8217;s Mane:<\/strong><\/p>\n<div class=\"product-single__description rte\">\n<ul>\n<li>Toetab m\u00e4lu t\u00f6\u00f6d ja keskendumisv\u00f5imet<\/li>\n<li>Toetab \u00f5piv\u00f5imet ja teeb uue info omastamise lihtsamaks<\/li>\n<li>Toetab aju pika-ajalist tervist<\/li>\n<\/ul>\n<\/div>\n<div class=\"product-single__description rte\">\n<p><strong>Korditseps:<\/strong><\/p>\n<ul>\n<li>On meie ekstraktidest k\u00f5ige tuntavama m\u00f5juga<\/li>\n<li>Toetab tuntavalt igap\u00e4evast energiataset<\/li>\n<li>Toetab f\u00fc\u00fcsilist aktiivsust<\/li>\n<li>Toetab loomulikku motivatsioonitaset<\/li>\n<\/ul>\n<p><strong>Korditseps ja Lion&#8217;s mane <\/strong>meie p\u00fcsiklientide k\u00f5ige populaarsem combo. See\u00a0on igap\u00e4evane, kauakestev taustaj\u00f5ud, mis parandab sinu \u00f5piv\u00f5imet, keskendumist ja t\u00f5stab energiataset.<\/p>\n<p><strong>Mighty Focus <\/strong>hoia p\u00e4evadeks, kui oled \u00fcksk\u00f5ik mis p\u00f5hjusel tavap\u00e4rasest v\u00e4sinum v\u00f5i vajad kindlasti kohest, tuntavat lisamotivatsiooni ja energialaengut.<\/p>\n<p><strong>Aeg oma uue aasta eesm\u00e4rgid ellu viia!<br \/>\n<\/strong><\/p>\n<\/div>\n","protected":false},"excerpt":{"rendered":"<p>S\u00e4\u00e4sta \u00fcle 49\u20ac! Mighty Focus, Korditseps ja Lion&#8217;s Mane\u00a0 Mighty Focus: On k\u00f5ik-\u00fches lahendus inimesele, kes soovib olla mentaalselt tippvormis. Selles joogis on kombineeritud meie maailmaklassi seeneekstraktid ja k\u00f5ik ajule&#8230;<\/p>\n","protected":false},"featured_media":1903,"comment_status":"open","ping_status":"closed","template":"","meta":{"_acf_changed":false},"product_brand":[],"product_cat":[89],"product_tag":[],"class_list":{"0":"post-1902","1":"product","2":"type-product","3":"status-publish","4":"has-post-thumbnail","6":"product_cat-uncategorized-et","8":"first","9":"instock","10":"taxable","11":"shipping-taxable","12":"purchasable","13":"product-type-woosb"},"acf":[],"yoast_head":"<!-- This site is optimized with the Yoast SEO plugin v27.3 - https:\/\/yoast.com\/product\/yoast-seo-wordpress\/ -->\n<title>Fookuse kombo: Mighty Focus, Korditseps ja Lion&#039;s Mane - Mighti<\/title>\n<meta name=\"robots\" content=\"index, follow, max-snippet:-1, max-image-preview:large, max-video-preview:-1\" \/>\n<link rel=\"canonical\" href=\"https:\/\/mighti.me\/et\/toode\/fookuse-kombo-mighty-focus-korditseps-ja-lions-mane\/\" \/>\n<meta property=\"og:locale\" content=\"et_EE\" \/>\n<meta property=\"og:type\" content=\"article\" \/>\n<meta property=\"og:title\" content=\"Fookuse kombo: Mighty Focus, Korditseps ja Lion&#039;s Mane - Mighti\" \/>\n<meta property=\"og:description\" content=\"S\u00e4\u00e4sta \u00fcle 49\u20ac! Mighty Focus, Korditseps ja Lion&#8217;s Mane\u00a0 Mighty Focus: On k\u00f5ik-\u00fches lahendus inimesele, kes soovib olla mentaalselt tippvormis. Selles joogis on kombineeritud meie maailmaklassi seeneekstraktid ja k\u00f5ik ajule...\" \/>\n<meta property=\"og:url\" content=\"https:\/\/mighti.me\/et\/toode\/fookuse-kombo-mighty-focus-korditseps-ja-lions-mane\/\" \/>\n<meta property=\"og:site_name\" content=\"Mighti\" \/>\n<meta property=\"article:modified_time\" content=\"2026-04-10T07:32:37+00:00\" \/>\n<meta property=\"og:image\" content=\"https:\/\/mighti.me\/wp-content\/uploads\/2025\/04\/2.png\" \/>\n\t<meta property=\"og:image:width\" content=\"1080\" \/>\n\t<meta property=\"og:image:height\" content=\"1080\" \/>\n\t<meta property=\"og:image:type\" content=\"image\/png\" \/>\n<meta name=\"twitter:card\" content=\"summary_large_image\" \/>\n<meta name=\"twitter:label1\" content=\"Est. reading time\" \/>\n\t<meta name=\"twitter:data1\" content=\"1 minut\" \/>\n<script type=\"application\/ld+json\" class=\"yoast-schema-graph\">{\"@context\":\"https:\\\/\\\/schema.org\",\"@graph\":[{\"@type\":\"WebPage\",\"@id\":\"https:\\\/\\\/mighti.me\\\/et\\\/toode\\\/fookuse-kombo-mighty-focus-korditseps-ja-lions-mane\\\/\",\"url\":\"https:\\\/\\\/mighti.me\\\/et\\\/toode\\\/fookuse-kombo-mighty-focus-korditseps-ja-lions-mane\\\/\",\"name\":\"Fookuse kombo: Mighty Focus, Korditseps ja Lion's Mane - Mighti\",\"isPartOf\":{\"@id\":\"https:\\\/\\\/mighti.me\\\/et\\\/#website\"},\"primaryImageOfPage\":{\"@id\":\"https:\\\/\\\/mighti.me\\\/et\\\/toode\\\/fookuse-kombo-mighty-focus-korditseps-ja-lions-mane\\\/#primaryimage\"},\"image\":{\"@id\":\"https:\\\/\\\/mighti.me\\\/et\\\/toode\\\/fookuse-kombo-mighty-focus-korditseps-ja-lions-mane\\\/#primaryimage\"},\"thumbnailUrl\":\"https:\\\/\\\/mighti.me\\\/wp-content\\\/uploads\\\/2025\\\/04\\\/2.png\",\"datePublished\":\"2025-04-09T20:54:33+00:00\",\"dateModified\":\"2026-04-10T07:32:37+00:00\",\"breadcrumb\":{\"@id\":\"https:\\\/\\\/mighti.me\\\/et\\\/toode\\\/fookuse-kombo-mighty-focus-korditseps-ja-lions-mane\\\/#breadcrumb\"},\"inLanguage\":\"et\",\"potentialAction\":[{\"@type\":\"ReadAction\",\"target\":[\"https:\\\/\\\/mighti.me\\\/et\\\/toode\\\/fookuse-kombo-mighty-focus-korditseps-ja-lions-mane\\\/\"]}]},{\"@type\":\"ImageObject\",\"inLanguage\":\"et\",\"@id\":\"https:\\\/\\\/mighti.me\\\/et\\\/toode\\\/fookuse-kombo-mighty-focus-korditseps-ja-lions-mane\\\/#primaryimage\",\"url\":\"https:\\\/\\\/mighti.me\\\/wp-content\\\/uploads\\\/2025\\\/04\\\/2.png\",\"contentUrl\":\"https:\\\/\\\/mighti.me\\\/wp-content\\\/uploads\\\/2025\\\/04\\\/2.png\",\"width\":1080,\"height\":1080},{\"@type\":\"BreadcrumbList\",\"@id\":\"https:\\\/\\\/mighti.me\\\/et\\\/toode\\\/fookuse-kombo-mighty-focus-korditseps-ja-lions-mane\\\/#breadcrumb\",\"itemListElement\":[{\"@type\":\"ListItem\",\"position\":1,\"name\":\"Home\",\"item\":\"https:\\\/\\\/mighti.me\\\/et\\\/\"},{\"@type\":\"ListItem\",\"position\":2,\"name\":\"Pood\",\"item\":\"https:\\\/\\\/mighti.me\\\/et\\\/pood\\\/\"},{\"@type\":\"ListItem\",\"position\":3,\"name\":\"Fookuse kombo: Mighty Focus, Korditseps ja Lion&#8217;s Mane\"}]},{\"@type\":\"WebSite\",\"@id\":\"https:\\\/\\\/mighti.me\\\/et\\\/#website\",\"url\":\"https:\\\/\\\/mighti.me\\\/et\\\/\",\"name\":\"Mighti\",\"description\":\"\",\"publisher\":{\"@id\":\"https:\\\/\\\/mighti.me\\\/et\\\/#organization\"},\"potentialAction\":[{\"@type\":\"SearchAction\",\"target\":{\"@type\":\"EntryPoint\",\"urlTemplate\":\"https:\\\/\\\/mighti.me\\\/et\\\/?s={search_term_string}\"},\"query-input\":{\"@type\":\"PropertyValueSpecification\",\"valueRequired\":true,\"valueName\":\"search_term_string\"}}],\"inLanguage\":\"et\"},{\"@type\":\"Organization\",\"@id\":\"https:\\\/\\\/mighti.me\\\/et\\\/#organization\",\"name\":\"Mighti\",\"url\":\"https:\\\/\\\/mighti.me\\\/et\\\/\",\"logo\":{\"@type\":\"ImageObject\",\"inLanguage\":\"et\",\"@id\":\"https:\\\/\\\/mighti.me\\\/et\\\/#\\\/schema\\\/logo\\\/image\\\/\",\"url\":\"https:\\\/\\\/mighti.me\\\/wp-content\\\/uploads\\\/2025\\\/01\\\/Group-1.svg\",\"contentUrl\":\"https:\\\/\\\/mighti.me\\\/wp-content\\\/uploads\\\/2025\\\/01\\\/Group-1.svg\",\"caption\":\"Mighti\"},\"image\":{\"@id\":\"https:\\\/\\\/mighti.me\\\/et\\\/#\\\/schema\\\/logo\\\/image\\\/\"}}]}<\/script>\n<!-- \/ Yoast SEO plugin. -->","yoast_head_json":{"title":"Fookuse kombo: Mighty Focus, Korditseps ja Lion's Mane - Mighti","robots":{"index":"index","follow":"follow","max-snippet":"max-snippet:-1","max-image-preview":"max-image-preview:large","max-video-preview":"max-video-preview:-1"},"canonical":"https:\/\/mighti.me\/et\/toode\/fookuse-kombo-mighty-focus-korditseps-ja-lions-mane\/","og_locale":"et_EE","og_type":"article","og_title":"Fookuse kombo: Mighty Focus, Korditseps ja Lion's Mane - Mighti","og_description":"S\u00e4\u00e4sta \u00fcle 49\u20ac! Mighty Focus, Korditseps ja Lion&#8217;s Mane\u00a0 Mighty Focus: On k\u00f5ik-\u00fches lahendus inimesele, kes soovib olla mentaalselt tippvormis. Selles joogis on kombineeritud meie maailmaklassi seeneekstraktid ja k\u00f5ik ajule...","og_url":"https:\/\/mighti.me\/et\/toode\/fookuse-kombo-mighty-focus-korditseps-ja-lions-mane\/","og_site_name":"Mighti","article_modified_time":"2026-04-10T07:32:37+00:00","og_image":[{"width":1080,"height":1080,"url":"https:\/\/mighti.me\/wp-content\/uploads\/2025\/04\/2.png","type":"image\/png"}],"twitter_card":"summary_large_image","twitter_misc":{"Est. reading time":"1 minut"},"schema":{"@context":"https:\/\/schema.org","@graph":[{"@type":"WebPage","@id":"https:\/\/mighti.me\/et\/toode\/fookuse-kombo-mighty-focus-korditseps-ja-lions-mane\/","url":"https:\/\/mighti.me\/et\/toode\/fookuse-kombo-mighty-focus-korditseps-ja-lions-mane\/","name":"Fookuse kombo: Mighty Focus, Korditseps ja Lion's Mane - Mighti","isPartOf":{"@id":"https:\/\/mighti.me\/et\/#website"},"primaryImageOfPage":{"@id":"https:\/\/mighti.me\/et\/toode\/fookuse-kombo-mighty-focus-korditseps-ja-lions-mane\/#primaryimage"},"image":{"@id":"https:\/\/mighti.me\/et\/toode\/fookuse-kombo-mighty-focus-korditseps-ja-lions-mane\/#primaryimage"},"thumbnailUrl":"https:\/\/mighti.me\/wp-content\/uploads\/2025\/04\/2.png","datePublished":"2025-04-09T20:54:33+00:00","dateModified":"2026-04-10T07:32:37+00:00","breadcrumb":{"@id":"https:\/\/mighti.me\/et\/toode\/fookuse-kombo-mighty-focus-korditseps-ja-lions-mane\/#breadcrumb"},"inLanguage":"et","potentialAction":[{"@type":"ReadAction","target":["https:\/\/mighti.me\/et\/toode\/fookuse-kombo-mighty-focus-korditseps-ja-lions-mane\/"]}]},{"@type":"ImageObject","inLanguage":"et","@id":"https:\/\/mighti.me\/et\/toode\/fookuse-kombo-mighty-focus-korditseps-ja-lions-mane\/#primaryimage","url":"https:\/\/mighti.me\/wp-content\/uploads\/2025\/04\/2.png","contentUrl":"https:\/\/mighti.me\/wp-content\/uploads\/2025\/04\/2.png","width":1080,"height":1080},{"@type":"BreadcrumbList","@id":"https:\/\/mighti.me\/et\/toode\/fookuse-kombo-mighty-focus-korditseps-ja-lions-mane\/#breadcrumb","itemListElement":[{"@type":"ListItem","position":1,"name":"Home","item":"https:\/\/mighti.me\/et\/"},{"@type":"ListItem","position":2,"name":"Pood","item":"https:\/\/mighti.me\/et\/pood\/"},{"@type":"ListItem","position":3,"name":"Fookuse kombo: Mighty Focus, Korditseps ja Lion&#8217;s Mane"}]},{"@type":"WebSite","@id":"https:\/\/mighti.me\/et\/#website","url":"https:\/\/mighti.me\/et\/","name":"Mighti","description":"","publisher":{"@id":"https:\/\/mighti.me\/et\/#organization"},"potentialAction":[{"@type":"SearchAction","target":{"@type":"EntryPoint","urlTemplate":"https:\/\/mighti.me\/et\/?s={search_term_string}"},"query-input":{"@type":"PropertyValueSpecification","valueRequired":true,"valueName":"search_term_string"}}],"inLanguage":"et"},{"@type":"Organization","@id":"https:\/\/mighti.me\/et\/#organization","name":"Mighti","url":"https:\/\/mighti.me\/et\/","logo":{"@type":"ImageObject","inLanguage":"et","@id":"https:\/\/mighti.me\/et\/#\/schema\/logo\/image\/","url":"https:\/\/mighti.me\/wp-content\/uploads\/2025\/01\/Group-1.svg","contentUrl":"https:\/\/mighti.me\/wp-content\/uploads\/2025\/01\/Group-1.svg","caption":"Mighti"},"image":{"@id":"https:\/\/mighti.me\/et\/#\/schema\/logo\/image\/"}}]}},"jetpack_sharing_enabled":true,"_links":{"self":[{"href":"https:\/\/mighti.me\/et\/wp-json\/wp\/v2\/product\/1902","targetHints":{"allow":["GET"]}}],"collection":[{"href":"https:\/\/mighti.me\/et\/wp-json\/wp\/v2\/product"}],"about":[{"href":"https:\/\/mighti.me\/et\/wp-json\/wp\/v2\/types\/product"}],"replies":[{"embeddable":true,"href":"https:\/\/mighti.me\/et\/wp-json\/wp\/v2\/comments?post=1902"}],"wp:featuredmedia":[{"embeddable":true,"href":"https:\/\/mighti.me\/et\/wp-json\/wp\/v2\/media\/1903"}],"wp:attachment":[{"href":"https:\/\/mighti.me\/et\/wp-json\/wp\/v2\/media?parent=1902"}],"wp:term":[{"taxonomy":"product_brand","embeddable":true,"href":"https:\/\/mighti.me\/et\/wp-json\/wp\/v2\/product_brand?post=1902"},{"taxonomy":"product_cat","embeddable":true,"href":"https:\/\/mighti.me\/et\/wp-json\/wp\/v2\/product_cat?post=1902"},{"taxonomy":"product_tag","embeddable":true,"href":"https:\/\/mighti.me\/et\/wp-json\/wp\/v2\/product_tag?post=1902"}],"curies":[{"name":"wp","href":"https:\/\/api.w.org\/{rel}","templated":true}]}}